{"id":429,"date":"2020-05-13T22:41:04","date_gmt":"2020-05-13T20:41:04","guid":{"rendered":"http:\/\/buecherland-kaspar.de\/?page_id=429"},"modified":"2020-05-13T22:41:05","modified_gmt":"2020-05-13T20:41:05","slug":"elerhetosegeink-kulfoldrol","status":"publish","type":"page","link":"https:\/\/buecherland-kaspar.de\/de\/elerhetosegeink-kulfoldrol\/","title":{"rendered":"El\u00e9rhet\u0151s\u00e9geink k\u00fclf\u00f6ldr\u0151l"},"content":{"rendered":"","protected":false},"excerpt":{"rendered":"","protected":false},"author":2,"featured_media":0,"parent":0,"menu_order":0,"comment_status":"closed","ping_status":"closed","template":"","meta":[],"acf":[],"_links":{"self":[{"href":"https:\/\/buecherland-kaspar.de\/de\/wp-json\/wp\/v2\/pages\/429"}],"collection":[{"href":"https:\/\/buecherland-kaspar.de\/de\/wp-json\/wp\/v2\/pages"}],"about":[{"href":"https:\/\/buecherland-kaspar.de\/de\/wp-json\/wp\/v2\/types\/page"}],"author":[{"embeddable":true,"href":"https:\/\/buecherland-kaspar.de\/de\/wp-json\/wp\/v2\/users\/2"}],"replies":[{"embeddable":true,"href":"https:\/\/buecherland-kaspar.de\/de\/wp-json\/wp\/v2\/comments?post=429"}],"version-history":[{"count":1,"href":"https:\/\/buecherland-kaspar.de\/de\/wp-json\/wp\/v2\/pages\/429\/revisions"}],"predecessor-version":[{"id":430,"href":"https:\/\/buecherland-kaspar.de\/de\/wp-json\/wp\/v2\/pages\/429\/revisions\/430"}],"wp:attachment":[{"href":"https:\/\/buecherland-kaspar.de\/de\/wp-json\/wp\/v2\/media?parent=429"}],"curies":[{"name":"wp","href":"https:\/\/api.w.org\/{rel}","templated":true}]}}