{"id":102,"date":"2020-02-27T15:04:52","date_gmt":"2020-02-27T14:04:52","guid":{"rendered":"http:\/\/buecherland-kaspar.de\/?post_type=product&#038;p=102"},"modified":"2020-04-17T18:42:34","modified_gmt":"2020-04-17T16:42:34","slug":"monopoly","status":"publish","type":"product","link":"https:\/\/buecherland-kaspar.de\/de\/product\/monopoly\/","title":{"rendered":"Monopoly"},"content":{"rendered":"<p>A Monopoly egy k\u00f6nnyen tanulhat\u00f3 t\u00e1rsasj\u00e1t\u00e9k, 2 - 8 j\u00e1t\u00e9kos r\u00e9sz\u00e9re, az \u00e1tlagos j\u00e1t\u00e9kid\u0151 hossz\u00fa, ak\u00e1r 1 - 3 \u00f3ra is lehet. A t\u00e1rsast, a k\u00f6nnyebb tanulhat\u00f3s\u00e1ga miatt, ak\u00e1r m\u00e1r 8 \u00e9ves kort\u00f3l aj\u00e1nljuk kipr\u00f3b\u00e1lni. A j\u00e1t\u00e9kmenet er\u0151sen \u00e9p\u00edt a kollekci\u00f3 gy\u0171jt\u00e9s, a keresked\u00e9s, az aukci\u00f3\/licit, a forgass \u00e9s mozgass \u00e9s a j\u00e1t\u00e9kos kiiktat\u00e1s mechanizmusokra.<\/p>\n<p>A Reflexshop le\u00edr\u00e1sa:<br \/>\nA Monopoly minden bizonnyal az egyik legismertebb \u00e9s legn\u00e9pszer\u0171bb t\u00e1rsasj\u00e1t\u00e9kok egyike. Ha \u00e9rdekel a kereskedelem \u00e9s sz\u00edvesen k\u00f6tsz \u00fcgyleteket, akkor mindenk\u00e9ppen a Te v\u00e1laszt\u00e1sod is! A j\u00e1t\u00e9k tov\u00e1bbra is az \u00fczleti versenyen alapul: megv\u00e1s\u00e1rolhatod kedvenc ingatlanaidat, b\u00e9rleti szedhetsz be, valamint kock\u00e1ztathatsz k\u00fcl\u00f6nb\u00f6z\u0151 \u00fcgyletekben a m\u00e9g nagyobb profit rem\u00e9ny\u00e9ben! Tapasztald meg az \u00fczleti \u00e9let sz\u00e9ps\u00e9geit \u00e9s neh\u00e9zs\u00e9geit a Monopoly t\u00e1rsasj\u00e1t\u00e9kban! A lehet\u0151 legj\u00f6vedelmez\u0151bb ingatlanok megszerz\u00e9s\u00e9hez pedig a j\u00e1t\u00e9kost\u00e1rsaidat is meg kell el\u0151zn\u00f6d!<\/p>\n<p>A k\u00f6zkedvelt Monopoly ez\u00fattal \u00faj csomagol\u00e1sban \u00e9s \u00faj figur\u00e1kkal \u00e9rkezik hozz\u00e1d. A klasszikus figur\u00e1kon k\u00edv\u00fcl, mint a kalap, kutya, haj\u00f3 vagy aut\u00f3 most v\u00e1laszthatsz a pingvin, kacsa, tirannoszaurusz vagy macska k\u00f6z\u00fcl is. \u00c1lmodozz, tervezz, vegy\u00e9l \u00e9s adj el! \u2013 l\u00e9gy Te a leggazdagabb ingatlantulajdonos!<\/p>\n<p>A csomag tartalma:<br \/>\n- j\u00e1t\u00e9kt\u00e1bla<br \/>\n- 8 figura<br \/>\n- 28 ingatlank\u00e1rtya<br \/>\n- 16 es\u00e9lyk\u00e1rtya<br \/>\n- 16 p\u00e9nzt\u00e1r k\u00e1rtya<br \/>\n- p\u00e9nzcsomag a Monopoly sz\u00e1m\u00e1ra<br \/>\n- 32 z\u00f6ld h\u00e1z<br \/>\n- 12 v\u00f6r\u00f6s sz\u00e1lloda<br \/>\n- 2 j\u00e1t\u00e9k kocka<br \/>\n- j\u00e1t\u00e9kszab\u00e1ly<\/p>\n<p>Becs\u00fclt j\u00e1t\u00e9kid\u0151: 60 perc<\/p>\n<p>J\u00e1t\u00e9kosok sz\u00e1ma: 2-6<\/p>\n<p>\u00c9letkor: 8+<\/p>","protected":false},"excerpt":{"rendered":"<p>A Monopoly egy k\u00f6nnyen tanulhat\u00f3 t\u00e1rsasj\u00e1t\u00e9k, 2 - 8 j\u00e1t\u00e9kos r\u00e9sz\u00e9re, az \u00e1tlagos j\u00e1t\u00e9kid\u0151 hossz\u00fa, ak\u00e1r 1 - 3 \u00f3ra is lehet. A t\u00e1rsast, a k\u00f6nnyebb tanulhat\u00f3s\u00e1ga miatt, ak\u00e1r m\u00e1r 8 \u00e9ves kort\u00f3l aj\u00e1nljuk kipr\u00f3b\u00e1lni. A j\u00e1t\u00e9kmenet er\u0151sen \u00e9p\u00edt a kollekci\u00f3 gy\u0171jt\u00e9s, a keresked\u00e9s, az aukci\u00f3\/licit, a forgass \u00e9s mozgass \u00e9s a j\u00e1t\u00e9kos kiiktat\u00e1s mechanizmusokra. [&hellip;]<\/p>","protected":false},"featured_media":103,"template":"","meta":[],"product_cat":[18],"product_tag":[],"acf":[],"_links":{"self":[{"href":"https:\/\/buecherland-kaspar.de\/de\/wp-json\/wp\/v2\/product\/102"}],"collection":[{"href":"https:\/\/buecherland-kaspar.de\/de\/wp-json\/wp\/v2\/product"}],"about":[{"href":"https:\/\/buecherland-kaspar.de\/de\/wp-json\/wp\/v2\/types\/product"}],"wp:featuredmedia":[{"embeddable":true,"href":"https:\/\/buecherland-kaspar.de\/de\/wp-json\/wp\/v2\/media\/103"}],"wp:attachment":[{"href":"https:\/\/buecherland-kaspar.de\/de\/wp-json\/wp\/v2\/media?parent=102"}],"wp:term":[{"taxonomy":"product_cat","embeddable":true,"href":"https:\/\/buecherland-kaspar.de\/de\/wp-json\/wp\/v2\/product_cat?post=102"},{"taxonomy":"product_tag","embeddable":true,"href":"https:\/\/buecherland-kaspar.de\/de\/wp-json\/wp\/v2\/product_tag?post=102"}],"curies":[{"name":"wp","href":"https:\/\/api.w.org\/{rel}","templated":true}]}}