{"id":104,"date":"2020-02-27T15:06:55","date_gmt":"2020-02-27T14:06:55","guid":{"rendered":"http:\/\/buecherland-kaspar.de\/?post_type=product&#038;p=104"},"modified":"2020-04-17T18:42:34","modified_gmt":"2020-04-17T16:42:34","slug":"a-mars-terraformalasa","status":"publish","type":"product","link":"https:\/\/buecherland-kaspar.de\/de\/product\/a-mars-terraformalasa\/","title":{"rendered":"A Mars terraform\u00e1l\u00e1sa"},"content":{"rendered":"<p>A Mars terraform\u00e1l\u00e1sa egy k\u00f6zepesen \u00f6sszetett t\u00e1rsasj\u00e1t\u00e9k, 1 - 5 j\u00e1t\u00e9kos r\u00e9sz\u00e9re, az \u00e1tlagos j\u00e1t\u00e9kid\u0151 hosszabb, ak\u00e1r 2 \u00f3ra is lehet. A j\u00e1t\u00e9kot az \u00c9v J\u00e1t\u00e9k\u00e1nak jel\u00f6lt\u00e9k 2016-ban (BGG), illetve 2016-ban \u00e9s 2017-ben t\u00f6bb, \u00f6sszesen 3 m\u00e1sik jel\u00f6l\u00e9st is kapott. A t\u00e1rsast, a bonyolults\u00e1ga miatt, csak 12 \u00e9ves kort\u00f3l aj\u00e1nljuk kipr\u00f3b\u00e1lni. A j\u00e1t\u00e9kmenet er\u0151sen \u00e9p\u00edt a lapka-elhelyez\u00e9s, a kollekci\u00f3 gy\u0171jt\u00e9s, a v\u00e1ltakoz\u00f3 k\u00e9pess\u00e9gek, a pakli tervez\u00e9s \u00e9s a k\u00e1rtya h\u00faz\u00e1s mechanizmusokra.<\/p>\n<p>A Szellemlovas le\u00edr\u00e1sa:<br \/>\nA Mars terraform\u00e1l\u00e1sa egy k\u00f6zepesen \u00f6sszetett t\u00e1rsasj\u00e1t\u00e9k, 1 - 5 j\u00e1t\u00e9kos r\u00e9sz\u00e9re, az \u00e1tlagos j\u00e1t\u00e9kid\u0151 hosszabb, ak\u00e1r 2 \u00f3ra is lehet. A j\u00e1t\u00e9kot az \u00c9v J\u00e1t\u00e9k\u00e1nak jel\u00f6lt\u00e9k 2016-ban (BGG), illetve 2016-ban \u00e9s 2017-ben t\u00f6bb, \u00f6sszesen 3 m\u00e1sik jel\u00f6l\u00e9st is kapott. A t\u00e1rsast, a bonyolults\u00e1ga miatt, csak 12 \u00e9ves kort\u00f3l aj\u00e1nljuk kipr\u00f3b\u00e1lni. A j\u00e1t\u00e9kmenet er\u0151sen \u00e9p\u00edt a darab elhelyez\u00e9s, a kollekci\u00f3 gy\u0171jt\u00e9s, a v\u00e1ltakoz\u00f3 k\u00e9pess\u00e9gek, a pakli tervez\u00e9s \u00e9s a k\u00e1rtya h\u00faz\u00e1s mechanizmusokra.<\/p>\n<p>A Mars lakhat\u00f3v\u00e1 t\u00e9tele V\u00edz, oxig\u00e9n, \u00e9s a megfelel\u0151 h\u0151m\u00e9rs\u00e9klet...Ez a h\u00e1rom dolog, amire biztos, hogy sz\u00fcks\u00e9g lesz, ha a v\u00f6r\u00f6s bolyg\u00f3n k\u00e9pzelj\u00fck el a j\u00f6v\u0151t. Biztos\u00edtsd ezekb\u0151l Te a legt\u00f6bbet, \u00e9s tedd lakhat\u00f3v\u00e1 a Marsot!<\/p>\n<p>A kezdetek:<br \/>\nLesznek a kezedben k\u00e1rty\u00e1k, amikkel k\u00fcl\u00f6nb\u00f6z\u0151 nyersanyagokra \u00e9s el\u0151ny\u00f6kre tehetsz szert. R\u00e1ad\u00e1sul vannak olyan k\u00e1rty\u00e1k, amiknek az akci\u00f3j\u00e1t t\u00f6bbsz\u00f6r is felhaszn\u00e1lhatod \u2013 n\u00e9h\u00e1ny j\u00f3l megv\u00e1lasztott lap a j\u00e1t\u00e9k v\u00e9g\u00e9ig nagy seg\u00edts\u00e9gedre lesz!<\/p>\n<p>K\u00f6ltsd el a m\u00e1r megszerzett MegaKreditjeid (M\u20ac)! Ez nem hangzik t\u00fal j\u00f3l, igaz? De hidd el, hossz\u00fa t\u00e1von kifizet\u0151d\u0151 lesz, ha a rendelkez\u00e9sedre \u00e1ll\u00f3 M\u20ac-eket h\u0151er\u0151m\u0171vek \u00e9p\u00edt\u00e9s\u00e9be, \u00f3ce\u00e1ni ter\u00fcletek kialak\u00edt\u00e1s\u00e1ba, vagy egy \u00faj v\u00e1ros alap\u00edt\u00e1s\u00e1ba fekteted!<\/p>\n<p>\u00dcltess n\u00f6v\u00e9nyeket! Ezzel k\u00e9t legyet \u00fctsz egy csap\u00e1sra, mert nem csak a Mars felsz\u00edn\u00e9t teszed kellemesebb\u00e9, de az oxig\u00e9nszintet is n\u00f6velni tudod. R\u00e1ad\u00e1sul a nagy metropoliszok lak\u00f3i mindig \u00f6r\u00fclnek a z\u00f6ld fel\u00fcleteknek, \u00edgy ha v\u00e1rosok mell\u00e9 telep\u00edted a n\u00f6v\u00e9nyeid, m\u00e9g plusz pontokat is kaphatsz!<\/p>\n<p>A magabiztos j\u00e1t\u00e9kosok d\u00edjakat is alap\u00edthatnak, \u00e9s ha teljes\u00edtik a felt\u00e9teleket a j\u00e1t\u00e9k v\u00e9g\u00e9n, elnyerhetik az \u00e9rt\u00fck j\u00e1r\u00f3 plusz pontokat.<\/p>\n<p>Csak rajtad m\u00falik, milyen er\u0151forr\u00e1sok termel\u00e9s\u00e9t fejleszted, mire k\u00f6lt\u00f6d a rendelkez\u00e9sedre \u00e1ll\u00f3 nyersanyagot, \u00e9s milyen m\u00e9rf\u00f6ldk\u00f6veket siker\u00fcl majd el\u00e9rned. A lehet\u0151s\u00e9geid sz\u00e1ma v\u00e9gtelen! De vajon az el\u0151rel\u00e1t\u00e1sod \u00e9s strat\u00e9giai \u00e9rz\u00e9ked is megvan hozz\u00e1, hogy a lehet\u0151 legjobb d\u00f6nt\u00e9seket hozd meg?<\/p>","protected":false},"excerpt":{"rendered":"<p>A Mars terraform\u00e1l\u00e1sa egy k\u00f6zepesen \u00f6sszetett t\u00e1rsasj\u00e1t\u00e9k, 1 - 5 j\u00e1t\u00e9kos r\u00e9sz\u00e9re, az \u00e1tlagos j\u00e1t\u00e9kid\u0151 hosszabb, ak\u00e1r 2 \u00f3ra is lehet. A j\u00e1t\u00e9kot az \u00c9v J\u00e1t\u00e9k\u00e1nak jel\u00f6lt\u00e9k 2016-ban (BGG), illetve 2016-ban \u00e9s 2017-ben t\u00f6bb, \u00f6sszesen 3 m\u00e1sik jel\u00f6l\u00e9st is kapott. A t\u00e1rsast, a bonyolults\u00e1ga miatt, csak 12 \u00e9ves kort\u00f3l aj\u00e1nljuk kipr\u00f3b\u00e1lni. A j\u00e1t\u00e9kmenet er\u0151sen \u00e9p\u00edt [&hellip;]<\/p>","protected":false},"featured_media":105,"template":"","meta":[],"product_cat":[18],"product_tag":[],"acf":[],"_links":{"self":[{"href":"https:\/\/buecherland-kaspar.de\/de\/wp-json\/wp\/v2\/product\/104"}],"collection":[{"href":"https:\/\/buecherland-kaspar.de\/de\/wp-json\/wp\/v2\/product"}],"about":[{"href":"https:\/\/buecherland-kaspar.de\/de\/wp-json\/wp\/v2\/types\/product"}],"wp:featuredmedia":[{"embeddable":true,"href":"https:\/\/buecherland-kaspar.de\/de\/wp-json\/wp\/v2\/media\/105"}],"wp:attachment":[{"href":"https:\/\/buecherland-kaspar.de\/de\/wp-json\/wp\/v2\/media?parent=104"}],"wp:term":[{"taxonomy":"product_cat","embeddable":true,"href":"https:\/\/buecherland-kaspar.de\/de\/wp-json\/wp\/v2\/product_cat?post=104"},{"taxonomy":"product_tag","embeddable":true,"href":"https:\/\/buecherland-kaspar.de\/de\/wp-json\/wp\/v2\/product_tag?post=104"}],"curies":[{"name":"wp","href":"https:\/\/api.w.org\/{rel}","templated":true}]}}