{"id":110,"date":"2020-02-27T17:01:16","date_gmt":"2020-02-27T16:01:16","guid":{"rendered":"http:\/\/buecherland-kaspar.de\/?post_type=product&#038;p=110"},"modified":"2020-04-17T18:42:34","modified_gmt":"2020-04-17T16:42:34","slug":"diavetito","status":"publish","type":"product","link":"https:\/\/buecherland-kaspar.de\/de\/product\/diavetito\/","title":{"rendered":"Diavet\u00edt\u0151 diafilmmel \u00e9s katal\u00f3gussal"},"content":{"rendered":"<p>A Super Cool diavet\u00edt\u0151 retr\u00f3 j\u00e1t\u00e9k, futurisztikus megjelen\u00e9ssel! A Super Cool diafilm vet\u00edt\u0151 a k\u00e9pek tov\u00e1bb\u00edt\u00e1s\u00e1t egy l\u00e9ptet\u0151 gomb seg\u00edts\u00e9g\u00e9vel v\u00e9gzi, a lencse f\u00f3kusza \u00e1ll\u00edthat\u00f3, 130 cm-es m\u00e9retre is ki tudja vet\u00edteni a k\u00e9peket. Hossz\u00fa \u00e9lettartam\u00fa LED bizos\u00edtja a sz\u00fcks\u00e9ges f\u00e9nyer\u0151t. Filmtov\u00e1bb\u00edt\u00f3 \u00e9s kiold\u00f3 gombbal rendelkezik. A j\u00e1t\u00e9k 4 db 1,5 V-os D t\u00edpus\u00fa g\u00f3li\u00e1t elemmel illetve h\u00e1l\u00f3zatr\u00f3l adapterrel is m\u0171k\u00f6dtethet\u0151. Biztons\u00e1gos a gyerekek sz\u00e1m\u00e1ra is \u00f6n\u00e1ll\u00f3an is haszn\u00e1lhat\u00f3 ha az adaptert elt\u00e1vol\u00edtva csak az elemr\u0151l m\u0151k\u00f6dtetj\u00fck. Az adapter is tartoz\u00e9ka a j\u00e1t\u00e9knak. A Vuk c\u00edm\u0171 mesefilmet a csomagol\u00e1s tartalmazza. A diavet\u00edt\u00e9ssel nagyszer\u0171en sz\u00f3rakozhat az eg\u00e9sz csal\u00e1d, hiszen a hagyom\u00e1nyos meseolvas\u00e1s v\u00e1ltozatos k\u00e9pi vil\u00e1ggal \u00e9s filmvet\u00edt\u00e9s szertart\u00e1s\u00e1val eg\u00e9sz\u00fcl ki.<\/p>","protected":false},"excerpt":{"rendered":"<p>A Super Cool diavet\u00edt\u0151 retr\u00f3 j\u00e1t\u00e9k, futurisztikus megjelen\u00e9ssel! A Super Cool diafilm vet\u00edt\u0151 a k\u00e9pek tov\u00e1bb\u00edt\u00e1s\u00e1t egy l\u00e9ptet\u0151 gomb seg\u00edts\u00e9g\u00e9vel v\u00e9gzi, a lencse f\u00f3kusza \u00e1ll\u00edthat\u00f3, 130 cm-es m\u00e9retre is ki tudja vet\u00edteni a k\u00e9peket. Hossz\u00fa \u00e9lettartam\u00fa LED bizos\u00edtja a sz\u00fcks\u00e9ges f\u00e9nyer\u0151t. Filmtov\u00e1bb\u00edt\u00f3 \u00e9s kiold\u00f3 gombbal rendelkezik. A j\u00e1t\u00e9k 4 db 1,5 V-os D t\u00edpus\u00fa g\u00f3li\u00e1t [&hellip;]<\/p>","protected":false},"featured_media":111,"template":"","meta":[],"product_cat":[36,15],"product_tag":[],"acf":[],"_links":{"self":[{"href":"https:\/\/buecherland-kaspar.de\/de\/wp-json\/wp\/v2\/product\/110"}],"collection":[{"href":"https:\/\/buecherland-kaspar.de\/de\/wp-json\/wp\/v2\/product"}],"about":[{"href":"https:\/\/buecherland-kaspar.de\/de\/wp-json\/wp\/v2\/types\/product"}],"wp:featuredmedia":[{"embeddable":true,"href":"https:\/\/buecherland-kaspar.de\/de\/wp-json\/wp\/v2\/media\/111"}],"wp:attachment":[{"href":"https:\/\/buecherland-kaspar.de\/de\/wp-json\/wp\/v2\/media?parent=110"}],"wp:term":[{"taxonomy":"product_cat","embeddable":true,"href":"https:\/\/buecherland-kaspar.de\/de\/wp-json\/wp\/v2\/product_cat?post=110"},{"taxonomy":"product_tag","embeddable":true,"href":"https:\/\/buecherland-kaspar.de\/de\/wp-json\/wp\/v2\/product_tag?post=110"}],"curies":[{"name":"wp","href":"https:\/\/api.w.org\/{rel}","templated":true}]}}