{"id":156,"date":"2020-04-17T18:32:56","date_gmt":"2020-04-17T16:32:56","guid":{"rendered":"http:\/\/buecherland-kaspar.de\/?post_type=product&#038;p=156"},"modified":"2020-04-17T18:32:56","modified_gmt":"2020-04-17T16:32:56","slug":"gyogyito-etelek","status":"publish","type":"product","link":"https:\/\/buecherland-kaspar.de\/de\/product\/gyogyito-etelek\/","title":{"rendered":"Gy\u00f3gy\u00edt\u00f3 \u00e9telek"},"content":{"rendered":"<p>Ez a k\u00f6nyv \u00f6tven gy\u00f3gyhat\u00e1s\u00fa n\u00f6v\u00e9ny titkait kutatja, bebizony\u00edtva, hogy a megfelel\u0151 t\u00e1pl\u00e1lkoz\u00e1s milyen nagy szerepet j\u00e1tszik a betegs\u00e9gek megel\u0151z\u00e9s\u00e9ben \u00e9s visszaford\u00edt\u00e1s\u00e1ban. Olyan gy\u00fcm\u00f6lcs\u00f6k, z\u00f6lds\u00e9gek, gy\u00f3gy- \u00e9s f\u0171szern\u00f6v\u00e9nyek, vadon term\u0151 n\u00f6v\u00e9nyek gy\u00f3gy\u00edt\u00f3 erej\u00e9r\u0151l szerezhet\u00fcnk tudom\u00e1st, amelyek rendk\u00edv\u00fcli hat\u00e1ssal lehetnek eg\u00e9szs\u00e9g\u00fcnkre. A szerz\u0151 r\u00e9szletesen bemutatja az egyes n\u00f6v\u00e9nyek tulajdons\u00e1gait, ismerteti azokat a t\u00fcneteket \u00e9s \u00e1llapotokat, amiket seg\u00edtenek enyh\u00edteni vagy gy\u00f3gy\u00edtani, s\u0151t megtudhatjuk azt is, milyen hat\u00e1ssal vannak az \u00e9rzelmeinkre \u00e9s szellemi \u00e9let\u00fcnkre.<br \/>\nA k\u00f6nyv mindezek mellett remek recepteket k\u00edn\u00e1l, a p\u00e1rolt k\u00e1poszt\u00e1val t\u00f6lt\u00f6tt \u00e9desburgony\u00e1t\u00f3l a m\u00e9zes k\u00f3kuszfagylaltig, kiemelve az \u00e9telek maxim\u00e1lis el\u0151nyeit \u00ednycsiklandoz\u00f3 fog\u00e1sokk\u00e9nt t\u00e1lalva.<\/p>\n<p>A szerz\u0151 olyan forradalmian \u00faj ismereteket is el\u00e9d t\u00e1r, mint:<br \/>\n- Mi\u00e9rt a \"\"felt\u00e1mad\u00e1s n\u00f6v\u00e9nye\"\" a vad \u00e1fonya, mit\u0151l a fiatals\u00e1g forr\u00e1sa a sp\u00e1rga, \u00e9s mik\u00e9nt tudja friss\u00edteni szellemed a citrom, amikor rossz h\u00edrek nyomasztanak<br \/>\n- Melyik \u00e9tel m\u00e9rs\u00e9kli az epek\u00f6vet, enyh\u00edti a magas v\u00e9rnyom\u00e1st, a k\u00f6d\u00f6s gondolkod\u00e1st, a pajzsmirigy bajait, a migr\u00e9nt, \u00e9s m\u00e9g sz\u00e1mos t\u00fcnetet \u00e9s \u00e1llapotot<br \/>\n- Mi adja a kivi, az uborka, a macskakarom, a k\u00f3kusz \u00e9s m\u00e9g sok m\u00e1s n\u00f6v\u00e9ny k\u00fcl\u00f6nleges \u00e9s egyed\u00fcl\u00e1ll\u00f3 gy\u00f3gy\u00edt\u00f3 erej\u00e9t<br \/>\n- Mi az oka a s\u00f3v\u00e1rg\u00e1snak, hogyan ford\u00edthatod a magad jav\u00e1ra a stresszt, \u00e9s mi\u00e9rt van a gy\u00fcm\u00f6lcs\u00f6knek kulcsszerepe a term\u00e9kenys\u00e9gben<\/p>\n<p>A Gy\u00f3gy\u00edt\u00f3 m\u00e9dium c\u00edm\u0171 els\u0151 vil\u00e1gsiker\u0171 k\u00f6nyv\u00e9ben Anthony William felt\u00e1rja, mik\u00e9nt kezelhet\u0151k komoly betegs\u00e9gek tucatjai a gy\u00f3gy\u00edt\u00f3 \u00e9letm\u00f3dra \u00e9s megfelel\u0151 t\u00e1pl\u00e1lkoz\u00e1sra \u00f6sszpontos\u00edtva.<br \/>\nA Gy\u00f3gy\u00edt\u00f3 \u00e9telek m\u00e9g teljesebb bepillant\u00e1st enged a term\u00e9szet \u00e9s az eg\u00e9szs\u00e9g \u00f6sszef\u00fcgg\u00e9seibe.<\/p>","protected":false},"excerpt":{"rendered":"<p>Ez a k\u00f6nyv \u00f6tven gy\u00f3gyhat\u00e1s\u00fa n\u00f6v\u00e9ny titkait kutatja, bebizony\u00edtva, hogy a megfelel\u0151 t\u00e1pl\u00e1lkoz\u00e1s milyen nagy szerepet j\u00e1tszik a betegs\u00e9gek megel\u0151z\u00e9s\u00e9ben \u00e9s visszaford\u00edt\u00e1s\u00e1ban. Olyan gy\u00fcm\u00f6lcs\u00f6k, z\u00f6lds\u00e9gek, gy\u00f3gy- \u00e9s f\u0171szern\u00f6v\u00e9nyek, vadon term\u0151 n\u00f6v\u00e9nyek gy\u00f3gy\u00edt\u00f3 erej\u00e9r\u0151l szerezhet\u00fcnk tudom\u00e1st, amelyek rendk\u00edv\u00fcli hat\u00e1ssal lehetnek eg\u00e9szs\u00e9g\u00fcnkre. A szerz\u0151 r\u00e9szletesen bemutatja az egyes n\u00f6v\u00e9nyek tulajdons\u00e1gait, ismerteti azokat a t\u00fcneteket \u00e9s \u00e1llapotokat, amiket [&hellip;]<\/p>","protected":false},"featured_media":157,"template":"","meta":[],"product_cat":[16],"product_tag":[],"acf":[],"_links":{"self":[{"href":"https:\/\/buecherland-kaspar.de\/de\/wp-json\/wp\/v2\/product\/156"}],"collection":[{"href":"https:\/\/buecherland-kaspar.de\/de\/wp-json\/wp\/v2\/product"}],"about":[{"href":"https:\/\/buecherland-kaspar.de\/de\/wp-json\/wp\/v2\/types\/product"}],"wp:featuredmedia":[{"embeddable":true,"href":"https:\/\/buecherland-kaspar.de\/de\/wp-json\/wp\/v2\/media\/157"}],"wp:attachment":[{"href":"https:\/\/buecherland-kaspar.de\/de\/wp-json\/wp\/v2\/media?parent=156"}],"wp:term":[{"taxonomy":"product_cat","embeddable":true,"href":"https:\/\/buecherland-kaspar.de\/de\/wp-json\/wp\/v2\/product_cat?post=156"},{"taxonomy":"product_tag","embeddable":true,"href":"https:\/\/buecherland-kaspar.de\/de\/wp-json\/wp\/v2\/product_tag?post=156"}],"curies":[{"name":"wp","href":"https:\/\/api.w.org\/{rel}","templated":true}]}}