{"id":232,"date":"2020-04-17T19:13:53","date_gmt":"2020-04-17T17:13:53","guid":{"rendered":"http:\/\/buecherland-kaspar.de\/?post_type=product&#038;p=232"},"modified":"2020-04-20T20:30:52","modified_gmt":"2020-04-20T18:30:52","slug":"egeszseges-majmukodes","status":"publish","type":"product","link":"https:\/\/buecherland-kaspar.de\/de\/product\/egeszseges-majmukodes\/","title":{"rendered":"Eg\u00e9szs\u00e9ges m\u00e1jm\u0171k\u00f6d\u00e9s"},"content":{"rendered":"<p>S\u00falygyarapod\u00e1s, b\u0151rprobl\u00e9m\u00e1k, em\u00e9szt\u0151rendszeri probl\u00e9m\u00e1k, sz\u00edvritmuszavarok, k\u00f6d\u00f6s agy jelens\u00e9g... Bosszant\u00f3 \u00e9s hosszan elh\u00faz\u00f3d\u00f3 eg\u00e9szs\u00e9g\u00fcgyi probl\u00e9m\u00e1k, melyekre hajlamosak vagyunk legyinteni, pedig ha tudn\u00e1nk, hogy ezek t\u00f6bbs\u00e9g\u00e9t az\u00e9rt tapasztaljuk, mert legintelligensebb szerv\u00fcnk v\u00e9szjelz\u00e9seket k\u00fcld fel\u00e9nk, biztosan nem venn\u00e9nk ennyire k\u00f6nnyed\u00e9n.<\/p>\n<p>A kr\u00f3nikus \u00e9s autoimmun betegs\u00e9gek, a m\u00e1jr\u00e1k, a m\u00e1jzsugor \u00e9s a hepatitisz eset\u00e9ben automatikusan a m\u00e1j m\u0171k\u00f6d\u00e9si kr\u00edzis\u00e9re terel\u0151dik az orvosok figyelme. Ezzel szemben szinte egyetlen sz\u00f3 sem esik azokr\u00f3l a t\u00fcnetekr\u0151l, melyek megel\u0151zik ezeket a s\u00falyos, \u00e9letvesz\u00e9lyes \u00e1llapotokat, \u00e9s m\u00e1r j\u00f3val a visszaford\u00edthatatlan folyamatok el\u0151tt felh\u00edvj\u00e1k a figyelm\u00fcnket r\u00e1, hogy baj van; kimer\u00fclt a m\u00e1junk k\u00fczdelmes csat\u00e1t v\u00edv.<\/p>\n<p>Mindezid\u00e1ig m\u00e9ltatlanul keveset tudtunk err\u0151l az \u00e9letment\u0151 szervr\u0151l \u00e9s a m\u0171k\u00f6d\u00e9s\u00e9r\u0151l. Az Eg\u00e9szs\u00e9ges m\u00e1jm\u0171k\u00f6d\u00e9s megadja azokat a v\u00e1laszokat, amelyeket m\u00e1r r\u00e9ges-r\u00e9g meg kellett volna kapnod. Anthony William, a gy\u00f3gy\u00edt\u00f3 m\u00e9dium leny\u0171g\u00f6z\u0151en r\u00e9szletes k\u00e9pet fest a m\u00e1j funcki\u00f3inak m\u0171k\u00f6d\u00e9s\u00e9r\u0151l, \u00e9s korunk leggyakoribb eg\u00e9szs\u00e9g\u00fcgyi probl\u00e9mai kapcs\u00e1n is leleplez\u0151 magyar\u00e1zatokkal szolg\u00e1l.<\/p>\n<p>Ha a m\u00e1jad b\u00e9k\u00e9sen m\u0171k\u00f6dik, eg\u00e9sz tested nyugalmasan teszi a dolg\u00e1t. Anthony William leg\u00fajabb bestseller\u00e9nek k\u00f6sz\u00f6nhet\u0151en v\u00e9gre elegend\u0151 r\u00e1l\u00e1t\u00e1sod lesz a t\u00e9m\u00e1ra, hogy tudd, mit kell tenned. Megtanulhatod, hogyan tedd saj\u00e1t m\u00e1jad a leg\u00e9rt\u00e9kesebb, legnagyszer\u0171bb sz\u00f6vets\u00e9gesedd\u00e9 - \u00fagy az eg\u00e9szs\u00e9g\u00fcgyi probl\u00e9m\u00e1k, mint az \u00f6reged\u00e9s \u00e9s az elh\u00edz\u00e1s elleni harcban.<\/p>","protected":false},"excerpt":{"rendered":"<p>S\u00falygyarapod\u00e1s, b\u0151rprobl\u00e9m\u00e1k, em\u00e9szt\u0151rendszeri probl\u00e9m\u00e1k, sz\u00edvritmuszavarok, k\u00f6d\u00f6s agy jelens\u00e9g... Bosszant\u00f3 \u00e9s hosszan elh\u00faz\u00f3d\u00f3 eg\u00e9szs\u00e9g\u00fcgyi probl\u00e9m\u00e1k, melyekre hajlamosak vagyunk legyinteni, pedig ha tudn\u00e1nk, hogy ezek t\u00f6bbs\u00e9g\u00e9t az\u00e9rt tapasztaljuk, mert legintelligensebb szerv\u00fcnk v\u00e9szjelz\u00e9seket k\u00fcld fel\u00e9nk, biztosan nem venn\u00e9nk ennyire k\u00f6nnyed\u00e9n. A kr\u00f3nikus \u00e9s autoimmun betegs\u00e9gek, a m\u00e1jr\u00e1k, a m\u00e1jzsugor \u00e9s a hepatitisz eset\u00e9ben automatikusan a m\u00e1j m\u0171k\u00f6d\u00e9si kr\u00edzis\u00e9re [&hellip;]<\/p>","protected":false},"featured_media":367,"template":"","meta":[],"product_cat":[16],"product_tag":[],"acf":[],"_links":{"self":[{"href":"https:\/\/buecherland-kaspar.de\/de\/wp-json\/wp\/v2\/product\/232"}],"collection":[{"href":"https:\/\/buecherland-kaspar.de\/de\/wp-json\/wp\/v2\/product"}],"about":[{"href":"https:\/\/buecherland-kaspar.de\/de\/wp-json\/wp\/v2\/types\/product"}],"wp:featuredmedia":[{"embeddable":true,"href":"https:\/\/buecherland-kaspar.de\/de\/wp-json\/wp\/v2\/media\/367"}],"wp:attachment":[{"href":"https:\/\/buecherland-kaspar.de\/de\/wp-json\/wp\/v2\/media?parent=232"}],"wp:term":[{"taxonomy":"product_cat","embeddable":true,"href":"https:\/\/buecherland-kaspar.de\/de\/wp-json\/wp\/v2\/product_cat?post=232"},{"taxonomy":"product_tag","embeddable":true,"href":"https:\/\/buecherland-kaspar.de\/de\/wp-json\/wp\/v2\/product_tag?post=232"}],"curies":[{"name":"wp","href":"https:\/\/api.w.org\/{rel}","templated":true}]}}