{"id":233,"date":"2020-04-17T19:15:00","date_gmt":"2020-04-17T17:15:00","guid":{"rendered":"http:\/\/buecherland-kaspar.de\/?post_type=product&#038;p=233"},"modified":"2020-04-17T19:15:00","modified_gmt":"2020-04-17T17:15:00","slug":"egeszseges-pajzsmirigy","status":"publish","type":"product","link":"https:\/\/buecherland-kaspar.de\/de\/product\/egeszseges-pajzsmirigy\/","title":{"rendered":"Eg\u00e9szs\u00e9ges pajzsmirigy"},"content":{"rendered":"<p>Hajhull\u00e1s, s\u00falygyarapod\u00e1s, f\u00e1radts\u00e1g, k\u00f6d\u00f6s gondolkod\u00e1s, h\u0151hull\u00e1m, cs\u00f6kken\u0151 nemi v\u00e1gyak, sz\u00edvdobog\u00e1s... Egyre t\u00f6bben szenvednek ezekt\u0151l, \u00e9s sz\u00e1mos egy\u00e9b, kev\u00e9sb\u00e9 tipikus t\u00fcnett\u0151l - k\u00fcl\u00f6n\u00f6sen a n\u0151k. A p\u00e1ciensek probl\u00e9m\u00e1i k\u00f6zismert c\u00edmk\u00e9ket kapnak ugyan - \u201eHashimoto\", \u201epajzsmirigy-alulm\u0171k\u00f6d\u00e9s\" -, de a megold\u00e1shoz sokszor nem ker\u00fcl\u00fcnk k\u00f6zelebb. Az eg\u00e9szs\u00e9g\u00fcgy \u00faj aktu\u00e1lis, \u00e9get\u0151 t\u00e9m\u00e1ja a pajzsmirigy. A cukorbetegs\u00e9ghez hasonl\u00f3an a pajzsmirigymegbeteged\u00e9sek is szinte m\u00e1r a n\u00e9pbetegs\u00e9gekhez sorolhat\u00f3k. Alig van olyan ember, akinek k\u00f6rnyezet\u00e9ben ne szenvedne valaki ezen szerv okozta probl\u00e9m\u00e1kt\u00f3l. Hi\u00e1ba kap azonban egyre t\u00f6bb figyelmet, a sarkalatos igazs\u00e1g mindeddig rejtve maradt: nem a pajzsmirigyprobl\u00e9ma a v\u00e9gs\u0151 oka a p\u00e1ciensek betegs\u00e9g\u00e9nek. Eg\u00e9szs\u00e9ges pajzsmirigy c\u00edm\u0171 k\u00f6nyv\u00e9ben Anthony William, a gy\u00f3gy\u00edt\u00f3 m\u00e9dium a probl\u00e9ma val\u00f3di okait r\u00e9szletesen elmagyar\u00e1zza - kit\u00e9rve a gyullad\u00e1ssal, az autoimmun betegs\u00e9ggel \u00e9s t\u00f6bb tucatnyi egy\u00e9b t\u00fcnettel \u00e9s \u00e1llapottal kapcsolatos inform\u00e1ci\u00f3kra. Anthony William saj\u00e1t pajzsmirigyed szak\u00e9rt\u0151j\u00e9v\u00e9 avat, \u00e9s olyan eszk\u00f6zt\u00e1rat ad a kezedbe, amellyel megv\u00e1ltoztathatod az eg\u00e9sz \u00e9letedet, megmentheted a pajzsmirigyedet, \u00e9s visszanyerheted az eg\u00e9szs\u00e9gedet, vitalit\u00e1sodat. P\u00e1ratlan megk\u00f6zel\u00edt\u00e9st aj\u00e1nl, mely - amint t\u00f6bb milli\u00f3 rajong\u00f3j\u00e1t\u00f3l \u00e9s k\u00f6vet\u0151j\u00e9t\u0151l megtudhatjuk - val\u00f3di eredm\u00e9nyeket hoz. ANTHONY WILLIAM, a New York Times sikerlist\u00e1kat vezet\u0151 Gy\u00f3gy\u00edt\u00f3 \u00e9telek \u00e9s Gy\u00f3gy\u00edt\u00f3 m\u00e9dium: a kr\u00f3nikus \u00e9s gy\u00f3gy\u00edthatatlan betegs\u00e9gek m\u00f6g\u00f6tt rejl\u0151 titkok c\u00edm\u0171 k\u00f6nyvek szerz\u0151je azzal az egyedi k\u00e9pess\u00e9ggel sz\u00fcletett, hogy egy magas szintet k\u00e9pvisel\u0151 Szellemi vezet\u0151vel besz\u00e9lget, aki olyan elk\u00e9peszt\u0151en pontos eg\u00e9szs\u00e9g\u00fcgyi inform\u00e1ci\u00f3kkal l\u00e1tja el \u0151t, amelyek gyakran megel\u0151zik a jelenkort. N\u00e9gy\u00e9ves kora \u00f3ta, amikor azzal sokkolta a csal\u00e1dj\u00e1t, hogy bejelentette teljesen t\u00fcnetmentes nagymam\u00e1ja t\u00fcd\u0151r\u00e1kj\u00e1t (amelyet azt\u00e1n a vizsg\u00e1latok igazoltak), Anthony arra haszn\u00e1lja ezt az adotts\u00e1g\u00e1t, hogy egyfajta saj\u00e1tos k\u00e9palkot\u00e1si m\u00f3dszerrel elemezze az emberek eg\u00e9szs\u00e9g\u00fcgyi \u00e1llapot\u00e1t, \u00e9s elmondja nekik, hogyan nyerhetik vissza az eg\u00e9szs\u00e9g\u00fcket. Gy\u00f3gy\u00edt\u00f3 m\u00e9diumk\u00e9nt mutatott p\u00e1ratlan pontoss\u00e1ga \u00e9s sikeres gy\u00f3gy\u00edt\u00e1si ar\u00e1nya vil\u00e1gszerte milli\u00f3k bizalm\u00e1t \u00e9s szeretet\u00e9t nyerte el - t\u00f6bbek k\u00f6z\u00f6tt film- \u00e9s rockszt\u00e1rok\u00e9t, milli\u00e1rdosok\u00e9t, profi sportol\u00f3k\u00e9t, sikerlist\u00e1s \u00edr\u00f3k\u00e9t \u00e9s sz\u00e1mtalan m\u00e1s ember\u00e9t az \u00e9let minden ter\u00fclet\u00e9r\u0151l -, akik addig nem tal\u00e1ltak a gy\u00f3gyul\u00e1s \u00fatj\u00e1ra, am\u00edg a Szellemi vezet\u0151 bel\u00e9j\u00fck nem l\u00e1tott. Anthony olyan orvosok sz\u00e1m\u00e1ra is felbecs\u00fclhetetlen tud\u00e1st k\u00e9pvisel, akiknek seg\u00edts\u00e9gre van sz\u00fcks\u00e9g\u00fck a legnehezebb eseteikhez.<\/p>","protected":false},"excerpt":{"rendered":"<p>Hajhull\u00e1s, s\u00falygyarapod\u00e1s, f\u00e1radts\u00e1g, k\u00f6d\u00f6s gondolkod\u00e1s, h\u0151hull\u00e1m, cs\u00f6kken\u0151 nemi v\u00e1gyak, sz\u00edvdobog\u00e1s... Egyre t\u00f6bben szenvednek ezekt\u0151l, \u00e9s sz\u00e1mos egy\u00e9b, kev\u00e9sb\u00e9 tipikus t\u00fcnett\u0151l - k\u00fcl\u00f6n\u00f6sen a n\u0151k. A p\u00e1ciensek probl\u00e9m\u00e1i k\u00f6zismert c\u00edmk\u00e9ket kapnak ugyan - \u201eHashimoto\", \u201epajzsmirigy-alulm\u0171k\u00f6d\u00e9s\" -, de a megold\u00e1shoz sokszor nem ker\u00fcl\u00fcnk k\u00f6zelebb. Az eg\u00e9szs\u00e9g\u00fcgy \u00faj aktu\u00e1lis, \u00e9get\u0151 t\u00e9m\u00e1ja a pajzsmirigy. A cukorbetegs\u00e9ghez hasonl\u00f3an a pajzsmirigymegbeteged\u00e9sek [&hellip;]<\/p>","protected":false},"featured_media":235,"template":"","meta":[],"product_cat":[16],"product_tag":[],"acf":[],"_links":{"self":[{"href":"https:\/\/buecherland-kaspar.de\/de\/wp-json\/wp\/v2\/product\/233"}],"collection":[{"href":"https:\/\/buecherland-kaspar.de\/de\/wp-json\/wp\/v2\/product"}],"about":[{"href":"https:\/\/buecherland-kaspar.de\/de\/wp-json\/wp\/v2\/types\/product"}],"wp:featuredmedia":[{"embeddable":true,"href":"https:\/\/buecherland-kaspar.de\/de\/wp-json\/wp\/v2\/media\/235"}],"wp:attachment":[{"href":"https:\/\/buecherland-kaspar.de\/de\/wp-json\/wp\/v2\/media?parent=233"}],"wp:term":[{"taxonomy":"product_cat","embeddable":true,"href":"https:\/\/buecherland-kaspar.de\/de\/wp-json\/wp\/v2\/product_cat?post=233"},{"taxonomy":"product_tag","embeddable":true,"href":"https:\/\/buecherland-kaspar.de\/de\/wp-json\/wp\/v2\/product_tag?post=233"}],"curies":[{"name":"wp","href":"https:\/\/api.w.org\/{rel}","templated":true}]}}