{"id":236,"date":"2020-04-17T19:16:38","date_gmt":"2020-04-17T17:16:38","guid":{"rendered":"http:\/\/buecherland-kaspar.de\/?post_type=product&#038;p=236"},"modified":"2020-04-20T20:17:30","modified_gmt":"2020-04-20T18:17:30","slug":"diabetikus-finomsagok","status":"publish","type":"product","link":"https:\/\/buecherland-kaspar.de\/de\/product\/diabetikus-finomsagok\/","title":{"rendered":"Diabetikus finoms\u00e1gok"},"content":{"rendered":"<p>F\u0151k\u00e9nt az eg\u00e9szs\u00e9gtelen \u00e9letm\u00f3d az oka annak, hogy egyre t\u00f6bb embert vesz\u00e9lyeztet a 2-es t\u00edpus\u00fa cukorbetegs\u00e9g. Sokszor \u00e9szre sem vessz\u00fck, hogy mennyi felesleges cukrot fogyasztunk. A diab\u00e9tesz megel\u0151z\u00e9se \u00e9s kezel\u00e9se azonban nem azt jelenti, hogy egy\u00e1ltal\u00e1n nem fogyaszthatunk \u00e9dess\u00e9get: ellen\u0151rz\u00f6tt sz\u00e9nhidr\u00e1t-bevitellel cs\u00f6kkenthetj\u00fck a cukorbetegs\u00e9g kialakul\u00e1s\u00e1nak es\u00e9ly\u00e9t.<br \/>\nK\u00f6nyv\u00fcnkben t\u00f6bb mint 100 eg\u00e9szs\u00e9ges \u00e9s finom recept tal\u00e1lhat\u00f3 azok sz\u00e1m\u00e1ra, akik szeretn\u00e9k elker\u00fclni a 2-es t\u00edpus\u00fa cukorbetegs\u00e9g kialakul\u00e1s\u00e1t. 100 k\u00e1pr\u00e1zatos, f\u00e9l \u00f3r\u00e1n bel\u00fcl elk\u00e9sz\u00edthet\u0151 fog\u00e1st aj\u00e1nlunk elfoglalt embereknek, akik kedvelik az egyszer\u0171, eleg\u00e1ns \u00e9s eg\u00e9szs\u00e9ges \u00e9teleket.<br \/>\nAz aj\u00e1nlott fog\u00e1sok t\u00f6bbs\u00e9ge k\u00f6nnyen elk\u00e9sz\u00edthet\u0151, a v\u00e1laszt\u00e1st neh\u00e9zs\u00e9gi k\u00f3dok seg\u00edtik: 1 (nagyon egyszer\u0171), 2 (egyszer\u0171), 3 (van benne kih\u00edv\u00e1s)<\/p>","protected":false},"excerpt":{"rendered":"<p>F\u0151k\u00e9nt az eg\u00e9szs\u00e9gtelen \u00e9letm\u00f3d az oka annak, hogy egyre t\u00f6bb embert vesz\u00e9lyeztet a 2-es t\u00edpus\u00fa cukorbetegs\u00e9g. Sokszor \u00e9szre sem vessz\u00fck, hogy mennyi felesleges cukrot fogyasztunk. A diab\u00e9tesz megel\u0151z\u00e9se \u00e9s kezel\u00e9se azonban nem azt jelenti, hogy egy\u00e1ltal\u00e1n nem fogyaszthatunk \u00e9dess\u00e9get: ellen\u0151rz\u00f6tt sz\u00e9nhidr\u00e1t-bevitellel cs\u00f6kkenthetj\u00fck a cukorbetegs\u00e9g kialakul\u00e1s\u00e1nak es\u00e9ly\u00e9t. K\u00f6nyv\u00fcnkben t\u00f6bb mint 100 eg\u00e9szs\u00e9ges \u00e9s finom recept tal\u00e1lhat\u00f3 [&hellip;]<\/p>","protected":false},"featured_media":349,"template":"","meta":[],"product_cat":[16],"product_tag":[],"acf":[],"_links":{"self":[{"href":"https:\/\/buecherland-kaspar.de\/de\/wp-json\/wp\/v2\/product\/236"}],"collection":[{"href":"https:\/\/buecherland-kaspar.de\/de\/wp-json\/wp\/v2\/product"}],"about":[{"href":"https:\/\/buecherland-kaspar.de\/de\/wp-json\/wp\/v2\/types\/product"}],"wp:featuredmedia":[{"embeddable":true,"href":"https:\/\/buecherland-kaspar.de\/de\/wp-json\/wp\/v2\/media\/349"}],"wp:attachment":[{"href":"https:\/\/buecherland-kaspar.de\/de\/wp-json\/wp\/v2\/media?parent=236"}],"wp:term":[{"taxonomy":"product_cat","embeddable":true,"href":"https:\/\/buecherland-kaspar.de\/de\/wp-json\/wp\/v2\/product_cat?post=236"},{"taxonomy":"product_tag","embeddable":true,"href":"https:\/\/buecherland-kaspar.de\/de\/wp-json\/wp\/v2\/product_tag?post=236"}],"curies":[{"name":"wp","href":"https:\/\/api.w.org\/{rel}","templated":true}]}}