{"id":237,"date":"2020-04-17T19:18:06","date_gmt":"2020-04-17T17:18:06","guid":{"rendered":"http:\/\/buecherland-kaspar.de\/?post_type=product&#038;p=237"},"modified":"2020-04-20T20:16:40","modified_gmt":"2020-04-20T18:16:40","slug":"a-gyogyito-kod","status":"publish","type":"product","link":"https:\/\/buecherland-kaspar.de\/de\/product\/a-gyogyito-kod\/","title":{"rendered":"A gy\u00f3gy\u00edt\u00f3 k\u00f3d"},"content":{"rendered":"<p>\"Dr. Alexander Loyd felfedezte, hogyan lehet egy, a testben l\u00e9v\u0151 fizikai funkci\u00f3t aktiv\u00e1lni, mely elt\u00e1vol\u00edtja a betegs\u00e9gek ak\u00e1r 95%-\u00e1nak forr\u00e1s\u00e1t. Dr. Loyd felfedez\u00e9seit vizsg\u00e1latok, illetve az a t\u00f6bb ezer ember is igazolt\u00e1k \u2212 a vil\u00e1g minden t\u00e1j\u00e1r\u00f3l \u2212, akik haszn\u00e1lt\u00e1k a Gy\u00f3gy\u00edt\u00f3 K\u00f3d rendszer\u00e9t, gyakorlatilag b\u00e1rmilyen fajta testi, lelki vagy az emberi kapcsolataikat \u00e9rint\u0151 probl\u00e9m\u00e1ra, csak\u00fagy, mint a karrierj\u00fckben v\u00e1gyott \u00e1tt\u00f6r\u00e9s megval\u00f3s\u00edt\u00e1s\u00e1ra. Dr. Alex Loyd vizsg\u00e1latai sor\u00e1n arra is f\u00e9ny der\u00fclt, hogy l\u00e9tezik egy \u201eUniverz\u00e1lis Gy\u00f3gy\u00edt\u00f3 K\u00f3d\u201d, melynek seg\u00edts\u00e9g\u00e9vel a legt\u00f6bb ember legt\u00f6bb probl\u00e9m\u00e1ja gy\u00f3gy\u00edthat\u00f3. Ebb\u0151l a k\u00f6nyvb\u0151l elsaj\u00e1t\u00edthat\u00f3 ez a Gy\u00f3gy\u00edt\u00f3 K\u00f3d, melynek elv\u00e9gz\u00e9se mind\u00f6ssze napi n\u00e9h\u00e1ny percet vesz ig\u00e9nybe.<\/p>","protected":false},"excerpt":{"rendered":"<p>\"Dr. Alexander Loyd felfedezte, hogyan lehet egy, a testben l\u00e9v\u0151 fizikai funkci\u00f3t aktiv\u00e1lni, mely elt\u00e1vol\u00edtja a betegs\u00e9gek ak\u00e1r 95%-\u00e1nak forr\u00e1s\u00e1t. Dr. Loyd felfedez\u00e9seit vizsg\u00e1latok, illetve az a t\u00f6bb ezer ember is igazolt\u00e1k \u2212 a vil\u00e1g minden t\u00e1j\u00e1r\u00f3l \u2212, akik haszn\u00e1lt\u00e1k a Gy\u00f3gy\u00edt\u00f3 K\u00f3d rendszer\u00e9t, gyakorlatilag b\u00e1rmilyen fajta testi, lelki vagy az emberi kapcsolataikat \u00e9rint\u0151 probl\u00e9m\u00e1ra, [&hellip;]<\/p>","protected":false},"featured_media":347,"template":"","meta":[],"product_cat":[16],"product_tag":[],"acf":[],"_links":{"self":[{"href":"https:\/\/buecherland-kaspar.de\/de\/wp-json\/wp\/v2\/product\/237"}],"collection":[{"href":"https:\/\/buecherland-kaspar.de\/de\/wp-json\/wp\/v2\/product"}],"about":[{"href":"https:\/\/buecherland-kaspar.de\/de\/wp-json\/wp\/v2\/types\/product"}],"wp:featuredmedia":[{"embeddable":true,"href":"https:\/\/buecherland-kaspar.de\/de\/wp-json\/wp\/v2\/media\/347"}],"wp:attachment":[{"href":"https:\/\/buecherland-kaspar.de\/de\/wp-json\/wp\/v2\/media?parent=237"}],"wp:term":[{"taxonomy":"product_cat","embeddable":true,"href":"https:\/\/buecherland-kaspar.de\/de\/wp-json\/wp\/v2\/product_cat?post=237"},{"taxonomy":"product_tag","embeddable":true,"href":"https:\/\/buecherland-kaspar.de\/de\/wp-json\/wp\/v2\/product_tag?post=237"}],"curies":[{"name":"wp","href":"https:\/\/api.w.org\/{rel}","templated":true}]}}