{"id":239,"date":"2020-04-17T19:18:57","date_gmt":"2020-04-17T17:18:57","guid":{"rendered":"http:\/\/buecherland-kaspar.de\/?post_type=product&#038;p=239"},"modified":"2022-05-02T10:58:33","modified_gmt":"2022-05-02T08:58:33","slug":"a-boseg-torvenye","status":"publish","type":"product","link":"https:\/\/buecherland-kaspar.de\/de\/product\/a-boseg-torvenye\/","title":{"rendered":"A b\u0151s\u00e9g t\u00f6rv\u00e9nye"},"content":{"rendered":"<p>Sokan l\u00e1tt\u00e1k A titok c\u00edm\u0171 filmet, vagy olvast\u00e1k a k\u00f6nyvet, \u00e9s hisznek benne, hogy b\u00e1rmilyen k\u00edv\u00e1nt anyagi dolgot k\u00e9rhet\u00fcnk a vil\u00e1gegyetemt\u0151l, amelyet azt\u00e1n a Vonz\u00e1s T\u00f6rv\u00e9nye elhoz nek\u00fcnk. De persze ez nem ilyen egyszer\u0171. Ha szeretn\u00e9nk megv\u00e1ltoztatni a vil\u00e1gounkat, meg kell v\u00e1ltoztatnunk gondolkod\u00e1sm\u00f3dunkat. E k\u00fcl\u00f6nleges k\u00f6nyvben Esther \u00e9s Jerry Hicks megismertet benn\u00fcnket a titokkal, amely a Vonz\u00e1s T\u00f6rv\u00e9nye h\u00e1tter\u00e9ben \u00e1ll. Vil\u00e1gosan elmagyar\u00e1zz\u00e1k, hogyan \u00f6sszpontos\u00edtsuk energi\u00e1nkat a j\u00f3l\u00e9t megval\u00f3s\u00edt\u00e1s\u00e1hoz.<\/p>","protected":false},"excerpt":{"rendered":"<p>Sokan l\u00e1tt\u00e1k A titok c\u00edm\u0171 filmet, vagy olvast\u00e1k a k\u00f6nyvet, \u00e9s hisznek benne, hogy b\u00e1rmilyen k\u00edv\u00e1nt anyagi dolgot k\u00e9rhet\u00fcnk a vil\u00e1gegyetemt\u0151l, amelyet azt\u00e1n a Vonz\u00e1s T\u00f6rv\u00e9nye elhoz nek\u00fcnk. De persze ez nem ilyen egyszer\u0171. Ha szeretn\u00e9nk megv\u00e1ltoztatni a vil\u00e1gounkat, meg kell v\u00e1ltoztatnunk gondolkod\u00e1sm\u00f3dunkat. E k\u00fcl\u00f6nleges k\u00f6nyvben Esther \u00e9s Jerry Hicks megismertet benn\u00fcnket a titokkal, amely [&hellip;]<\/p>","protected":false},"featured_media":353,"template":"","meta":[],"product_cat":[16],"product_tag":[],"acf":[],"_links":{"self":[{"href":"https:\/\/buecherland-kaspar.de\/de\/wp-json\/wp\/v2\/product\/239"}],"collection":[{"href":"https:\/\/buecherland-kaspar.de\/de\/wp-json\/wp\/v2\/product"}],"about":[{"href":"https:\/\/buecherland-kaspar.de\/de\/wp-json\/wp\/v2\/types\/product"}],"wp:featuredmedia":[{"embeddable":true,"href":"https:\/\/buecherland-kaspar.de\/de\/wp-json\/wp\/v2\/media\/353"}],"wp:attachment":[{"href":"https:\/\/buecherland-kaspar.de\/de\/wp-json\/wp\/v2\/media?parent=239"}],"wp:term":[{"taxonomy":"product_cat","embeddable":true,"href":"https:\/\/buecherland-kaspar.de\/de\/wp-json\/wp\/v2\/product_cat?post=239"},{"taxonomy":"product_tag","embeddable":true,"href":"https:\/\/buecherland-kaspar.de\/de\/wp-json\/wp\/v2\/product_tag?post=239"}],"curies":[{"name":"wp","href":"https:\/\/api.w.org\/{rel}","templated":true}]}}