{"id":240,"date":"2020-04-17T19:19:39","date_gmt":"2020-04-17T17:19:39","guid":{"rendered":"http:\/\/buecherland-kaspar.de\/?post_type=product&#038;p=240"},"modified":"2020-04-20T20:15:34","modified_gmt":"2020-04-20T18:15:34","slug":"gyogyulasi-technikak","status":"publish","type":"product","link":"https:\/\/buecherland-kaspar.de\/de\/product\/gyogyulasi-technikak\/","title":{"rendered":"Gy\u00f3gyul\u00e1si technik\u00e1k"},"content":{"rendered":"<p>Elgondolkodtatok m\u00e1r azon, hogy mit jeleznek sz\u00e1munkra a betegs\u00e9gek?<br \/>\nB\u00e1rmilyen neh\u00e9z is a sz\u00edv\u00fcnk m\u00e9ly\u00e9re n\u00e9zni, valami\u00e9rt j\u00f3 nek\u00fcnk az a betegs\u00e9g, amiben \u00e9ppen vagyunk. Mi t\u00f6rt\u00e9nne, ha hirtelen eg\u00e9szs\u00e9gesek lenn\u00e9nk, mi az, amit meg kellene tenn\u00fcnk, vagy \u00e9pp ellenkez\u0151leg, mi az, ami megsz\u0171nne hirtelen az \u00e9let\u00fcnkb\u0151l?<br \/>\nN\u00e9ha nagyon-nagyon m\u00e9ly val\u00f3s okok h\u00faz\u00f3dnak a betegs\u00e9gbe val\u00f3 menek\u00fcl\u00e9s m\u00f6g\u00f6tt, de a gy\u00f3gyul\u00e1s els\u0151 l\u00e9p\u00e9se mindig az, hogy d\u00f6nt\u0151 elhat\u00e1roz\u00e1sod legyen, hogy meg akarsz gy\u00f3gyulni.<br \/>\nA k\u00f6nyv \u00fatmutat\u00f3, t\u00e9m\u00e1knak, k\u00fcl\u00f6nb\u00f6z\u0151 eszk\u00f6z\u00f6knek a sora, hogy k\u00f6nnyebben meggy\u00f3gyulj. V\u00e1laszthatod b\u00e1rmelyik fejezetet, kipr\u00f3b\u00e1lhatod egyes\u00e9vel, egym\u00e1s ut\u00e1n, vagy v\u00e1laszthatsz egyet csup\u00e1n.<br \/>\nA l\u00e9nyeg, hogy d\u00f6nts \u00fagy, hogy meggy\u00f3gyulsz.<br \/>\nMerj meggy\u00f3gyulni, b\u00e1rmilyen v\u00e1ltoz\u00e1st is hozzon ez az \u00e9letedbe!<\/p>","protected":false},"excerpt":{"rendered":"<p>Elgondolkodtatok m\u00e1r azon, hogy mit jeleznek sz\u00e1munkra a betegs\u00e9gek? B\u00e1rmilyen neh\u00e9z is a sz\u00edv\u00fcnk m\u00e9ly\u00e9re n\u00e9zni, valami\u00e9rt j\u00f3 nek\u00fcnk az a betegs\u00e9g, amiben \u00e9ppen vagyunk. Mi t\u00f6rt\u00e9nne, ha hirtelen eg\u00e9szs\u00e9gesek lenn\u00e9nk, mi az, amit meg kellene tenn\u00fcnk, vagy \u00e9pp ellenkez\u0151leg, mi az, ami megsz\u0171nne hirtelen az \u00e9let\u00fcnkb\u0151l? N\u00e9ha nagyon-nagyon m\u00e9ly val\u00f3s okok h\u00faz\u00f3dnak a betegs\u00e9gbe [&hellip;]<\/p>","protected":false},"featured_media":344,"template":"","meta":[],"product_cat":[16],"product_tag":[],"acf":[],"_links":{"self":[{"href":"https:\/\/buecherland-kaspar.de\/de\/wp-json\/wp\/v2\/product\/240"}],"collection":[{"href":"https:\/\/buecherland-kaspar.de\/de\/wp-json\/wp\/v2\/product"}],"about":[{"href":"https:\/\/buecherland-kaspar.de\/de\/wp-json\/wp\/v2\/types\/product"}],"wp:featuredmedia":[{"embeddable":true,"href":"https:\/\/buecherland-kaspar.de\/de\/wp-json\/wp\/v2\/media\/344"}],"wp:attachment":[{"href":"https:\/\/buecherland-kaspar.de\/de\/wp-json\/wp\/v2\/media?parent=240"}],"wp:term":[{"taxonomy":"product_cat","embeddable":true,"href":"https:\/\/buecherland-kaspar.de\/de\/wp-json\/wp\/v2\/product_cat?post=240"},{"taxonomy":"product_tag","embeddable":true,"href":"https:\/\/buecherland-kaspar.de\/de\/wp-json\/wp\/v2\/product_tag?post=240"}],"curies":[{"name":"wp","href":"https:\/\/api.w.org\/{rel}","templated":true}]}}