{"id":242,"date":"2020-04-17T19:20:53","date_gmt":"2020-04-17T17:20:53","guid":{"rendered":"http:\/\/buecherland-kaspar.de\/?post_type=product&#038;p=242"},"modified":"2020-04-20T20:14:45","modified_gmt":"2020-04-20T18:14:45","slug":"teremto-technikak","status":"publish","type":"product","link":"https:\/\/buecherland-kaspar.de\/de\/product\/teremto-technikak\/","title":{"rendered":"Teremt\u0151 technik\u00e1k"},"content":{"rendered":"<p>Minden l\u00e9lek meghat\u00e1rozott c\u00e9llal j\u00f6n a F\u00f6ldre, \u00e9s minden l\u00e9lek el\u0151l valami furcsam\u00f3d el van rejtve sz\u00fclet\u00e9se pillanat\u00e1t\u00f3l az ok, ami\u00e9rt j\u00f6tt, ez\u00e9rt mindenki ezt keresi eg\u00e9sz \u00e9let\u00e9ben, folyamatosan kutatva.<br \/>\nVajon mindenki megtal\u00e1lja saj\u00e1t szem\u00e9lyre szabott l\u00e9lek\u00fati c\u00e9lj\u00e1t?<br \/>\nVajon ki \u00e9s mi\u00e9rt rejti el a szem\u00fcnk el\u0151l a boldogs\u00e1ghoz vezet\u0151 utat?<br \/>\nN\u00e9ha nem egyszer\u0171 kiigazodni az \u00e9rz\u00e9seink vil\u00e1g\u00e1ban, de meg kell tanulnod, hogy v\u00e1llald azt, amit val\u00f3j\u00e1ban szeretn\u00e9l.<br \/>\nHidd el, lehet egyszer\u0171en \u00e9s mag\u00e1t\u00f3l \u00e9rtet\u0151d\u0151en j\u00f3 az \u00e9let\u00fcnk!<br \/>\nGyer\u00fcnk, ismerj\u00fck meg az utat lelked igazi \u00f6nmegval\u00f3s\u00edt\u00e1s\u00e1hoz!<br \/>\nEls\u0151re egyszer\u0171en k\u00e9pzeld el a vil\u00e1got, amit szeretn\u00e9l.<br \/>\n\u00c9s induljunk erre a nagyszer\u0171 utaz\u00e1sra, val\u00f3s\u00edtsuk meg!<br \/>\nL\u00e9pj egy nagyot, l\u00e9pj bele a saj\u00e1t vil\u00e1godba!<\/p>","protected":false},"excerpt":{"rendered":"<p>Minden l\u00e9lek meghat\u00e1rozott c\u00e9llal j\u00f6n a F\u00f6ldre, \u00e9s minden l\u00e9lek el\u0151l valami furcsam\u00f3d el van rejtve sz\u00fclet\u00e9se pillanat\u00e1t\u00f3l az ok, ami\u00e9rt j\u00f6tt, ez\u00e9rt mindenki ezt keresi eg\u00e9sz \u00e9let\u00e9ben, folyamatosan kutatva. Vajon mindenki megtal\u00e1lja saj\u00e1t szem\u00e9lyre szabott l\u00e9lek\u00fati c\u00e9lj\u00e1t? Vajon ki \u00e9s mi\u00e9rt rejti el a szem\u00fcnk el\u0151l a boldogs\u00e1ghoz vezet\u0151 utat? N\u00e9ha nem egyszer\u0171 kiigazodni [&hellip;]<\/p>","protected":false},"featured_media":342,"template":"","meta":[],"product_cat":[16],"product_tag":[],"acf":[],"_links":{"self":[{"href":"https:\/\/buecherland-kaspar.de\/de\/wp-json\/wp\/v2\/product\/242"}],"collection":[{"href":"https:\/\/buecherland-kaspar.de\/de\/wp-json\/wp\/v2\/product"}],"about":[{"href":"https:\/\/buecherland-kaspar.de\/de\/wp-json\/wp\/v2\/types\/product"}],"wp:featuredmedia":[{"embeddable":true,"href":"https:\/\/buecherland-kaspar.de\/de\/wp-json\/wp\/v2\/media\/342"}],"wp:attachment":[{"href":"https:\/\/buecherland-kaspar.de\/de\/wp-json\/wp\/v2\/media?parent=242"}],"wp:term":[{"taxonomy":"product_cat","embeddable":true,"href":"https:\/\/buecherland-kaspar.de\/de\/wp-json\/wp\/v2\/product_cat?post=242"},{"taxonomy":"product_tag","embeddable":true,"href":"https:\/\/buecherland-kaspar.de\/de\/wp-json\/wp\/v2\/product_tag?post=242"}],"curies":[{"name":"wp","href":"https:\/\/api.w.org\/{rel}","templated":true}]}}