{"id":243,"date":"2020-04-17T19:21:12","date_gmt":"2020-04-17T17:21:12","guid":{"rendered":"http:\/\/buecherland-kaspar.de\/?post_type=product&#038;p=243"},"modified":"2020-04-17T19:21:12","modified_gmt":"2020-04-17T17:21:12","slug":"tradicionalis-magyar-konyha-3-nyelvu","status":"publish","type":"product","link":"https:\/\/buecherland-kaspar.de\/de\/product\/tradicionalis-magyar-konyha-3-nyelvu\/","title":{"rendered":"Trad\u00edcion\u00e1lis magyar konyha (3 nyelv\u0171)"},"content":{"rendered":"<p>Kedv\u00e9re kalandozhat a val\u00f3di magyaros \u00edzek vil\u00e1g\u00e1ban. Horv\u00e1th Ilona receptjeinek felhaszn\u00e1l\u00e1s\u00e1val Piri Istv\u00e1n, vil\u00e1gbajnok mesterszak\u00e1cs kalauzolja v\u00e9gig az olvas\u00f3t a magyar konyha legkedveltebb fog\u00e1sain. A k\u00f6nyv h\u00e1romnyelv\u0171, a magyar sz\u00f6veg angol \u00e9s n\u00e9met ford\u00edt\u00e1s\u00e1t is tartalmazza.<\/p>","protected":false},"excerpt":{"rendered":"<p>Kedv\u00e9re kalandozhat a val\u00f3di magyaros \u00edzek vil\u00e1g\u00e1ban. Horv\u00e1th Ilona receptjeinek felhaszn\u00e1l\u00e1s\u00e1val Piri Istv\u00e1n, vil\u00e1gbajnok mesterszak\u00e1cs kalauzolja v\u00e9gig az olvas\u00f3t a magyar konyha legkedveltebb fog\u00e1sain. A k\u00f6nyv h\u00e1romnyelv\u0171, a magyar sz\u00f6veg angol \u00e9s n\u00e9met ford\u00edt\u00e1s\u00e1t is tartalmazza.<\/p>","protected":false},"featured_media":0,"template":"","meta":[],"product_cat":[16],"product_tag":[],"acf":[],"_links":{"self":[{"href":"https:\/\/buecherland-kaspar.de\/de\/wp-json\/wp\/v2\/product\/243"}],"collection":[{"href":"https:\/\/buecherland-kaspar.de\/de\/wp-json\/wp\/v2\/product"}],"about":[{"href":"https:\/\/buecherland-kaspar.de\/de\/wp-json\/wp\/v2\/types\/product"}],"wp:attachment":[{"href":"https:\/\/buecherland-kaspar.de\/de\/wp-json\/wp\/v2\/media?parent=243"}],"wp:term":[{"taxonomy":"product_cat","embeddable":true,"href":"https:\/\/buecherland-kaspar.de\/de\/wp-json\/wp\/v2\/product_cat?post=243"},{"taxonomy":"product_tag","embeddable":true,"href":"https:\/\/buecherland-kaspar.de\/de\/wp-json\/wp\/v2\/product_tag?post=243"}],"curies":[{"name":"wp","href":"https:\/\/api.w.org\/{rel}","templated":true}]}}