{"id":244,"date":"2020-04-17T19:21:28","date_gmt":"2020-04-17T17:21:28","guid":{"rendered":"http:\/\/buecherland-kaspar.de\/?post_type=product&#038;p=244"},"modified":"2020-04-20T20:02:19","modified_gmt":"2020-04-20T18:02:19","slug":"horvath-ilona-szakacskonyv","status":"publish","type":"product","link":"https:\/\/buecherland-kaspar.de\/de\/product\/horvath-ilona-szakacskonyv\/","title":{"rendered":"Horv\u00e1th Ilona szak\u00e1csk\u00f6nyv"},"content":{"rendered":"<p>Horv\u00e1th Ilona szak\u00e1csk\u00f6nyve a magyar gasztron\u00f3mia alapm\u0171v\u00e9v\u00e9 v\u00e1lt. Gener\u00e1ci\u00f3k tanultak bel\u0151le s\u00fctni-f\u0151zni, s egy id\u0151ben szinte minden h\u00e1ztart\u00e1sban fellelhet\u0151 volt egy-egy f\u00e9ltve \u0151rz\u00f6tt p\u00e9ld\u00e1nya. Az \u00e9vek hossz\u00fa sora alatt azt\u00e1n elt\u0171nt a szem\u00fcnk el\u00f6l. Most v\u00e9gre \u00fajra kez\u00fcnkben foghatjuk ezt a k\u00fcl\u00f6nleges k\u00f6nyvet, melynek seg\u00edts\u00e9g\u00e9vel megismerhetj\u00fck \u00e9s elk\u00e9sz\u00edthetj\u00fck a tradicion\u00e1lis magyar konyha remekeit.<\/p>","protected":false},"excerpt":{"rendered":"<p>Horv\u00e1th Ilona szak\u00e1csk\u00f6nyve a magyar gasztron\u00f3mia alapm\u0171v\u00e9v\u00e9 v\u00e1lt. Gener\u00e1ci\u00f3k tanultak bel\u0151le s\u00fctni-f\u0151zni, s egy id\u0151ben szinte minden h\u00e1ztart\u00e1sban fellelhet\u0151 volt egy-egy f\u00e9ltve \u0151rz\u00f6tt p\u00e9ld\u00e1nya. Az \u00e9vek hossz\u00fa sora alatt azt\u00e1n elt\u0171nt a szem\u00fcnk el\u00f6l. Most v\u00e9gre \u00fajra kez\u00fcnkben foghatjuk ezt a k\u00fcl\u00f6nleges k\u00f6nyvet, melynek seg\u00edts\u00e9g\u00e9vel megismerhetj\u00fck \u00e9s elk\u00e9sz\u00edthetj\u00fck a tradicion\u00e1lis magyar konyha remekeit.<\/p>","protected":false},"featured_media":322,"template":"","meta":[],"product_cat":[16],"product_tag":[],"acf":[],"_links":{"self":[{"href":"https:\/\/buecherland-kaspar.de\/de\/wp-json\/wp\/v2\/product\/244"}],"collection":[{"href":"https:\/\/buecherland-kaspar.de\/de\/wp-json\/wp\/v2\/product"}],"about":[{"href":"https:\/\/buecherland-kaspar.de\/de\/wp-json\/wp\/v2\/types\/product"}],"wp:featuredmedia":[{"embeddable":true,"href":"https:\/\/buecherland-kaspar.de\/de\/wp-json\/wp\/v2\/media\/322"}],"wp:attachment":[{"href":"https:\/\/buecherland-kaspar.de\/de\/wp-json\/wp\/v2\/media?parent=244"}],"wp:term":[{"taxonomy":"product_cat","embeddable":true,"href":"https:\/\/buecherland-kaspar.de\/de\/wp-json\/wp\/v2\/product_cat?post=244"},{"taxonomy":"product_tag","embeddable":true,"href":"https:\/\/buecherland-kaspar.de\/de\/wp-json\/wp\/v2\/product_tag?post=244"}],"curies":[{"name":"wp","href":"https:\/\/api.w.org\/{rel}","templated":true}]}}