{"id":245,"date":"2020-04-17T19:21:50","date_gmt":"2020-04-17T17:21:50","guid":{"rendered":"http:\/\/buecherland-kaspar.de\/?post_type=product&#038;p=245"},"modified":"2020-04-20T20:06:44","modified_gmt":"2020-04-20T18:06:44","slug":"nagyi-valogatott-sutemenyei-3-nyelvu","status":"publish","type":"product","link":"https:\/\/buecherland-kaspar.de\/de\/product\/nagyi-valogatott-sutemenyei-3-nyelvu\/","title":{"rendered":"Nagyi v\u00e1logatott s\u00fctem\u00e9nyei (3 nyelv\u0171)"},"content":{"rendered":"<p>\"Ha valakik, akkor nagymam\u00e1ink azt\u00e1n igaz\u00e1n tudj\u00e1k, mit\u0151l lesz egy s\u00fctem\u00e9ny felejthetetlen \u00e9lm\u00e9ny, gyermekeik \u00e9s unok\u00e1ik kedvence. Megtanult\u00e1k \u0151k is a saj\u00e1t \u00e9desanyjukt\u00f3l, nagymam\u00e1jukt\u00f3l a j\u00f3l bev\u00e1lt recepteket, melyekbe azt\u00e1n beles\u00fct\u00f6tt\u00e9k sz\u00edv\u00fcket-lelk\u00fcket.<\/p>\n<p>A s\u00fctem\u00e9nyeket l\u00e1tv\u00e1nyos fot\u00f3kon mutatjuk be. Lefot\u00f3ztuk az elk\u00e9sz\u00edt\u00e9s f\u00e1zisait is, hogy a s\u00fctem\u00e9ny s\u00fct\u00e9s m\u00e9g k\u00f6nnyebb legyen.<\/p>\n<p>A k\u00f6nyv h\u00e1rom nyelven \u00edr\u00f3dott: magyar, angol \u00e9s n\u00e9met.\"<\/p>","protected":false},"excerpt":{"rendered":"<p>\"Ha valakik, akkor nagymam\u00e1ink azt\u00e1n igaz\u00e1n tudj\u00e1k, mit\u0151l lesz egy s\u00fctem\u00e9ny felejthetetlen \u00e9lm\u00e9ny, gyermekeik \u00e9s unok\u00e1ik kedvence. Megtanult\u00e1k \u0151k is a saj\u00e1t \u00e9desanyjukt\u00f3l, nagymam\u00e1jukt\u00f3l a j\u00f3l bev\u00e1lt recepteket, melyekbe azt\u00e1n beles\u00fct\u00f6tt\u00e9k sz\u00edv\u00fcket-lelk\u00fcket. A s\u00fctem\u00e9nyeket l\u00e1tv\u00e1nyos fot\u00f3kon mutatjuk be. Lefot\u00f3ztuk az elk\u00e9sz\u00edt\u00e9s f\u00e1zisait is, hogy a s\u00fctem\u00e9ny s\u00fct\u00e9s m\u00e9g k\u00f6nnyebb legyen. A k\u00f6nyv h\u00e1rom nyelven \u00edr\u00f3dott: [&hellip;]<\/p>","protected":false},"featured_media":328,"template":"","meta":[],"product_cat":[16],"product_tag":[],"acf":[],"_links":{"self":[{"href":"https:\/\/buecherland-kaspar.de\/de\/wp-json\/wp\/v2\/product\/245"}],"collection":[{"href":"https:\/\/buecherland-kaspar.de\/de\/wp-json\/wp\/v2\/product"}],"about":[{"href":"https:\/\/buecherland-kaspar.de\/de\/wp-json\/wp\/v2\/types\/product"}],"wp:featuredmedia":[{"embeddable":true,"href":"https:\/\/buecherland-kaspar.de\/de\/wp-json\/wp\/v2\/media\/328"}],"wp:attachment":[{"href":"https:\/\/buecherland-kaspar.de\/de\/wp-json\/wp\/v2\/media?parent=245"}],"wp:term":[{"taxonomy":"product_cat","embeddable":true,"href":"https:\/\/buecherland-kaspar.de\/de\/wp-json\/wp\/v2\/product_cat?post=245"},{"taxonomy":"product_tag","embeddable":true,"href":"https:\/\/buecherland-kaspar.de\/de\/wp-json\/wp\/v2\/product_tag?post=245"}],"curies":[{"name":"wp","href":"https:\/\/api.w.org\/{rel}","templated":true}]}}