{"id":246,"date":"2020-04-17T19:22:10","date_gmt":"2020-04-17T17:22:10","guid":{"rendered":"http:\/\/buecherland-kaspar.de\/?post_type=product&#038;p=246"},"modified":"2020-04-20T19:58:28","modified_gmt":"2020-04-20T17:58:28","slug":"gluten-es-cukormentes-konyha","status":"publish","type":"product","link":"https:\/\/buecherland-kaspar.de\/de\/product\/gluten-es-cukormentes-konyha\/","title":{"rendered":"Glut\u00e9n- \u00e9s cukormentes konyha"},"content":{"rendered":"<p>Ha k\u00f6r\u00fcln\u00e9z\u00fcnk magunk k\u00f6r\u00fcl, vagy ak\u00e1r k\u00f6zvetlen k\u00f6rnyezet\u00fcnkben, csal\u00e1dunkban, ismer\u0151seink k\u00f6z\u00f6tt, azt l\u00e1tjuk, hogy egyre t\u00f6bben allergi\u00e1sok valamire, sokak k\u00fczdenek k\u00fcl\u00f6nb\u00f6z\u0151 b\u0151rprobl\u00e9m\u00e1kkal, ekc\u00e9m\u00e1val, ismeretlen ki\u00fct\u00e9sekkel, ilyen-olyan \u00e9rz\u00e9kenys\u00e9ggel, elh\u00edz\u00e1ssal, cukorbetegs\u00e9ggel, sz\u00edv- \u00e9s \u00e9rrendszeri probl\u00e9m\u00e1kkal \u00e9s k\u00fcl\u00f6nf\u00e9le ment\u00e1lis betegs\u00e9gekkel.<br \/>\nSokszor a bajok kiv\u00e1lt\u00f3 oka is rejtve marad el\u0151tt\u00fcnk. Ebben a k\u00f6nyvben k\u00e9t nagyon gyakori betegs\u00e9g, a liszt\u00e9rz\u00e9kenys\u00e9g \u00e9s a cukorbetegs\u00e9g di\u00e9t\u00e1j\u00e1hoz szeretn\u00e9nk seg\u00edts\u00e9get ny\u00fajtani a receptjeinkkel. A liszt\u00e9rz\u00e9kenys\u00e9g nem gy\u00f3gy\u00edthat\u00f3, egyed\u00fcli hat\u00e1sos kezel\u00e9s az eg\u00e9sz \u00e9leten \u00e1t tart\u00f3 glut\u00e9nmentes di\u00e9ta. A cukorbetegs\u00e9g eset\u00e9n is az \u00e1llapothoz igazod\u00f3 di\u00e9ta minden esetben a kezel\u00e9s n\u00e9lk\u00fcl\u00f6zhetetlen, elhagyhatatlan r\u00e9sze.<br \/>\nSzak\u00e1csk\u00f6nyv\u00fcnkben t\u00f6bb sz\u00e1z glut\u00e9n- \u00e9s cukormentes recepteket k\u00edn\u00e1lunk \u00d6n\u00f6knek.<\/p>","protected":false},"excerpt":{"rendered":"<p>Ha k\u00f6r\u00fcln\u00e9z\u00fcnk magunk k\u00f6r\u00fcl, vagy ak\u00e1r k\u00f6zvetlen k\u00f6rnyezet\u00fcnkben, csal\u00e1dunkban, ismer\u0151seink k\u00f6z\u00f6tt, azt l\u00e1tjuk, hogy egyre t\u00f6bben allergi\u00e1sok valamire, sokak k\u00fczdenek k\u00fcl\u00f6nb\u00f6z\u0151 b\u0151rprobl\u00e9m\u00e1kkal, ekc\u00e9m\u00e1val, ismeretlen ki\u00fct\u00e9sekkel, ilyen-olyan \u00e9rz\u00e9kenys\u00e9ggel, elh\u00edz\u00e1ssal, cukorbetegs\u00e9ggel, sz\u00edv- \u00e9s \u00e9rrendszeri probl\u00e9m\u00e1kkal \u00e9s k\u00fcl\u00f6nf\u00e9le ment\u00e1lis betegs\u00e9gekkel. Sokszor a bajok kiv\u00e1lt\u00f3 oka is rejtve marad el\u0151tt\u00fcnk. Ebben a k\u00f6nyvben k\u00e9t nagyon gyakori betegs\u00e9g, a liszt\u00e9rz\u00e9kenys\u00e9g [&hellip;]<\/p>","protected":false},"featured_media":315,"template":"","meta":[],"product_cat":[16],"product_tag":[],"acf":[],"_links":{"self":[{"href":"https:\/\/buecherland-kaspar.de\/de\/wp-json\/wp\/v2\/product\/246"}],"collection":[{"href":"https:\/\/buecherland-kaspar.de\/de\/wp-json\/wp\/v2\/product"}],"about":[{"href":"https:\/\/buecherland-kaspar.de\/de\/wp-json\/wp\/v2\/types\/product"}],"wp:featuredmedia":[{"embeddable":true,"href":"https:\/\/buecherland-kaspar.de\/de\/wp-json\/wp\/v2\/media\/315"}],"wp:attachment":[{"href":"https:\/\/buecherland-kaspar.de\/de\/wp-json\/wp\/v2\/media?parent=246"}],"wp:term":[{"taxonomy":"product_cat","embeddable":true,"href":"https:\/\/buecherland-kaspar.de\/de\/wp-json\/wp\/v2\/product_cat?post=246"},{"taxonomy":"product_tag","embeddable":true,"href":"https:\/\/buecherland-kaspar.de\/de\/wp-json\/wp\/v2\/product_tag?post=246"}],"curies":[{"name":"wp","href":"https:\/\/api.w.org\/{rel}","templated":true}]}}