{"id":247,"date":"2020-04-17T19:22:36","date_gmt":"2020-04-17T17:22:36","guid":{"rendered":"http:\/\/buecherland-kaspar.de\/?post_type=product&#038;p=247"},"modified":"2020-04-20T20:14:16","modified_gmt":"2020-04-20T18:14:16","slug":"mesepszichologia-1","status":"publish","type":"product","link":"https:\/\/buecherland-kaspar.de\/de\/product\/mesepszichologia-1\/","title":{"rendered":"Mesepszichol\u00f3gia 1"},"content":{"rendered":"<p>Kutat\u00e1sok \u200bigazolj\u00e1k, hogy az \u00e9letben val\u00f3 bev\u00e1l\u00e1sunk nem csak \u00e9rtelmi k\u00e9pess\u00e9geinken m\u00falik. Az igazi sikereket \u00e9s \u2013 ami m\u00e9g fontosabb! \u2013 a bels\u0151 harm\u00f3ni\u00e1t, az \u00f6nmagunkkal val\u00f3 el\u00e9gedetts\u00e9get csak akkor \u00e9rhetj\u00fck el, ha k\u00e9pesek vagyunk felismerni a magunk \u00e9s m\u00e1sok \u00e9rzelmeit, kapcsolatokat teremteni, konfliktusokat kezelni, egy\u00fcttm\u0171k\u00f6dni, seg\u00edts\u00e9get k\u00e9rni, v\u00e1gyainkat k\u00e9sleltetni, kitartani\u2026 Vagyis, ha fejlett az \u00e9rzelmi intelligenci\u00e1nk.<\/p>\n<p>A mese az \u00e9rzelmi intelligencia fejleszt\u00e9s\u00e9nek legfontosabb eszk\u00f6ze, olyan lelki t\u00e1pl\u00e1l\u00e9k, amely \u00e9letre sz\u00f3l\u00f3 nyomokat hagy a gyermekben. Egyr\u00e9szt a mes\u00e9l\u00e9s saj\u00e1tos szitu\u00e1ci\u00f3ja, bens\u0151s\u00e9ges hangulata adja meg az \u00e9rzelmi biztons\u00e1got, azt a nyugodt, csendes \u00e9s szeretetteljes l\u00e9gk\u00f6rt, amelyben meg lehet pihenni, el lehet lazulni, a r\u00edtust, amivel le lehet z\u00e1rni egy mozgalmas \u00e9s esem\u00e9nyd\u00fas napot. \u00c1m a kisgyerek a mesehallgat\u00e1s sor\u00e1n nemcsak a sz\u00fcl\u0151re, hanem befel\u00e9 is figyel, saj\u00e1t v\u00e1gyainak megfelel\u0151 fant\u00e1ziak\u00e9pet alkot, ami seg\u00edti \u0151t a nap folyam\u00e1n felgy\u0171lt bels\u0151 fesz\u00fclts\u00e9gei, negat\u00edv \u00e9rz\u00e9sei, f\u00e9lelmei feldolgoz\u00e1s\u00e1ban.<br \/>\nAdjuk h\u00e1t meg neki a lehet\u0151s\u00e9get arra, hogy az \u00e9gig \u00e9r\u0151 fa cs\u00facs\u00e1ra kis kan\u00e1szk\u00e9nt felkapaszkodhasson! Annak a gyermeknek, aki mes\u00e9t hallgatva n\u0151 fel, var\u00e1zsp\u00e1lc\u00e1ja a saj\u00e1t elm\u00e9je lesz, \u00e9s k\u00e9pzelete, \u00e9rzelmi intelligenci\u00e1ja seg\u00edti majd a megpr\u00f3b\u00e1ltat\u00e1sok k\u00f6zepette.<br \/>\nHogy mik\u00e9nt t\u00e1mogathatjuk \u0151t ebben? Err\u0151l \u00edrtam ezt a k\u00f6nyvet, mely t\u00edz mes\u00e9t is tartalmaz egy Lilla nev\u0171 kisl\u00e1nyr\u00f3l, akinek k\u00e9pzeletbeli bar\u00e1tja, T\u00fcnd\u00e9rbogy\u00f3 seg\u00edt \u00e9rzelmi konfliktusainak megold\u00e1s\u00e1ban. A mes\u00e9k 4-9 \u00e9ves gyerekeknek sz\u00f3lnak, \u00e9s seg\u00edtenek a frusztr\u00e1ci\u00f3k, csal\u00f3d\u00e1sok elvisel\u00e9s\u00e9ben, a pozit\u00edv \u00e9s negat\u00edv \u00e9rzelmek tudatos\u00edt\u00e1s\u00e1ban, a f\u00e9lelmek megszel\u00edd\u00edt\u00e9s\u00e9ben, a testv\u00e9rf\u00e9lt\u00e9kenys\u00e9g kezel\u00e9s\u00e9ben, a vesztes\u00e9gek elfogad\u00e1s\u00e1ban \u00e9s az \u00f6nfeledt j\u00e1t\u00e9kban. A sz\u00fcl\u0151knek el\u00e1rulom: \u00e9n voltam az a kisl\u00e1ny, aki att\u00f3l f\u00e9lt, hogy a boszork\u00e1ny megcsiklandozza a l\u00e1b\u00e1t, \u00e9n vittem haza a kisegeret, ut\u00e1nam j\u00f6tt ki a nagyap\u00e1m borotvahabos arccal. T\u00fcnd\u00e9rbogy\u00f3 pedig az \u00e9n bels\u0151 hangom volt, akit most ebben a form\u00e1ban megszem\u00e9lyes\u00edtettem.<\/p>\n<p>Dr. K\u00e1d\u00e1r Annam\u00e1ria: Pszichol\u00f3gus, egyetemi adjunktus, a Babes-Bolyai Tudom\u00e1nyegyetem marosv\u00e1s\u00e1rhelyi kirendelts\u00e9g\u00e9nek vezet\u0151je. Diplomamunk\u00e1j\u00e1ban \u00e9s doktori disszert\u00e1ci\u00f3j\u00e1ban t\u00f6bb mint ezer, gyermekek \u00e1ltal \u00edrt mes\u00e9t vizsg\u00e1lt meg. Dolgozott iskolapszichol\u00f3gusk\u00e9nt, jelenleg pedig az \u00f3voda \u00e9s elemi oktat\u00e1s pedag\u00f3gi\u00e1ja szakon tan\u00edt. Tr\u00e9nerk\u00e9nt rendszeresen tart az \u00e9rzelmi intelligencia fejleszt\u00e9s\u00e9t c\u00e9lz\u00f3 tr\u00e9ningeket. Az Erd\u00e9ly FM r\u00e1di\u00f3 Pszichotrill\u00e1k c\u00edm\u0171 m\u0171sor\u00e1nak szak\u00e9rt\u0151je \u00e9s t\u00e1rsszerkeszt\u0151je. T\u00f6bbsz\u00f6r tartott m\u00e1r el\u0151ad\u00e1st a Nyitott Akad\u00e9mi\u00e1n \u2013 kirobban\u00f3 temperamentum\u00e1t, \u00edzes erd\u00e9lyi besz\u00e9d\u00e9t, der\u0171s, szeretetteljes l\u00e9ny\u00e9t \u00e9s hum\u00e1nus gondolatait vastapssal jutalmazta a k\u00f6z\u00f6ns\u00e9g.<\/p>","protected":false},"excerpt":{"rendered":"<p>Kutat\u00e1sok \u200bigazolj\u00e1k, hogy az \u00e9letben val\u00f3 bev\u00e1l\u00e1sunk nem csak \u00e9rtelmi k\u00e9pess\u00e9geinken m\u00falik. Az igazi sikereket \u00e9s \u2013 ami m\u00e9g fontosabb! \u2013 a bels\u0151 harm\u00f3ni\u00e1t, az \u00f6nmagunkkal val\u00f3 el\u00e9gedetts\u00e9get csak akkor \u00e9rhetj\u00fck el, ha k\u00e9pesek vagyunk felismerni a magunk \u00e9s m\u00e1sok \u00e9rzelmeit, kapcsolatokat teremteni, konfliktusokat kezelni, egy\u00fcttm\u0171k\u00f6dni, seg\u00edts\u00e9get k\u00e9rni, v\u00e1gyainkat k\u00e9sleltetni, kitartani\u2026 Vagyis, ha fejlett az [&hellip;]<\/p>","protected":false},"featured_media":341,"template":"","meta":[],"product_cat":[16],"product_tag":[],"acf":[],"_links":{"self":[{"href":"https:\/\/buecherland-kaspar.de\/de\/wp-json\/wp\/v2\/product\/247"}],"collection":[{"href":"https:\/\/buecherland-kaspar.de\/de\/wp-json\/wp\/v2\/product"}],"about":[{"href":"https:\/\/buecherland-kaspar.de\/de\/wp-json\/wp\/v2\/types\/product"}],"wp:featuredmedia":[{"embeddable":true,"href":"https:\/\/buecherland-kaspar.de\/de\/wp-json\/wp\/v2\/media\/341"}],"wp:attachment":[{"href":"https:\/\/buecherland-kaspar.de\/de\/wp-json\/wp\/v2\/media?parent=247"}],"wp:term":[{"taxonomy":"product_cat","embeddable":true,"href":"https:\/\/buecherland-kaspar.de\/de\/wp-json\/wp\/v2\/product_cat?post=247"},{"taxonomy":"product_tag","embeddable":true,"href":"https:\/\/buecherland-kaspar.de\/de\/wp-json\/wp\/v2\/product_tag?post=247"}],"curies":[{"name":"wp","href":"https:\/\/api.w.org\/{rel}","templated":true}]}}