{"id":248,"date":"2020-04-17T19:22:55","date_gmt":"2020-04-17T17:22:55","guid":{"rendered":"http:\/\/buecherland-kaspar.de\/?post_type=product&#038;p=248"},"modified":"2020-04-20T20:09:14","modified_gmt":"2020-04-20T18:09:14","slug":"mesepszichologia-2","status":"publish","type":"product","link":"https:\/\/buecherland-kaspar.de\/de\/product\/mesepszichologia-2\/","title":{"rendered":"Mesepszichol\u00f3gia 2"},"content":{"rendered":"<p>A Mesepszichol\u00f3gia els\u0151 r\u00e9sz\u00e9ben a mese szerep\u00e9re, az \u00e9letkori saj\u00e1toss\u00e1goknak megfelel\u0151 mesev\u00e1laszt\u00e1sra \u00e9s a mese \u00e9rzelmi intelligencia fejleszt\u0151 hat\u00e1s\u00e1ra koncentr\u00e1ltam. A m\u00e1sodik r\u00e9szben a sz\u00fcl\u0151-gyermek kapcsolat \u00fatveszt\u0151it, azokat a \"\"k\u00e9nyes\"\" nevel\u00e9si helyzeteket veszem g\u00f3rcs\u0151 al\u00e1, amelyekben csak a hiteles sz\u00fcl\u0151i jelenl\u00e9t hozhat val\u00f3di megold\u00e1st. A mese ugyanis az \u00e9n megk\u00f6zel\u00edt\u00e9semben nemcsak n\u00e9pmes\u00e9t \u00e9s m\u0171mes\u00e9t jelent, hanem a saj\u00e1t \u00e9letmes\u00e9nket is: azt a t\u00f6rt\u00e9netet, amelyet \u00f6nmagunkr\u00f3l, gy\u00f6kereinkr\u0151l, hitvall\u00e1sunkr\u00f3l, \u00e1lmainkr\u00f3l \u00e9s c\u00e9ljainkr\u00f3l, f\u00e9lelmeinkr\u0151l \u00e9s f\u00e1jdalmainkr\u00f3l, kudarcainkr\u00f3l \u00e9s gy\u0151zelmeinkr\u0151l mondunk el \u00f6nmagunknak \u00e9s a gyermek\u00fcnknek. Ezt r\u00e1ad\u00e1sul nemcsak este vagy az erre sz\u00e1nt pillanatokban, de folyamatosan mes\u00e9lj\u00fck, sokszor szavak n\u00e9lk\u00fcl is - a jelenl\u00e9t\u00fcnkkel, viselked\u00e9s\u00fcnkkel, \u00f6nmagunkhoz, az emberekhez \u00e9s a vil\u00e1ghoz val\u00f3 hozz\u00e1\u00e1ll\u00e1sunkkal.<\/p>\n<p>Sz\u00fcl\u0151k\u00e9nt, pedag\u00f3gusk\u00e9nt a nevel\u00e9s sor\u00e1n is a magunk t\u00f6rt\u00e9net\u00e9t mes\u00e9lj\u00fck. A szab\u00e1lyok, hat\u00e1rok kijel\u00f6l\u00e9se \u00e9s betartat\u00e1sa; a motiv\u00e1l\u00e1s; a probl\u00e9mamegold\u00e1s k\u00e9rd\u00e9seiben t\u00f6rt\u00e9n\u0151 v\u00e1laszt\u00e1sok mind r\u00f3lunk, a mi vil\u00e1gk\u00e9p\u00fcnkr\u0151l sz\u00f3lnak. Tetteinkkel mes\u00e9lj\u00fck el, hogy miben hisz\u00fcnk, mi\u00e9rt k\u00fczd\u00fcnk, mi az, ami tov\u00e1bbvisz a neh\u00e9z helyzetekben - \u00e9s azt is, hogy mikor adjuk fel. B\u00e1r egy-egy nevel\u00e9si probl\u00e9ma kapcs\u00e1n legt\u00f6bbsz\u00f6r a gyermek\u00fcnk viselked\u00e9s\u00e9re f\u00f3kusz\u00e1lunk, azt szeretn\u00e9nk megv\u00e1ltoztatni, r\u00f3lunk mes\u00e9l az is, hogy melyik az a konfliktushelyzet, ami dr\u00e1mai fesz\u00fclts\u00e9get okoz benn\u00fcnk, \u00e9s az is, hogy mit kezd\u00fcnk vele. A gyermek b\u00e1mulatos pontoss\u00e1ggal mutat r\u00e1 arra, amin dolgoznunk kell, a vele kapcsolatos neh\u00e9zs\u00e9gek jelz\u00e9sek - \u00e9s egyben lehet\u0151s\u00e9gek is a tov\u00e1bbl\u00e9p\u00e9sre. Felh\u00edvj\u00e1k a figyelm\u00fcnket arra, hogy miben kell v\u00e1ltoznunk, fejl\u0151dn\u00fcnk. Igen, ha engedj\u00fck, gyermek\u00fcnk \u00e1t\u00edrja a t\u00f6rt\u00e9net\u00fcnket - \u00e9s ebben a folyamatban mi v\u00e1lunk tanul\u00f3v\u00e1.<\/p>\n<p>M\u00e1sodik k\u00f6nyvemben t\u00falnyom\u00f3r\u00e9szt azokr\u00f3l a nevel\u00e9si k\u00e9rd\u00e9sekr\u0151l \u00edrok, amelyekkel kapcsolatban a legt\u00f6bbsz\u00f6r k\u00e9rtek t\u0151lem tan\u00e1csot az elm\u00falt \u00e9vek sor\u00e1n, \u00e9s igyekszem megmutatni azt is, hogy mik\u00e9nt jelennek meg ezek a helyzetek a mes\u00e9kben. Korcsoportokra \u00e9s t\u00e9mak\u00f6r\u00f6kre lebontva aj\u00e1nlok olyan, val\u00f3ban magas sz\u00ednvonal\u00fa, magyar \u00e9s k\u00fclf\u00f6ldi szerz\u0151k \u00e1ltal \u00edrt mes\u00e9ket, melyeknek meggy\u0151z\u0151d\u00e9sem szerint j\u00f3 haszn\u00e1t vehetj\u00fck a probl\u00e9m\u00e1k megold\u00e1s\u00e1ban.<\/p>\n<p>A k\u00f6tet t\u00edz \u00fajabb, \u00e1ltalam \u00edrt \u00e9rzelmi intelligencia fejleszt\u0151 mes\u00e9t is tartalmaz a 4-9 \u00e9ves koroszt\u00e1ly sz\u00e1m\u00e1ra. Nagy kedvvel folytattam Lilla \u00e9s T\u00fcnd\u00e9rbogy\u00f3 t\u00f6rt\u00e9net\u00e9t, akik sz\u00e1mos \u00fajabb kaland sor\u00e1n fedezik fel a k\u00fcls\u0151 \u00e9s bels\u0151 vil\u00e1got.<\/p>","protected":false},"excerpt":{"rendered":"<p>A Mesepszichol\u00f3gia els\u0151 r\u00e9sz\u00e9ben a mese szerep\u00e9re, az \u00e9letkori saj\u00e1toss\u00e1goknak megfelel\u0151 mesev\u00e1laszt\u00e1sra \u00e9s a mese \u00e9rzelmi intelligencia fejleszt\u0151 hat\u00e1s\u00e1ra koncentr\u00e1ltam. A m\u00e1sodik r\u00e9szben a sz\u00fcl\u0151-gyermek kapcsolat \u00fatveszt\u0151it, azokat a \"\"k\u00e9nyes\"\" nevel\u00e9si helyzeteket veszem g\u00f3rcs\u0151 al\u00e1, amelyekben csak a hiteles sz\u00fcl\u0151i jelenl\u00e9t hozhat val\u00f3di megold\u00e1st. A mese ugyanis az \u00e9n megk\u00f6zel\u00edt\u00e9semben nemcsak n\u00e9pmes\u00e9t \u00e9s m\u0171mes\u00e9t jelent, [&hellip;]<\/p>","protected":false},"featured_media":332,"template":"","meta":[],"product_cat":[16],"product_tag":[],"acf":[],"_links":{"self":[{"href":"https:\/\/buecherland-kaspar.de\/de\/wp-json\/wp\/v2\/product\/248"}],"collection":[{"href":"https:\/\/buecherland-kaspar.de\/de\/wp-json\/wp\/v2\/product"}],"about":[{"href":"https:\/\/buecherland-kaspar.de\/de\/wp-json\/wp\/v2\/types\/product"}],"wp:featuredmedia":[{"embeddable":true,"href":"https:\/\/buecherland-kaspar.de\/de\/wp-json\/wp\/v2\/media\/332"}],"wp:attachment":[{"href":"https:\/\/buecherland-kaspar.de\/de\/wp-json\/wp\/v2\/media?parent=248"}],"wp:term":[{"taxonomy":"product_cat","embeddable":true,"href":"https:\/\/buecherland-kaspar.de\/de\/wp-json\/wp\/v2\/product_cat?post=248"},{"taxonomy":"product_tag","embeddable":true,"href":"https:\/\/buecherland-kaspar.de\/de\/wp-json\/wp\/v2\/product_tag?post=248"}],"curies":[{"name":"wp","href":"https:\/\/api.w.org\/{rel}","templated":true}]}}