{"id":249,"date":"2020-04-17T19:23:25","date_gmt":"2020-04-17T17:23:25","guid":{"rendered":"http:\/\/buecherland-kaspar.de\/?post_type=product&#038;p=249"},"modified":"2020-04-20T20:19:15","modified_gmt":"2020-04-20T18:19:15","slug":"mesepszichologia-a-gyakorlatban","status":"publish","type":"product","link":"https:\/\/buecherland-kaspar.de\/de\/product\/mesepszichologia-a-gyakorlatban\/","title":{"rendered":"Mesepszichol\u00f3gia a gyakorlatban"},"content":{"rendered":"<p>A mes\u00e9kben a h\u0151s sz\u00e1mos neh\u00e9z pr\u00f3bat\u00e9telen kereszt\u00fcl jut el a c\u00e9lj\u00e1ig. Gyermek\u00fcnknek feln\u00f6veked\u00e9se sor\u00e1n ugyancsak meg kell k\u00fczdenie a k\u00fcls\u0151 \u00e9s bels\u0151 s\u00e1rk\u00e1nyokkal, vagyis a k\u00fclvil\u00e1g kih\u00edv\u00e1sai mellett saj\u00e1t f\u00e9lelmeivel, szorong\u00e1saival, kishit\u0171s\u00e9g\u00e9vel, ellentmond\u00e1sos \u00e9rz\u00e9seivel, indulataival, v\u00e1gyaival is - de a pr\u00f3b\u00e1k alatt \u00e9rik, fejl\u0151dik, v\u00e1lik egyre gazdagabb\u00e1 a szem\u00e9lyis\u00e9ge.<br \/>\nAz \u00f6nbecs\u00fcl\u00e9s \u00e9s a k\u00fczd\u0151k\u00e9pess\u00e9g megalapoz\u00e1sa nem azt jelenti, hogy \"\"kip\u00e1rn\u00e1zzuk\"\" a vil\u00e1got gyermek\u00fcnk k\u00f6r\u00fcl, \u00e9s mindent megtesz\u00fcnk, hogy elker\u00fclje a negat\u00edv \u00e9rzelmeket, hanem hogy seg\u00edt\u00fcnk ezeknek a meg\u00e9rt\u00e9s\u00e9ben, meg\u00e9l\u00e9s\u00e9ben \u00e9s a neh\u00e9z helyzetekkel val\u00f3 sikeres megk\u00fczd\u00e9sben. Sz\u00fcl\u0151k\u00e9nt, pedag\u00f3gusk\u00e9nt nem j\u00e1rhatjuk v\u00e9gig helyette az \u00fatj\u00e1t, de hamuban s\u00fclt pog\u00e1csak\u00e9nt rengeteg er\u0151forr\u00e1st tehet\u00fcnk a tariszny\u00e1j\u00e1ba.<br \/>\nSzerz\u0151t\u00e1rsammal, Kerekes Val\u00e9ri\u00e1val egy olyan, a gyakorlatban j\u00f3l haszn\u00e1lhat\u00f3 k\u00f6nyvet szeretn\u00e9nk az olvas\u00f3ink - sz\u00fcl\u0151k, nagysz\u00fcl\u0151k, pedag\u00f3gusok - kez\u00e9be adni, amely megmutatja, hogy a saj\u00e1t \u00e9s csal\u00e1dt\u00f6rt\u00e9net\u00fcnk megalkot\u00e1sa hogyan j\u00e1rul hozz\u00e1 az \u00f6nbecs\u00fcl\u00e9s\u00fcnk n\u00f6vel\u00e9s\u00e9hez, \u00e9s hogy a r\u00edtusok, szok\u00e1sok kialak\u00edt\u00e1sa \u00e1ltal mik\u00e9nt lehet a k\u00fcls\u0151-bels\u0151 vil\u00e1gunkban rendet teremteni. A kommunik\u00e1ci\u00f3s \u00e9s \u00e9rzelmi tipol\u00f3gia, valamint a hozz\u00e1 tartoz\u00f3 \"\"haszn\u00e1lati \u00fatmutat\u00f3\"\" seg\u00edt jobban meg\u00e9rteni gyermek\u00fcnket, \u00e9s r\u00e1vil\u00e1g\u00edt arra, hogy ugyanazt a k\u00fczdelmet t\u00f6bbf\u00e9lek\u00e9ppen is meg lehet v\u00edvni.<br \/>\nKonkr\u00e9t foglalkoz\u00e1sv\u00e1zlatokat is \u00f6ssze\u00e1ll\u00edtottunk a n\u00e9pmes\u00e9k \u00e9rzelmi f\u00f3kuszb\u00f3l kiindul\u00f3 feldolgoz\u00e1s\u00e1hoz \u00e9s a Lilla \u00e9s T\u00fcnd\u00e9rbogy\u00f3 c\u00edm\u0171 k\u00f6tetben megjelent \u00e9rzelmi intelligencia fejleszt\u0151 mes\u00e9k j\u00e1t\u00e9kos megk\u00f6zel\u00edt\u00e9s\u00e9hez. A k\u00f6zel k\u00e9tsz\u00e1z m\u00f3dszertani \u00e9s j\u00e1t\u00e9k\u00f6tlet a sz\u00fcl\u0151-gyermek \u00e9s a sz\u00fcl\u0151-pedag\u00f3gus kapcsolat m\u00e9ly\u00edt\u00e9s\u00e9t is seg\u00edti. K\u00edv\u00e1njuk, hogy ezek a mes\u00e9k \u00e9s j\u00e1t\u00e9kok keljenek \u00e9letre a csal\u00e1dokban, \u00f3vod\u00e1kban \u00e9s iskol\u00e1kban!<br \/>\nA mes\u00e9ben a fi\u00fa addig nem indul szerencs\u00e9t pr\u00f3b\u00e1lni, am\u00edg \u00e1ld\u00e1st nem kap a terv\u00e9re. Hadd kedveskedj\u00fcnk h\u00e1t ezzel a r\u00e9gi erd\u00e9lyi \u00e1ld\u00e1ssal minden sz\u00fcl\u0151nek \u00e9s pedag\u00f3gusnak, aki a gyermek k\u00eds\u00e9r\u0151j\u00e9\u00fcl szeg\u0151dik ezen a kalandos, veszedelmekkel, kih\u00edv\u00e1sokkal, ugyanakkor nagyon sok \u00f6r\u00f6mmel teli \u00faton.<br \/>\n\"\"Legyen el\u0151tted mindig \u00fat, f\u00fajjon h\u00e1tad m\u00f6g\u00fcl a sz\u00e9l, melegen s\u00fcsse arcodat a nap, az es\u0151 puh\u00e1n essen f\u00f6ldjeidre, s m\u00edg \u00fajra tal\u00e1lkozunk, hordozzon tenyer\u00e9n az Isten.<\/p>","protected":false},"excerpt":{"rendered":"<p>A mes\u00e9kben a h\u0151s sz\u00e1mos neh\u00e9z pr\u00f3bat\u00e9telen kereszt\u00fcl jut el a c\u00e9lj\u00e1ig. Gyermek\u00fcnknek feln\u00f6veked\u00e9se sor\u00e1n ugyancsak meg kell k\u00fczdenie a k\u00fcls\u0151 \u00e9s bels\u0151 s\u00e1rk\u00e1nyokkal, vagyis a k\u00fclvil\u00e1g kih\u00edv\u00e1sai mellett saj\u00e1t f\u00e9lelmeivel, szorong\u00e1saival, kishit\u0171s\u00e9g\u00e9vel, ellentmond\u00e1sos \u00e9rz\u00e9seivel, indulataival, v\u00e1gyaival is - de a pr\u00f3b\u00e1k alatt \u00e9rik, fejl\u0151dik, v\u00e1lik egyre gazdagabb\u00e1 a szem\u00e9lyis\u00e9ge. Az \u00f6nbecs\u00fcl\u00e9s \u00e9s a k\u00fczd\u0151k\u00e9pess\u00e9g [&hellip;]<\/p>","protected":false},"featured_media":351,"template":"","meta":[],"product_cat":[16],"product_tag":[],"acf":[],"_links":{"self":[{"href":"https:\/\/buecherland-kaspar.de\/de\/wp-json\/wp\/v2\/product\/249"}],"collection":[{"href":"https:\/\/buecherland-kaspar.de\/de\/wp-json\/wp\/v2\/product"}],"about":[{"href":"https:\/\/buecherland-kaspar.de\/de\/wp-json\/wp\/v2\/types\/product"}],"wp:featuredmedia":[{"embeddable":true,"href":"https:\/\/buecherland-kaspar.de\/de\/wp-json\/wp\/v2\/media\/351"}],"wp:attachment":[{"href":"https:\/\/buecherland-kaspar.de\/de\/wp-json\/wp\/v2\/media?parent=249"}],"wp:term":[{"taxonomy":"product_cat","embeddable":true,"href":"https:\/\/buecherland-kaspar.de\/de\/wp-json\/wp\/v2\/product_cat?post=249"},{"taxonomy":"product_tag","embeddable":true,"href":"https:\/\/buecherland-kaspar.de\/de\/wp-json\/wp\/v2\/product_tag?post=249"}],"curies":[{"name":"wp","href":"https:\/\/api.w.org\/{rel}","templated":true}]}}