{"id":252,"date":"2020-04-17T19:24:40","date_gmt":"2020-04-17T17:24:40","guid":{"rendered":"http:\/\/buecherland-kaspar.de\/?post_type=product&#038;p=252"},"modified":"2020-04-20T20:15:57","modified_gmt":"2020-04-20T18:15:57","slug":"hiszti","status":"publish","type":"product","link":"https:\/\/buecherland-kaspar.de\/de\/product\/hiszti\/","title":{"rendered":"Hiszti"},"content":{"rendered":"<p>A kisgyermekkori hiszti az a probl\u00e9ma, ami a legt\u00f6bb sz\u00fcl\u0151t tan\u00e1cstalann\u00e1 teszi. B\u00e1r csodam\u00f3dszerek nincsenek, mesek\u00f6nyv\u00fcnk m\u00e9gis megpr\u00f3b\u00e1lkozik a lehetetlennel: a hisztik el\u0171z\u00e9s\u00e9re mes\u00e9k seg\u00edts\u00e9g\u00e9vel. K\u00f6tet\u00fcnkben tal\u00e1lhat\u00f3 r\u00f6vid mes\u00e9k 2-4 \u00e9ves gyerekeknek \u00e9s tan\u00e1cstalan sz\u00fcleiknek \u00edr\u00f3dtak, \u00e9s olyan mindennapi \u00e9lethelyzeteken pr\u00f3b\u00e1lnak seg\u00edteni, amikor gyermek\u00fcnk nem akar felkelni vagy \u00e9ppen lefek\u00fcdni, nem szeretne enni, inni, f\u00fcr\u00f6dni, fogat mosni, fel\u00f6lt\u00f6zni, \u00f3vod\u00e1ba menni vagy \u00e9ppen hazaj\u00f6nni onnan, stb. Mesek\u00f6nyv\u00fcnk teh\u00e1t azokat a probl\u00e9m\u00e1kat pr\u00f3b\u00e1lja orvosolni, amivel valamennyi sz\u00fcl\u0151 szembes\u00fcl, amikor gyermeke bel\u00e9p a \"\"rettegett\"\" dackorszakba.  <\/p>","protected":false},"excerpt":{"rendered":"<p>A kisgyermekkori hiszti az a probl\u00e9ma, ami a legt\u00f6bb sz\u00fcl\u0151t tan\u00e1cstalann\u00e1 teszi. B\u00e1r csodam\u00f3dszerek nincsenek, mesek\u00f6nyv\u00fcnk m\u00e9gis megpr\u00f3b\u00e1lkozik a lehetetlennel: a hisztik el\u0171z\u00e9s\u00e9re mes\u00e9k seg\u00edts\u00e9g\u00e9vel. K\u00f6tet\u00fcnkben tal\u00e1lhat\u00f3 r\u00f6vid mes\u00e9k 2-4 \u00e9ves gyerekeknek \u00e9s tan\u00e1cstalan sz\u00fcleiknek \u00edr\u00f3dtak, \u00e9s olyan mindennapi \u00e9lethelyzeteken pr\u00f3b\u00e1lnak seg\u00edteni, amikor gyermek\u00fcnk nem akar felkelni vagy \u00e9ppen lefek\u00fcdni, nem szeretne enni, inni, f\u00fcr\u00f6dni, [&hellip;]<\/p>","protected":false},"featured_media":345,"template":"","meta":[],"product_cat":[16],"product_tag":[],"acf":[],"_links":{"self":[{"href":"https:\/\/buecherland-kaspar.de\/de\/wp-json\/wp\/v2\/product\/252"}],"collection":[{"href":"https:\/\/buecherland-kaspar.de\/de\/wp-json\/wp\/v2\/product"}],"about":[{"href":"https:\/\/buecherland-kaspar.de\/de\/wp-json\/wp\/v2\/types\/product"}],"wp:featuredmedia":[{"embeddable":true,"href":"https:\/\/buecherland-kaspar.de\/de\/wp-json\/wp\/v2\/media\/345"}],"wp:attachment":[{"href":"https:\/\/buecherland-kaspar.de\/de\/wp-json\/wp\/v2\/media?parent=252"}],"wp:term":[{"taxonomy":"product_cat","embeddable":true,"href":"https:\/\/buecherland-kaspar.de\/de\/wp-json\/wp\/v2\/product_cat?post=252"},{"taxonomy":"product_tag","embeddable":true,"href":"https:\/\/buecherland-kaspar.de\/de\/wp-json\/wp\/v2\/product_tag?post=252"}],"curies":[{"name":"wp","href":"https:\/\/api.w.org\/{rel}","templated":true}]}}