{"id":253,"date":"2020-04-17T19:25:09","date_gmt":"2020-04-17T17:25:09","guid":{"rendered":"http:\/\/buecherland-kaspar.de\/?post_type=product&#038;p=253"},"modified":"2020-04-20T20:32:23","modified_gmt":"2020-04-20T18:32:23","slug":"pozitiv","status":"publish","type":"product","link":"https:\/\/buecherland-kaspar.de\/de\/product\/pozitiv\/","title":{"rendered":"Pozit\u00edv"},"content":{"rendered":"<p>L\u00e9gy pozit\u00edv!<br \/>\nDe hogyan?<\/p>\n<p>Mesek\u00f6nyv\u00fcnk az \u00f3vod\u00e1s \u00e9s a kisiskol\u00e1s koroszt\u00e1ly r\u00e9sz\u00e9re mutatja be a pozit\u00edv gondolkod\u00e1s fontoss\u00e1g\u00e1t. A c\u00e9l nem az, hogy a gyermekek figyelmen k\u00edv\u00fcl hagyj\u00e1k a negat\u00edv dolgokat, hanem hogy megtanulj\u00e1k \u00e9lvezni a k\u00f6r\u00fcl\u00f6tt\u00fck l\u00e9v\u0151 vil\u00e1got, \u00e9rt\u00e9kelni a csal\u00e1dot \u00e9s a bar\u00e1tokat, hogy b\u00e1tran pr\u00f3b\u00e1ljanak ki \u00faj dolgokat, \u00e9s kitart\u00f3ak maradjanak m\u00e9g akkor is, ha nem alakul minden a terveik szerint.<br \/>\nMes\u00e9k, melyek fejlesztik a gyermekek szem\u00e9lyis\u00e9g\u00e9t, k\u00e9pess\u00e9geit, hogy pozit\u00edvan \u00e1lljanak az \u00e9let dolgaihoz, fejlesztik a \"\"k\u00e9pes vagyok r\u00e1\"\" hozz\u00e1\u00e1ll\u00e1sukat.<br \/>\nMes\u00e9k, melyek seg\u00edtenek a gyerekeknek abban, hogy \u00e9szrevegy\u00e9k magukban \u00e9s maguk k\u00f6r\u00fcl azt, ami \u00e9rt\u00e9kes.<br \/>\nMes\u00e9k, amelyek megtan\u00edtj\u00e1k \u0151ket arra, hogy minden napban tal\u00e1lj\u00e1k meg a pozit\u00edvumot, ami \u00e9rtelmet ad az adott napnak.<br \/>\nMes\u00e9k, amelyek seg\u00edts\u00e9g\u00e9vel k\u00f6nnyebben el\u00e9rhetik a c\u00e9ljaikat, magabiztosabb\u00e1 \u00e9s kiegyens\u00falyozottabb\u00e1 v\u00e1lhatnak.<\/p>","protected":false},"excerpt":{"rendered":"<p>L\u00e9gy pozit\u00edv! De hogyan? Mesek\u00f6nyv\u00fcnk az \u00f3vod\u00e1s \u00e9s a kisiskol\u00e1s koroszt\u00e1ly r\u00e9sz\u00e9re mutatja be a pozit\u00edv gondolkod\u00e1s fontoss\u00e1g\u00e1t. A c\u00e9l nem az, hogy a gyermekek figyelmen k\u00edv\u00fcl hagyj\u00e1k a negat\u00edv dolgokat, hanem hogy megtanulj\u00e1k \u00e9lvezni a k\u00f6r\u00fcl\u00f6tt\u00fck l\u00e9v\u0151 vil\u00e1got, \u00e9rt\u00e9kelni a csal\u00e1dot \u00e9s a bar\u00e1tokat, hogy b\u00e1tran pr\u00f3b\u00e1ljanak ki \u00faj dolgokat, \u00e9s kitart\u00f3ak maradjanak m\u00e9g [&hellip;]<\/p>","protected":false},"featured_media":370,"template":"","meta":[],"product_cat":[16],"product_tag":[],"acf":[],"_links":{"self":[{"href":"https:\/\/buecherland-kaspar.de\/de\/wp-json\/wp\/v2\/product\/253"}],"collection":[{"href":"https:\/\/buecherland-kaspar.de\/de\/wp-json\/wp\/v2\/product"}],"about":[{"href":"https:\/\/buecherland-kaspar.de\/de\/wp-json\/wp\/v2\/types\/product"}],"wp:featuredmedia":[{"embeddable":true,"href":"https:\/\/buecherland-kaspar.de\/de\/wp-json\/wp\/v2\/media\/370"}],"wp:attachment":[{"href":"https:\/\/buecherland-kaspar.de\/de\/wp-json\/wp\/v2\/media?parent=253"}],"wp:term":[{"taxonomy":"product_cat","embeddable":true,"href":"https:\/\/buecherland-kaspar.de\/de\/wp-json\/wp\/v2\/product_cat?post=253"},{"taxonomy":"product_tag","embeddable":true,"href":"https:\/\/buecherland-kaspar.de\/de\/wp-json\/wp\/v2\/product_tag?post=253"}],"curies":[{"name":"wp","href":"https:\/\/api.w.org\/{rel}","templated":true}]}}