{"id":254,"date":"2020-04-17T19:25:27","date_gmt":"2020-04-17T17:25:27","guid":{"rendered":"http:\/\/buecherland-kaspar.de\/?post_type=product&#038;p=254"},"modified":"2020-04-20T20:21:34","modified_gmt":"2020-04-20T18:21:34","slug":"motivalo","status":"publish","type":"product","link":"https:\/\/buecherland-kaspar.de\/de\/product\/motivalo\/","title":{"rendered":"Motiv\u00e1l\u00f3"},"content":{"rendered":"<p>Gyakran igazi kih\u00edv\u00e1st jelent olyasmire r\u00e1venni gyermek\u00fcnket, amihez nincs kedve, olyan tev\u00e9kenys\u00e9gben motiv\u00e1lni \u0151t, amit nem akar elv\u00e9gezni. Ezeknek a \"\"nem szeretem\"\" tev\u00e9kenys\u00e9geknek a k\u00f6re nagyon sz\u00e9les, lehet ez a tanul\u00e1s, a h\u00e1zimunka, a rendszeres tiszt\u00e1lkod\u00e1s, vagy ak\u00e1r az id\u0151ben val\u00f3 lefekv\u00e9s \u00e9s felkel\u00e9s is. Persze gyerekf\u00fcgg\u0151, hogy kin\u00e9l milyen motiv\u00e1ci\u00f3s eszk\u00f6z v\u00e1lik be, de egy kis kreativit\u00e1ssal minden gyermek sz\u00e1m\u00e1ra vonz\u00f3v\u00e1 lehet tenni az olyan tev\u00e9kenys\u00e9geket is, melyekhez adott esetben nincs kedve. Azonban nem mindegy az sem, hogy gyermek\u00fcnk egy k\u00fcls\u0151 k\u00e9nyszer hat\u00e1s\u00e1ra \u00e9r el eredm\u00e9nyeket, vagy ki tudunk alak\u00edtani benne egy bels\u0151 hajt\u00f3er\u0151t, amivel \u00f6nmag\u00e1t tudja majd tov\u00e1bblend\u00edteni.<br \/>\nK\u00f6nyv\u00fcnk ezekben pr\u00f3b\u00e1l meg seg\u00edteni. Mes\u00e9k, melyek j\u00e1t\u00e9kos \u00f6tleteket adnak arra, hogyan \u00f6szt\u00f6n\u00f6zz\u00fck \u00f3vod\u00e1s \u00e9s kisiskol\u00e1s gyermekeinket. Mes\u00e9k, melyek seg\u00edtenek kialak\u00edtani benn\u00fck a bels\u0151 hajt\u00f3er\u0151t. Mes\u00e9k, melyek meg\u00e9rtetik, hogy mi\u00e9rt van sz\u00fcks\u00e9g c\u00e9lok kit\u0171z\u00e9s\u00e9re. Mes\u00e9k, melyek megtan\u00edtj\u00e1k a dolgokhoz val\u00f3 pozit\u00edv hozz\u00e1\u00e1ll\u00e1st.<\/p>","protected":false},"excerpt":{"rendered":"<p>Gyakran igazi kih\u00edv\u00e1st jelent olyasmire r\u00e1venni gyermek\u00fcnket, amihez nincs kedve, olyan tev\u00e9kenys\u00e9gben motiv\u00e1lni \u0151t, amit nem akar elv\u00e9gezni. Ezeknek a \"\"nem szeretem\"\" tev\u00e9kenys\u00e9geknek a k\u00f6re nagyon sz\u00e9les, lehet ez a tanul\u00e1s, a h\u00e1zimunka, a rendszeres tiszt\u00e1lkod\u00e1s, vagy ak\u00e1r az id\u0151ben val\u00f3 lefekv\u00e9s \u00e9s felkel\u00e9s is. Persze gyerekf\u00fcgg\u0151, hogy kin\u00e9l milyen motiv\u00e1ci\u00f3s eszk\u00f6z v\u00e1lik be, de [&hellip;]<\/p>","protected":false},"featured_media":356,"template":"","meta":[],"product_cat":[16],"product_tag":[],"acf":[],"_links":{"self":[{"href":"https:\/\/buecherland-kaspar.de\/de\/wp-json\/wp\/v2\/product\/254"}],"collection":[{"href":"https:\/\/buecherland-kaspar.de\/de\/wp-json\/wp\/v2\/product"}],"about":[{"href":"https:\/\/buecherland-kaspar.de\/de\/wp-json\/wp\/v2\/types\/product"}],"wp:featuredmedia":[{"embeddable":true,"href":"https:\/\/buecherland-kaspar.de\/de\/wp-json\/wp\/v2\/media\/356"}],"wp:attachment":[{"href":"https:\/\/buecherland-kaspar.de\/de\/wp-json\/wp\/v2\/media?parent=254"}],"wp:term":[{"taxonomy":"product_cat","embeddable":true,"href":"https:\/\/buecherland-kaspar.de\/de\/wp-json\/wp\/v2\/product_cat?post=254"},{"taxonomy":"product_tag","embeddable":true,"href":"https:\/\/buecherland-kaspar.de\/de\/wp-json\/wp\/v2\/product_tag?post=254"}],"curies":[{"name":"wp","href":"https:\/\/api.w.org\/{rel}","templated":true}]}}