{"id":255,"date":"2020-04-17T19:25:48","date_gmt":"2020-04-17T17:25:48","guid":{"rendered":"http:\/\/buecherland-kaspar.de\/?post_type=product&#038;p=255"},"modified":"2020-04-17T19:25:48","modified_gmt":"2020-04-17T17:25:48","slug":"ovis","status":"publish","type":"product","link":"https:\/\/buecherland-kaspar.de\/de\/product\/ovis\/","title":{"rendered":"Ovis"},"content":{"rendered":"<p>Sziasztok!<br \/>\nFanni vagyok. Most volt a sz\u00fclet\u00e9snapom, most lettem h\u00e1rom \u00e9ves. Anya azt mondta, hogy szeptembert\u0151l fogom kezdeni az \u00f3vod\u00e1t. Ti m\u00e1r \u00f3vod\u00e1sok vagytok? Bevallom, hogy \u00e9n egy kicsit tartok t\u0151le. De Anya nyugtatgat, hogy ne izguljak, megl\u00e1tom majd, hogy az ovi csuda j\u00f3 hely.<br \/>\nTudj\u00e1tok mit? Der\u00edts\u00fck ki egy\u00fctt, hogy milyen hely ez az \u00f3voda!<br \/>\nTartsatok velem, \u00e9s meg\u00edg\u00e9rem, hogy mindent r\u00e9szletesen elmes\u00e9lek, a beiratkoz\u00e1st\u00f3l kezdve eg\u00e9szen a nagycsoportos ballag\u00e1sig. B\u00e1r az m\u00e9g j\u00f3 messze van.<\/p>","protected":false},"excerpt":{"rendered":"<p>Sziasztok! Fanni vagyok. Most volt a sz\u00fclet\u00e9snapom, most lettem h\u00e1rom \u00e9ves. Anya azt mondta, hogy szeptembert\u0151l fogom kezdeni az \u00f3vod\u00e1t. Ti m\u00e1r \u00f3vod\u00e1sok vagytok? Bevallom, hogy \u00e9n egy kicsit tartok t\u0151le. De Anya nyugtatgat, hogy ne izguljak, megl\u00e1tom majd, hogy az ovi csuda j\u00f3 hely. Tudj\u00e1tok mit? Der\u00edts\u00fck ki egy\u00fctt, hogy milyen hely ez az [&hellip;]<\/p>","protected":false},"featured_media":0,"template":"","meta":[],"product_cat":[16],"product_tag":[],"acf":[],"_links":{"self":[{"href":"https:\/\/buecherland-kaspar.de\/de\/wp-json\/wp\/v2\/product\/255"}],"collection":[{"href":"https:\/\/buecherland-kaspar.de\/de\/wp-json\/wp\/v2\/product"}],"about":[{"href":"https:\/\/buecherland-kaspar.de\/de\/wp-json\/wp\/v2\/types\/product"}],"wp:attachment":[{"href":"https:\/\/buecherland-kaspar.de\/de\/wp-json\/wp\/v2\/media?parent=255"}],"wp:term":[{"taxonomy":"product_cat","embeddable":true,"href":"https:\/\/buecherland-kaspar.de\/de\/wp-json\/wp\/v2\/product_cat?post=255"},{"taxonomy":"product_tag","embeddable":true,"href":"https:\/\/buecherland-kaspar.de\/de\/wp-json\/wp\/v2\/product_tag?post=255"}],"curies":[{"name":"wp","href":"https:\/\/api.w.org\/{rel}","templated":true}]}}