{"id":256,"date":"2020-04-17T19:26:10","date_gmt":"2020-04-17T17:26:10","guid":{"rendered":"http:\/\/buecherland-kaspar.de\/?post_type=product&#038;p=256"},"modified":"2020-04-20T20:31:16","modified_gmt":"2020-04-20T18:31:16","slug":"anya-kerek-meg","status":"publish","type":"product","link":"https:\/\/buecherland-kaspar.de\/de\/product\/anya-kerek-meg\/","title":{"rendered":"Anya, k\u00e9rek m\u00e9g!"},"content":{"rendered":"<p>Amikor a hozz\u00e1t\u00e1pl\u00e1l\u00e1s t\u00e9m\u00e1ja aktu\u00e1liss\u00e1 v\u00e1lik, \u00e9desanyak\u00e9nt sokf\u00e9le egym\u00e1snak ellentmond\u00f3 inform\u00e1ci\u00f3val tal\u00e1lkozhatsz. Els\u0151re ijeszt\u0151 lehet az eg\u00e9sz, de akkor j\u00e1rsz a legjobb \u00faton, ha a sok j\u00f3 tan\u00e1csot f\u00e9lret\u00e9ve kisbab\u00e1d jelz\u00e9seit figyeled \u00e9s k\u00f6veted.<\/p>\n<p>A kisgyermek eg\u00e9szs\u00e9ges fejl\u0151d\u00e9s\u00e9t az els\u0151 \u00e9vekben alapozod meg, ehhez pedig a kiegyens\u00falyozott t\u00e1pl\u00e1lkoz\u00e1son \u00e1t vezet az \u00fat. Az Anya, k\u00e9rek m\u00e9g! szerz\u0151je, Ambrus \u00c9va \u2013 a Man\u00f3Men\u00fc.hu alap\u00edt\u00f3ja, feles\u00e9g \u00e9s \u00e9desanya \u2013 szak\u00e9rt\u0151kkel kar\u00f6ltve mutatja meg, hogy a hozz\u00e1t\u00e1pl\u00e1l\u00e1s milyen egyszer\u0171en is m\u0171k\u00f6dhet. A k\u00f6nyvb\u0151l megismerheted, hogyan \u00e9rdemes felk\u00e9sz\u00fclni a r\u00e1, vagyis milyen alapanyagokkal, hogyan kezdj hozz\u00e1, milyen konyhatechnol\u00f3giai elj\u00e1r\u00e1sokat \u00e9s eszk\u00f6z\u00f6ket alkalmazz, melyek azok a biztos jelek, amelyekb\u0151l arra k\u00f6vetkeztethetsz, kisbab\u00e1d k\u00e9szen \u00e1ll a hozz\u00e1t\u00e1pl\u00e1l\u00e1sra, de arra vonatkoz\u00f3an is megnyugtat\u00f3 tan\u00e1csokat kaphatsz, mit tegy\u00e9l, ha v\u00e1logatni kezd, vagy \u00e9ppen beteg.<br \/>\nA hasznos gyakorlati \u00fatmutat\u00f3 mellett a k\u00f6nyvben t\u00f6bb mint 130 eg\u00e9szs\u00e9ges \u00e9s bababar\u00e1t receptet is tal\u00e1lsz: egyszer\u0171 \u00e9s kombin\u00e1lt p\u00fcr\u00e9ket, totyog\u00f3soknak val\u00f3 \u00e9teleket, eg\u00e9szs\u00e9ges nasikat, h\u00e1zi babakekszeket, sz\u00fclinapi tort\u00e1kat, \u00fcnnepi bababar\u00e1t finoms\u00e1gokat. Hiszen minden \u00e9tel, amit te k\u00e9sz\u00edtesz gyermekednek, igazi aj\u00e1nd\u00e9k!<\/p>","protected":false},"excerpt":{"rendered":"<p>Amikor a hozz\u00e1t\u00e1pl\u00e1l\u00e1s t\u00e9m\u00e1ja aktu\u00e1liss\u00e1 v\u00e1lik, \u00e9desanyak\u00e9nt sokf\u00e9le egym\u00e1snak ellentmond\u00f3 inform\u00e1ci\u00f3val tal\u00e1lkozhatsz. Els\u0151re ijeszt\u0151 lehet az eg\u00e9sz, de akkor j\u00e1rsz a legjobb \u00faton, ha a sok j\u00f3 tan\u00e1csot f\u00e9lret\u00e9ve kisbab\u00e1d jelz\u00e9seit figyeled \u00e9s k\u00f6veted. A kisgyermek eg\u00e9szs\u00e9ges fejl\u0151d\u00e9s\u00e9t az els\u0151 \u00e9vekben alapozod meg, ehhez pedig a kiegyens\u00falyozott t\u00e1pl\u00e1lkoz\u00e1son \u00e1t vezet az \u00fat. Az Anya, k\u00e9rek [&hellip;]<\/p>","protected":false},"featured_media":368,"template":"","meta":[],"product_cat":[16],"product_tag":[],"acf":[],"_links":{"self":[{"href":"https:\/\/buecherland-kaspar.de\/de\/wp-json\/wp\/v2\/product\/256"}],"collection":[{"href":"https:\/\/buecherland-kaspar.de\/de\/wp-json\/wp\/v2\/product"}],"about":[{"href":"https:\/\/buecherland-kaspar.de\/de\/wp-json\/wp\/v2\/types\/product"}],"wp:featuredmedia":[{"embeddable":true,"href":"https:\/\/buecherland-kaspar.de\/de\/wp-json\/wp\/v2\/media\/368"}],"wp:attachment":[{"href":"https:\/\/buecherland-kaspar.de\/de\/wp-json\/wp\/v2\/media?parent=256"}],"wp:term":[{"taxonomy":"product_cat","embeddable":true,"href":"https:\/\/buecherland-kaspar.de\/de\/wp-json\/wp\/v2\/product_cat?post=256"},{"taxonomy":"product_tag","embeddable":true,"href":"https:\/\/buecherland-kaspar.de\/de\/wp-json\/wp\/v2\/product_tag?post=256"}],"curies":[{"name":"wp","href":"https:\/\/api.w.org\/{rel}","templated":true}]}}