{"id":257,"date":"2020-04-17T19:26:31","date_gmt":"2020-04-17T17:26:31","guid":{"rendered":"http:\/\/buecherland-kaspar.de\/?post_type=product&#038;p=257"},"modified":"2020-04-20T19:59:20","modified_gmt":"2020-04-20T17:59:20","slug":"365-mese-fiuknak-lanyoknak","status":"publish","type":"product","link":"https:\/\/buecherland-kaspar.de\/de\/product\/365-mese-fiuknak-lanyoknak\/","title":{"rendered":"365 mese fi\u00faknak \/ l\u00e1nyoknak"},"content":{"rendered":"<p>Most \u00fajabb mes\u00e9kkel!<br \/>\nEbben a gy\u0171jtem\u00e9nyben az \u00e9v minden napj\u00e1ra tal\u00e1lsz egy-egy fantasztikus mes\u00e9t. Kalandozz Merid\u00e1val a Sk\u00f3t-felf\u00f6ld\u00f6n, rep\u00fclj a Var\u00e1zssz\u0151nyeggel J\u00e1zmin t\u00e1rsas\u00e1g\u00e1ban, keresd az igazs\u00e1got Aranyhajjal, \u00e9s olvass a Csipker\u00f3zsika, a H\u00f3feh\u00e9rke \u00e9s a h\u00e9t t\u00f6rpe, a Mulan \u00e9s megannyi m\u00e1s film szerepl\u0151ir\u0151l!<br \/>\nFord\u00edtotta: B\u00e9res Bence, B\u00fas R\u00e9ka Teod\u00f3ra, \u00c9l\u0151 Csaba Jen\u0151, Habony G\u00e1bor, P\u00e1rdin\u00e9 T\u00f3th Zsuzsanna \u00e9s Sarkadi Nagy M\u00e1rton Fius:Ez az \u00e1tfog\u00f3 gy\u0171jtem\u00e9ny az \u00e9v minden napj\u00e1ra tartogat egy-egy r\u00f6vid Disney mes\u00e9t. A Disney vil\u00e1g\u00e1nak sz\u00e1mos fontos meseh\u0151se a klasszikusokt\u00f3l a leg\u00fajabb anim\u00e1ci\u00f3s filmekig helyet kapott ebben a k\u00f6nyvben.<br \/>\n\u00cdgy h\u00e1t \u00fajra tal\u00e1lkozhatunk olyan r\u00e9gi ismer\u0151s\u00f6kkel, mint Az oroszl\u00e1nkir\u00e1ly, Mickey eg\u00e9r, Bambi, Dumbo, Susie \u00e9s Tekerg\u0151, P\u00e1n P\u00e9ter, \u00e9s mellett\u00fck a leg\u00fajabb anim\u00e1ci\u00f3s filmek szerepl\u0151ivel a Verd\u00e1kt\u00f3l Szenill\u00e1ig, hogy egy\u00fctt hozz\u00e1k el a legjobb esti mes\u00e9ket.<\/p>","protected":false},"excerpt":{"rendered":"<p>Most \u00fajabb mes\u00e9kkel! Ebben a gy\u0171jtem\u00e9nyben az \u00e9v minden napj\u00e1ra tal\u00e1lsz egy-egy fantasztikus mes\u00e9t. Kalandozz Merid\u00e1val a Sk\u00f3t-felf\u00f6ld\u00f6n, rep\u00fclj a Var\u00e1zssz\u0151nyeggel J\u00e1zmin t\u00e1rsas\u00e1g\u00e1ban, keresd az igazs\u00e1got Aranyhajjal, \u00e9s olvass a Csipker\u00f3zsika, a H\u00f3feh\u00e9rke \u00e9s a h\u00e9t t\u00f6rpe, a Mulan \u00e9s megannyi m\u00e1s film szerepl\u0151ir\u0151l! Ford\u00edtotta: B\u00e9res Bence, B\u00fas R\u00e9ka Teod\u00f3ra, \u00c9l\u0151 Csaba Jen\u0151, Habony G\u00e1bor, [&hellip;]<\/p>","protected":false},"featured_media":317,"template":"","meta":[],"product_cat":[16],"product_tag":[],"acf":[],"_links":{"self":[{"href":"https:\/\/buecherland-kaspar.de\/de\/wp-json\/wp\/v2\/product\/257"}],"collection":[{"href":"https:\/\/buecherland-kaspar.de\/de\/wp-json\/wp\/v2\/product"}],"about":[{"href":"https:\/\/buecherland-kaspar.de\/de\/wp-json\/wp\/v2\/types\/product"}],"wp:featuredmedia":[{"embeddable":true,"href":"https:\/\/buecherland-kaspar.de\/de\/wp-json\/wp\/v2\/media\/317"}],"wp:attachment":[{"href":"https:\/\/buecherland-kaspar.de\/de\/wp-json\/wp\/v2\/media?parent=257"}],"wp:term":[{"taxonomy":"product_cat","embeddable":true,"href":"https:\/\/buecherland-kaspar.de\/de\/wp-json\/wp\/v2\/product_cat?post=257"},{"taxonomy":"product_tag","embeddable":true,"href":"https:\/\/buecherland-kaspar.de\/de\/wp-json\/wp\/v2\/product_tag?post=257"}],"curies":[{"name":"wp","href":"https:\/\/api.w.org\/{rel}","templated":true}]}}