{"id":258,"date":"2020-04-17T19:26:47","date_gmt":"2020-04-17T17:26:47","guid":{"rendered":"http:\/\/buecherland-kaspar.de\/?post_type=product&#038;p=258"},"modified":"2020-04-20T20:11:40","modified_gmt":"2020-04-20T18:11:40","slug":"100-magyar-nepmese","status":"publish","type":"product","link":"https:\/\/buecherland-kaspar.de\/de\/product\/100-magyar-nepmese\/","title":{"rendered":"100 magyar n\u00e9pmese"},"content":{"rendered":"<p>A Magyar n\u00e9pmes\u00e9k sorozat val\u00f3di kultur\u00e1lis kincs\u00fcnk: ezeken a mes\u00e9ken t\u00f6bb gener\u00e1ci\u00f3 feln\u0151tt m\u00e1r, a sorozat zen\u00e9je, a f\u0151c\u00edm \u00e1gr\u00f3l \u00e1gra sz\u00e1ll\u00f3 madara mindannyiunk k\u00f6z\u00f6s \u00e9lm\u00e9nye \u00e9s eml\u00e9ke. A t\u00f6rt\u00e9netek val\u00f3di csal\u00e1di mes\u00e9k, amelyek t\u00f6k\u00e9letesen alkalmasak arra, hogy k\u00f6zelebb vigy\u00e9k a gyerekekhez n\u00e9pmesei hagyom\u00e1nyunkat. A 100 magyar n\u00e9pmese k\u00f6tet egyed\u00fcl\u00e1ll\u00f3 gy\u0171jtem\u00e9ny, amelyben a sorozat valamennyi darabja helyet kapott, s amelynek \u00e9ppen ez\u00e9rt ott a helye minden csal\u00e1d k\u00f6nyvespolc\u00e1n.<\/p>","protected":false},"excerpt":{"rendered":"<p>A Magyar n\u00e9pmes\u00e9k sorozat val\u00f3di kultur\u00e1lis kincs\u00fcnk: ezeken a mes\u00e9ken t\u00f6bb gener\u00e1ci\u00f3 feln\u0151tt m\u00e1r, a sorozat zen\u00e9je, a f\u0151c\u00edm \u00e1gr\u00f3l \u00e1gra sz\u00e1ll\u00f3 madara mindannyiunk k\u00f6z\u00f6s \u00e9lm\u00e9nye \u00e9s eml\u00e9ke. A t\u00f6rt\u00e9netek val\u00f3di csal\u00e1di mes\u00e9k, amelyek t\u00f6k\u00e9letesen alkalmasak arra, hogy k\u00f6zelebb vigy\u00e9k a gyerekekhez n\u00e9pmesei hagyom\u00e1nyunkat. A 100 magyar n\u00e9pmese k\u00f6tet egyed\u00fcl\u00e1ll\u00f3 gy\u0171jtem\u00e9ny, amelyben a sorozat valamennyi [&hellip;]<\/p>","protected":false},"featured_media":337,"template":"","meta":[],"product_cat":[16],"product_tag":[],"acf":[],"_links":{"self":[{"href":"https:\/\/buecherland-kaspar.de\/de\/wp-json\/wp\/v2\/product\/258"}],"collection":[{"href":"https:\/\/buecherland-kaspar.de\/de\/wp-json\/wp\/v2\/product"}],"about":[{"href":"https:\/\/buecherland-kaspar.de\/de\/wp-json\/wp\/v2\/types\/product"}],"wp:featuredmedia":[{"embeddable":true,"href":"https:\/\/buecherland-kaspar.de\/de\/wp-json\/wp\/v2\/media\/337"}],"wp:attachment":[{"href":"https:\/\/buecherland-kaspar.de\/de\/wp-json\/wp\/v2\/media?parent=258"}],"wp:term":[{"taxonomy":"product_cat","embeddable":true,"href":"https:\/\/buecherland-kaspar.de\/de\/wp-json\/wp\/v2\/product_cat?post=258"},{"taxonomy":"product_tag","embeddable":true,"href":"https:\/\/buecherland-kaspar.de\/de\/wp-json\/wp\/v2\/product_tag?post=258"}],"curies":[{"name":"wp","href":"https:\/\/api.w.org\/{rel}","templated":true}]}}