{"id":261,"date":"2020-04-17T19:28:19","date_gmt":"2020-04-17T17:28:19","guid":{"rendered":"http:\/\/buecherland-kaspar.de\/?post_type=product&#038;p=261"},"modified":"2020-04-20T20:04:51","modified_gmt":"2020-04-20T18:04:51","slug":"arany","status":"publish","type":"product","link":"https:\/\/buecherland-kaspar.de\/de\/product\/arany\/","title":{"rendered":"Arany"},"content":{"rendered":"<p>Benedek Elek sz\u00fclet\u00e9s\u00e9nek 150. \u00e9s hal\u00e1l\u00e1nak 80. \u00e9vfordul\u00f3ja alkalm\u00e1b\u00f3l a Scolar Kiad\u00f3 k\u00fcl\u00f6nleges mesesorozattal tiszteleg a \"mesemond\u00f3k mesemond\u00f3ja\" el\u0151tt. A sorozatban \"Elek ap\u00f3\" legh\u00edresebb v\u00e1logat\u00e1s\u00e1t, a vil\u00e1g legszebb mes\u00e9it \u00f6sszegy\u0171jt\u0151 Csudal\u00e1mpa n\u00e9gy k\u00f6tet\u00e9t: az Arany, Ez\u00fcst, K\u00e9k \u00e9s Piros mesek\u00f6nyvet tervezz\u00fck kiadni. Az Arany mesek\u00f6nyv illusztr\u00e1ci\u00f3it, tipogr\u00e1fi\u00e1j\u00e1t Kapala Gy\u00f6rgyi k\u00e9pz\u0151m\u0171v\u00e9sz k\u00e9sz\u00edtette. A sz\u00ednes \u00e9s fekete\u00adfeh\u00e9r k\u00e9pek igazi mesevil\u00e1gba, a t\u00fcnd\u00e9rek, pill\u00e9k, meseman\u00f3k \u00e9s feh\u00e9r parip\u00e1s kir\u00e1lyfiak csodaorsz\u00e1g\u00e1ba rep\u00edtik - persze mesesz\u0151nyegen - a gyerekeket. A gyermeki fant\u00e1zi\u00e1t igazi sz\u00e1rnyal\u00e1sra k\u00e9szteti a klasszikus\u00ad mesek\u00f6nyvek titokzatos vil\u00e1g\u00e1t felid\u00e9zni k\u00edv\u00e1n\u00f3 k\u00f6tet, mely v\u00e1llaltan t\u00f6rekszik mind tartalm\u00e1ban, mind k\u00fcllem\u00e9ben szemben \u00faszni az \u00e1rral: nem csilli\u00advilli, r\u00e1g\u00f3gumi szag\u00fa k\u00f6nyvet, hanem igazi \u00e9rt\u00e9ket kell adni - m\u00e1r kisgyermekkort\u00f3l.<\/p>","protected":false},"excerpt":{"rendered":"<p>Benedek Elek sz\u00fclet\u00e9s\u00e9nek 150. \u00e9s hal\u00e1l\u00e1nak 80. \u00e9vfordul\u00f3ja alkalm\u00e1b\u00f3l a Scolar Kiad\u00f3 k\u00fcl\u00f6nleges mesesorozattal tiszteleg a \"mesemond\u00f3k mesemond\u00f3ja\" el\u0151tt. A sorozatban \"Elek ap\u00f3\" legh\u00edresebb v\u00e1logat\u00e1s\u00e1t, a vil\u00e1g legszebb mes\u00e9it \u00f6sszegy\u0171jt\u0151 Csudal\u00e1mpa n\u00e9gy k\u00f6tet\u00e9t: az Arany, Ez\u00fcst, K\u00e9k \u00e9s Piros mesek\u00f6nyvet tervezz\u00fck kiadni. Az Arany mesek\u00f6nyv illusztr\u00e1ci\u00f3it, tipogr\u00e1fi\u00e1j\u00e1t Kapala Gy\u00f6rgyi k\u00e9pz\u0151m\u0171v\u00e9sz k\u00e9sz\u00edtette. A sz\u00ednes \u00e9s fekete\u00adfeh\u00e9r [&hellip;]<\/p>","protected":false},"featured_media":325,"template":"","meta":[],"product_cat":[16],"product_tag":[],"acf":[],"_links":{"self":[{"href":"https:\/\/buecherland-kaspar.de\/de\/wp-json\/wp\/v2\/product\/261"}],"collection":[{"href":"https:\/\/buecherland-kaspar.de\/de\/wp-json\/wp\/v2\/product"}],"about":[{"href":"https:\/\/buecherland-kaspar.de\/de\/wp-json\/wp\/v2\/types\/product"}],"wp:featuredmedia":[{"embeddable":true,"href":"https:\/\/buecherland-kaspar.de\/de\/wp-json\/wp\/v2\/media\/325"}],"wp:attachment":[{"href":"https:\/\/buecherland-kaspar.de\/de\/wp-json\/wp\/v2\/media?parent=261"}],"wp:term":[{"taxonomy":"product_cat","embeddable":true,"href":"https:\/\/buecherland-kaspar.de\/de\/wp-json\/wp\/v2\/product_cat?post=261"},{"taxonomy":"product_tag","embeddable":true,"href":"https:\/\/buecherland-kaspar.de\/de\/wp-json\/wp\/v2\/product_tag?post=261"}],"curies":[{"name":"wp","href":"https:\/\/api.w.org\/{rel}","templated":true}]}}