{"id":262,"date":"2020-04-17T19:28:43","date_gmt":"2020-04-17T17:28:43","guid":{"rendered":"http:\/\/buecherland-kaspar.de\/?post_type=product&#038;p=262"},"modified":"2020-04-20T20:05:36","modified_gmt":"2020-04-20T18:05:36","slug":"ezust","status":"publish","type":"product","link":"https:\/\/buecherland-kaspar.de\/de\/product\/ezust\/","title":{"rendered":"Ez\u00fcst"},"content":{"rendered":"<p>14 teljes oldalas sz\u00ednes festm\u00e9ny \u00e9s kb. 30 fekete-feh\u00e9r illusztr\u00e1ci\u00f3<\/p>\n<p>Benedek Elek hihetetlen\u00fcl gazdag \u00e9s sz\u00ednes vil\u00e1girodalmi v\u00e1logat\u00e1sa nagy \u00f6r\u00f6met ny\u00fajthat a XXI. sz\u00e1zadi gyermekeknek is. A mesek\u00f6nyvekben a klasszikus Grimm-mes\u00e9kt\u0151l \u00e9s az angol mond\u00e1kt\u00f3l kezdve az Ezeregy\u00e9jszaka \u00e9s a Pancsatranta klasszikus t\u00f6rt\u00e9netein \u00e1t az orosz, a zsid\u00f3, a sz\u00e9kely, a jap\u00e1n \u00e9s m\u00e9g rengeteg m\u00e1s n\u00e9pmes\u00e9ig terjed a gy\u0171jtem\u00e9ny, jellegzetesen Benedek Elek-i fordulatokkal, \u00e9kes-sz\u00e9p nyelvezettel el\u0151adva.<\/p>","protected":false},"excerpt":{"rendered":"<p>14 teljes oldalas sz\u00ednes festm\u00e9ny \u00e9s kb. 30 fekete-feh\u00e9r illusztr\u00e1ci\u00f3 Benedek Elek hihetetlen\u00fcl gazdag \u00e9s sz\u00ednes vil\u00e1girodalmi v\u00e1logat\u00e1sa nagy \u00f6r\u00f6met ny\u00fajthat a XXI. sz\u00e1zadi gyermekeknek is. A mesek\u00f6nyvekben a klasszikus Grimm-mes\u00e9kt\u0151l \u00e9s az angol mond\u00e1kt\u00f3l kezdve az Ezeregy\u00e9jszaka \u00e9s a Pancsatranta klasszikus t\u00f6rt\u00e9netein \u00e1t az orosz, a zsid\u00f3, a sz\u00e9kely, a jap\u00e1n \u00e9s m\u00e9g rengeteg [&hellip;]<\/p>","protected":false},"featured_media":327,"template":"","meta":[],"product_cat":[16],"product_tag":[],"acf":[],"_links":{"self":[{"href":"https:\/\/buecherland-kaspar.de\/de\/wp-json\/wp\/v2\/product\/262"}],"collection":[{"href":"https:\/\/buecherland-kaspar.de\/de\/wp-json\/wp\/v2\/product"}],"about":[{"href":"https:\/\/buecherland-kaspar.de\/de\/wp-json\/wp\/v2\/types\/product"}],"wp:featuredmedia":[{"embeddable":true,"href":"https:\/\/buecherland-kaspar.de\/de\/wp-json\/wp\/v2\/media\/327"}],"wp:attachment":[{"href":"https:\/\/buecherland-kaspar.de\/de\/wp-json\/wp\/v2\/media?parent=262"}],"wp:term":[{"taxonomy":"product_cat","embeddable":true,"href":"https:\/\/buecherland-kaspar.de\/de\/wp-json\/wp\/v2\/product_cat?post=262"},{"taxonomy":"product_tag","embeddable":true,"href":"https:\/\/buecherland-kaspar.de\/de\/wp-json\/wp\/v2\/product_tag?post=262"}],"curies":[{"name":"wp","href":"https:\/\/api.w.org\/{rel}","templated":true}]}}