{"id":263,"date":"2020-04-17T19:29:11","date_gmt":"2020-04-17T17:29:11","guid":{"rendered":"http:\/\/buecherland-kaspar.de\/?post_type=product&#038;p=263"},"modified":"2020-04-20T20:31:57","modified_gmt":"2020-04-20T18:31:57","slug":"gyemant","status":"publish","type":"product","link":"https:\/\/buecherland-kaspar.de\/de\/product\/gyemant\/","title":{"rendered":"Gy\u00e9m\u00e1nt mesek\u00f6nyv"},"content":{"rendered":"<p>Benedek Elek sz\u00fclet\u00e9s\u00e9nek 160. \u00e9s hal\u00e1l\u00e1nak 90. \u00e9vfordul\u00f3ja alkalm\u00e1b\u00f3l a Scolar Kiad\u00f3 k\u00fcl\u00f6nleges mesek\u00f6nyvvel tiszteleg a \"\"mesemond\u00f3k mesemond\u00f3ja\"\" el\u0151tt. \"\"Elek ap\u00f3\"\" legh\u00edresebb \u00e9s legkedveltebb mes\u00e9it gy\u0171jt\u00f6tt\u00fck csokorba, azokat az emblematikus m\u0171veket, melyek ma m\u00e1r klasszikuss\u00e1 nemesedtek, s nemzed\u00e9kek mese\u00e9lm\u00e9ny\u00e9nek lettek meghat\u00e1roz\u00f3 darabjaiv\u00e1 - noha tal\u00e1n nem is tudjuk, hogy ezeket a n\u00e9pmes\u00e9ket Benedek Elek \u00edzes sz\u00e9kely nyelvezete tette maradand\u00f3v\u00e1.<\/p>\n<p>A mesek\u00f6nyvet \u00fagy \u00e1ll\u00edtottuk \u00f6ssze, hogy csal\u00e1di olvas\u00f3k\u00f6nyvv\u00e9 v\u00e1lhasson, azaz a legkisebb mesehallgat\u00f3kt\u00f3l \u00edveljen \u00e1t a mond\u00e1k ir\u00e1nt is \u00e9rdekl\u0151d\u0151 nagyobbacska gyerekekig, s\u0151t ak\u00e1r feln\u0151ttekig. \u00cdgy egy\u00fctt szerepel a k\u00f6nyvben a legk\u00fcl\u00f6nb\u00f6z\u0151bb meset\u00edpusok: a kisebbeknek val\u00f3 \u00e1llatmes\u00e9k, a t\u00fcnd\u00e9rmes\u00e9k, a tr\u00e9f\u00e1s mes\u00e9k, majd a mondavil\u00e1gba bevezet\u0151 t\u00f6rt\u00e9netek, pl. Az \u00e9gig \u00e9r\u0151 fa.<\/p>\n<p>A v\u00e1logat\u00e1s \u00f6sszess\u00e9g\u00e9ben 25 mes\u00e9t tartalmaz - ez a sz\u00e1m is \"\"mesei\"\" most, hiszen a k\u00f6nyvet a Scolar Kiad\u00f3 alap\u00edt\u00e1s\u00e1nak 25. \u00e9vfordul\u00f3j\u00e1ra tervezz\u00fck megjelentetni.<\/p>","protected":false},"excerpt":{"rendered":"<p>Benedek Elek sz\u00fclet\u00e9s\u00e9nek 160. \u00e9s hal\u00e1l\u00e1nak 90. \u00e9vfordul\u00f3ja alkalm\u00e1b\u00f3l a Scolar Kiad\u00f3 k\u00fcl\u00f6nleges mesek\u00f6nyvvel tiszteleg a \"\"mesemond\u00f3k mesemond\u00f3ja\"\" el\u0151tt. \"\"Elek ap\u00f3\"\" legh\u00edresebb \u00e9s legkedveltebb mes\u00e9it gy\u0171jt\u00f6tt\u00fck csokorba, azokat az emblematikus m\u0171veket, melyek ma m\u00e1r klasszikuss\u00e1 nemesedtek, s nemzed\u00e9kek mese\u00e9lm\u00e9ny\u00e9nek lettek meghat\u00e1roz\u00f3 darabjaiv\u00e1 - noha tal\u00e1n nem is tudjuk, hogy ezeket a n\u00e9pmes\u00e9ket Benedek Elek \u00edzes [&hellip;]<\/p>","protected":false},"featured_media":369,"template":"","meta":[],"product_cat":[16],"product_tag":[],"acf":[],"_links":{"self":[{"href":"https:\/\/buecherland-kaspar.de\/de\/wp-json\/wp\/v2\/product\/263"}],"collection":[{"href":"https:\/\/buecherland-kaspar.de\/de\/wp-json\/wp\/v2\/product"}],"about":[{"href":"https:\/\/buecherland-kaspar.de\/de\/wp-json\/wp\/v2\/types\/product"}],"wp:featuredmedia":[{"embeddable":true,"href":"https:\/\/buecherland-kaspar.de\/de\/wp-json\/wp\/v2\/media\/369"}],"wp:attachment":[{"href":"https:\/\/buecherland-kaspar.de\/de\/wp-json\/wp\/v2\/media?parent=263"}],"wp:term":[{"taxonomy":"product_cat","embeddable":true,"href":"https:\/\/buecherland-kaspar.de\/de\/wp-json\/wp\/v2\/product_cat?post=263"},{"taxonomy":"product_tag","embeddable":true,"href":"https:\/\/buecherland-kaspar.de\/de\/wp-json\/wp\/v2\/product_tag?post=263"}],"curies":[{"name":"wp","href":"https:\/\/api.w.org\/{rel}","templated":true}]}}