{"id":264,"date":"2020-04-17T19:29:33","date_gmt":"2020-04-17T17:29:33","guid":{"rendered":"http:\/\/buecherland-kaspar.de\/?post_type=product&#038;p=264"},"modified":"2020-04-20T20:27:01","modified_gmt":"2020-04-20T18:27:01","slug":"30-nemet-magyar-allatmese","status":"publish","type":"product","link":"https:\/\/buecherland-kaspar.de\/de\/product\/30-nemet-magyar-allatmese\/","title":{"rendered":"30 n\u00e9met-magyar \u00e1llatmese"},"content":{"rendered":"<p>30 kedves, r\u00f6vid \u00e1llatmese, ami egyr\u00e9szt kiv\u00e1l\u00f3 esti mese a legkisebbeknek, m\u00e1sr\u00e9szt seg\u00edts\u00e9g a nyelvtanul\u00e1sban a nagyobbaknak, hiszen minden mese k\u00e9t nyelven, angolul \u00e9s magyarul is megtal\u00e1lhat\u00f3 a k\u00f6tet\u00fcnkben. A mes\u00e9k n\u00e9met nyelven meghallgathat\u00f3ak a kiad\u00f3 YouTube oldal\u00e1n!<\/p>","protected":false},"excerpt":{"rendered":"<p>30 kedves, r\u00f6vid \u00e1llatmese, ami egyr\u00e9szt kiv\u00e1l\u00f3 esti mese a legkisebbeknek, m\u00e1sr\u00e9szt seg\u00edts\u00e9g a nyelvtanul\u00e1sban a nagyobbaknak, hiszen minden mese k\u00e9t nyelven, angolul \u00e9s magyarul is megtal\u00e1lhat\u00f3 a k\u00f6tet\u00fcnkben. A mes\u00e9k n\u00e9met nyelven meghallgathat\u00f3ak a kiad\u00f3 YouTube oldal\u00e1n!<\/p>","protected":false},"featured_media":363,"template":"","meta":[],"product_cat":[16],"product_tag":[],"acf":[],"_links":{"self":[{"href":"https:\/\/buecherland-kaspar.de\/de\/wp-json\/wp\/v2\/product\/264"}],"collection":[{"href":"https:\/\/buecherland-kaspar.de\/de\/wp-json\/wp\/v2\/product"}],"about":[{"href":"https:\/\/buecherland-kaspar.de\/de\/wp-json\/wp\/v2\/types\/product"}],"wp:featuredmedia":[{"embeddable":true,"href":"https:\/\/buecherland-kaspar.de\/de\/wp-json\/wp\/v2\/media\/363"}],"wp:attachment":[{"href":"https:\/\/buecherland-kaspar.de\/de\/wp-json\/wp\/v2\/media?parent=264"}],"wp:term":[{"taxonomy":"product_cat","embeddable":true,"href":"https:\/\/buecherland-kaspar.de\/de\/wp-json\/wp\/v2\/product_cat?post=264"},{"taxonomy":"product_tag","embeddable":true,"href":"https:\/\/buecherland-kaspar.de\/de\/wp-json\/wp\/v2\/product_tag?post=264"}],"curies":[{"name":"wp","href":"https:\/\/api.w.org\/{rel}","templated":true}]}}