{"id":265,"date":"2020-04-17T19:29:46","date_gmt":"2020-04-17T17:29:46","guid":{"rendered":"http:\/\/buecherland-kaspar.de\/?post_type=product&#038;p=265"},"modified":"2020-04-20T20:27:18","modified_gmt":"2020-04-20T18:27:18","slug":"mese-a-szegenysegrol-es-a-gazdagsagrol","status":"publish","type":"product","link":"https:\/\/buecherland-kaspar.de\/de\/product\/mese-a-szegenysegrol-es-a-gazdagsagrol\/","title":{"rendered":"Mese a szeg\u00e9nys\u00e9gr\u0151l \u00e9s a gazdags\u00e1gr\u00f3l"},"content":{"rendered":"<p>30 kedves, r\u00f6vid mese a szeg\u00e9nys\u00e9gr\u0151l \u00e9s a gazdags\u00e1gr\u00f3l. A t\u00f6rt\u00e9netek egyr\u00e9szt kiv\u00e1l\u00f3 esti mes\u00e9k a legkisebbeknek, m\u00e1sr\u00e9szt seg\u00edts\u00e9g a nyelvtanul\u00e1sban a nagyobbaknak, hiszen minden mese k\u00e9t nyelven, angolul \u00e9s magyarul is megtal\u00e1lhat\u00f3 a k\u00f6tet\u00fcnkben.<\/p>","protected":false},"excerpt":{"rendered":"<p>30 kedves, r\u00f6vid mese a szeg\u00e9nys\u00e9gr\u0151l \u00e9s a gazdags\u00e1gr\u00f3l. A t\u00f6rt\u00e9netek egyr\u00e9szt kiv\u00e1l\u00f3 esti mes\u00e9k a legkisebbeknek, m\u00e1sr\u00e9szt seg\u00edts\u00e9g a nyelvtanul\u00e1sban a nagyobbaknak, hiszen minden mese k\u00e9t nyelven, angolul \u00e9s magyarul is megtal\u00e1lhat\u00f3 a k\u00f6tet\u00fcnkben.<\/p>","protected":false},"featured_media":354,"template":"","meta":[],"product_cat":[16],"product_tag":[],"acf":[],"_links":{"self":[{"href":"https:\/\/buecherland-kaspar.de\/de\/wp-json\/wp\/v2\/product\/265"}],"collection":[{"href":"https:\/\/buecherland-kaspar.de\/de\/wp-json\/wp\/v2\/product"}],"about":[{"href":"https:\/\/buecherland-kaspar.de\/de\/wp-json\/wp\/v2\/types\/product"}],"wp:featuredmedia":[{"embeddable":true,"href":"https:\/\/buecherland-kaspar.de\/de\/wp-json\/wp\/v2\/media\/354"}],"wp:attachment":[{"href":"https:\/\/buecherland-kaspar.de\/de\/wp-json\/wp\/v2\/media?parent=265"}],"wp:term":[{"taxonomy":"product_cat","embeddable":true,"href":"https:\/\/buecherland-kaspar.de\/de\/wp-json\/wp\/v2\/product_cat?post=265"},{"taxonomy":"product_tag","embeddable":true,"href":"https:\/\/buecherland-kaspar.de\/de\/wp-json\/wp\/v2\/product_tag?post=265"}],"curies":[{"name":"wp","href":"https:\/\/api.w.org\/{rel}","templated":true}]}}