{"id":266,"date":"2020-04-17T19:30:01","date_gmt":"2020-04-17T17:30:01","guid":{"rendered":"http:\/\/buecherland-kaspar.de\/?post_type=product&#038;p=266"},"modified":"2020-04-20T20:25:54","modified_gmt":"2020-04-20T18:25:54","slug":"mese-a-batorsagrol-es-a-gyavasagrol","status":"publish","type":"product","link":"https:\/\/buecherland-kaspar.de\/de\/product\/mese-a-batorsagrol-es-a-gyavasagrol\/","title":{"rendered":"Mese a b\u00e1tors\u00e1gr\u00f3l \u00e9s a gy\u00e1vas\u00e1gr\u00f3l"},"content":{"rendered":"<p>30 kedves, r\u00f6vid mese a b\u00e1tors\u00e1gr\u00f3l \u00e9s a gy\u00e1vas\u00e1gr\u00f3l. A t\u00f6rt\u00e9netek egyr\u00e9szt kiv\u00e1l\u00f3 esti mes\u00e9k a legkisebbeknek, m\u00e1sr\u00e9szt seg\u00edts\u00e9g a nyelvtanul\u00e1sban a nagyobbaknak, hiszen minden mese k\u00e9t nyelven, angolul \u00e9s magyarul is megtal\u00e1lhat\u00f3 a k\u00f6tet\u00fcnkben. <\/p>","protected":false},"excerpt":{"rendered":"<p>30 kedves, r\u00f6vid mese a b\u00e1tors\u00e1gr\u00f3l \u00e9s a gy\u00e1vas\u00e1gr\u00f3l. A t\u00f6rt\u00e9netek egyr\u00e9szt kiv\u00e1l\u00f3 esti mes\u00e9k a legkisebbeknek, m\u00e1sr\u00e9szt seg\u00edts\u00e9g a nyelvtanul\u00e1sban a nagyobbaknak, hiszen minden mese k\u00e9t nyelven, angolul \u00e9s magyarul is megtal\u00e1lhat\u00f3 a k\u00f6tet\u00fcnkben.<\/p>","protected":false},"featured_media":361,"template":"","meta":[],"product_cat":[16],"product_tag":[],"acf":[],"_links":{"self":[{"href":"https:\/\/buecherland-kaspar.de\/de\/wp-json\/wp\/v2\/product\/266"}],"collection":[{"href":"https:\/\/buecherland-kaspar.de\/de\/wp-json\/wp\/v2\/product"}],"about":[{"href":"https:\/\/buecherland-kaspar.de\/de\/wp-json\/wp\/v2\/types\/product"}],"wp:featuredmedia":[{"embeddable":true,"href":"https:\/\/buecherland-kaspar.de\/de\/wp-json\/wp\/v2\/media\/361"}],"wp:attachment":[{"href":"https:\/\/buecherland-kaspar.de\/de\/wp-json\/wp\/v2\/media?parent=266"}],"wp:term":[{"taxonomy":"product_cat","embeddable":true,"href":"https:\/\/buecherland-kaspar.de\/de\/wp-json\/wp\/v2\/product_cat?post=266"},{"taxonomy":"product_tag","embeddable":true,"href":"https:\/\/buecherland-kaspar.de\/de\/wp-json\/wp\/v2\/product_tag?post=266"}],"curies":[{"name":"wp","href":"https:\/\/api.w.org\/{rel}","templated":true}]}}