{"id":268,"date":"2020-04-17T19:30:23","date_gmt":"2020-04-17T17:30:23","guid":{"rendered":"http:\/\/buecherland-kaspar.de\/?post_type=product&#038;p=268"},"modified":"2020-04-17T19:30:23","modified_gmt":"2020-04-17T17:30:23","slug":"nemet-magyar-szotarak","status":"publish","type":"product","link":"https:\/\/buecherland-kaspar.de\/de\/product\/nemet-magyar-szotarak\/","title":{"rendered":"N\u00e9met-magyar sz\u00f3t\u00e1rak"},"content":{"rendered":"","protected":false},"excerpt":{"rendered":"","protected":false},"featured_media":0,"template":"","meta":[],"product_cat":[16],"product_tag":[],"acf":[],"_links":{"self":[{"href":"https:\/\/buecherland-kaspar.de\/de\/wp-json\/wp\/v2\/product\/268"}],"collection":[{"href":"https:\/\/buecherland-kaspar.de\/de\/wp-json\/wp\/v2\/product"}],"about":[{"href":"https:\/\/buecherland-kaspar.de\/de\/wp-json\/wp\/v2\/types\/product"}],"wp:attachment":[{"href":"https:\/\/buecherland-kaspar.de\/de\/wp-json\/wp\/v2\/media?parent=268"}],"wp:term":[{"taxonomy":"product_cat","embeddable":true,"href":"https:\/\/buecherland-kaspar.de\/de\/wp-json\/wp\/v2\/product_cat?post=268"},{"taxonomy":"product_tag","embeddable":true,"href":"https:\/\/buecherland-kaspar.de\/de\/wp-json\/wp\/v2\/product_tag?post=268"}],"curies":[{"name":"wp","href":"https:\/\/api.w.org\/{rel}","templated":true}]}}