{"id":269,"date":"2020-04-17T19:30:36","date_gmt":"2020-04-17T17:30:36","guid":{"rendered":"http:\/\/buecherland-kaspar.de\/?post_type=product&#038;p=269"},"modified":"2020-04-17T19:30:36","modified_gmt":"2020-04-17T17:30:36","slug":"magyar-nemet-szotarak","status":"publish","type":"product","link":"https:\/\/buecherland-kaspar.de\/de\/product\/magyar-nemet-szotarak\/","title":{"rendered":"Magyar-n\u00e9met sz\u00f3t\u00e1rak"},"content":{"rendered":"","protected":false},"excerpt":{"rendered":"","protected":false},"featured_media":0,"template":"","meta":[],"product_cat":[16],"product_tag":[],"acf":[],"_links":{"self":[{"href":"https:\/\/buecherland-kaspar.de\/de\/wp-json\/wp\/v2\/product\/269"}],"collection":[{"href":"https:\/\/buecherland-kaspar.de\/de\/wp-json\/wp\/v2\/product"}],"about":[{"href":"https:\/\/buecherland-kaspar.de\/de\/wp-json\/wp\/v2\/types\/product"}],"wp:attachment":[{"href":"https:\/\/buecherland-kaspar.de\/de\/wp-json\/wp\/v2\/media?parent=269"}],"wp:term":[{"taxonomy":"product_cat","embeddable":true,"href":"https:\/\/buecherland-kaspar.de\/de\/wp-json\/wp\/v2\/product_cat?post=269"},{"taxonomy":"product_tag","embeddable":true,"href":"https:\/\/buecherland-kaspar.de\/de\/wp-json\/wp\/v2\/product_tag?post=269"}],"curies":[{"name":"wp","href":"https:\/\/api.w.org\/{rel}","templated":true}]}}