{"id":270,"date":"2020-04-17T19:31:03","date_gmt":"2020-04-17T17:31:03","guid":{"rendered":"http:\/\/buecherland-kaspar.de\/?post_type=product&#038;p=270"},"modified":"2020-04-20T20:10:41","modified_gmt":"2020-04-20T18:10:41","slug":"nemet-nyelvtani-abc","status":"publish","type":"product","link":"https:\/\/buecherland-kaspar.de\/de\/product\/nemet-nyelvtani-abc\/","title":{"rendered":"N\u00e9met nyelvtani ABC"},"content":{"rendered":"<p>A nagy n\u00e9pszer\u0171s\u00e9gnek \u00f6rvend\u0151 n\u00e9met nyelvtani ABC \u00faj kiad\u00e1sa imm\u00e1r sz\u00ednesben jelenik meg.<br \/>\nEz\u00e1ltal nem csak szebb \u00e9s eszt\u00e9tikusabb lett a k\u00f6nyv, hanem szeml\u00e9letesebb\u00e9 is v\u00e1ltak a<br \/>\nmagyar\u00e1zatok.<br \/>\nDe nem csup\u00e1n ebben ny\u00fajt \u00fajat a gyakorl\u00f3k\u00f6nyv. 41 tematikus teszt v\u00e1rja a tanul\u00f3t a k\u00f6nyv<br \/>\nv\u00e9g\u00e9n, mely a nyelvtani r\u00e9szeket egyenk\u00e9nt, l\u00e9p\u00e9sr\u0151l l\u00e9p\u00e9sre k\u00e9rdezi vissza, lehet\u0151s\u00e9get biztos\u00edtva<br \/>\naz \u00f6n\u00e1ll\u00f3an tanul\u00f3k \u00f6nellen\u0151rz\u00e9s\u00e9re is. A gyakorl\u00f3k\u00f6nyvet v\u00e9g\u00fcl 3 komplex k\u00f6z\u00e9pfok\u00fa tesztsorozat<br \/>\nz\u00e1rja, mely a teljes n\u00e9met nyelvtant k\u00e9ri sz\u00e1mon.<br \/>\nA k\u00f6nyv marg\u00f3j\u00e1n megold\u00f3kulcsok jelzik az interneten ingyenesen let\u00f6lthet\u0151 megold\u00e1sok hely\u00e9t,<br \/>\nezzel is k\u00f6nny\u00edtve a b\u0151v\u00edtett kiad\u00e1s s\u00faly\u00e1t.<\/p>","protected":false},"excerpt":{"rendered":"<p>A nagy n\u00e9pszer\u0171s\u00e9gnek \u00f6rvend\u0151 n\u00e9met nyelvtani ABC \u00faj kiad\u00e1sa imm\u00e1r sz\u00ednesben jelenik meg. Ez\u00e1ltal nem csak szebb \u00e9s eszt\u00e9tikusabb lett a k\u00f6nyv, hanem szeml\u00e9letesebb\u00e9 is v\u00e1ltak a magyar\u00e1zatok. De nem csup\u00e1n ebben ny\u00fajt \u00fajat a gyakorl\u00f3k\u00f6nyv. 41 tematikus teszt v\u00e1rja a tanul\u00f3t a k\u00f6nyv v\u00e9g\u00e9n, mely a nyelvtani r\u00e9szeket egyenk\u00e9nt, l\u00e9p\u00e9sr\u0151l l\u00e9p\u00e9sre k\u00e9rdezi vissza, lehet\u0151s\u00e9get [&hellip;]<\/p>","protected":false},"featured_media":335,"template":"","meta":[],"product_cat":[16],"product_tag":[],"acf":[],"_links":{"self":[{"href":"https:\/\/buecherland-kaspar.de\/de\/wp-json\/wp\/v2\/product\/270"}],"collection":[{"href":"https:\/\/buecherland-kaspar.de\/de\/wp-json\/wp\/v2\/product"}],"about":[{"href":"https:\/\/buecherland-kaspar.de\/de\/wp-json\/wp\/v2\/types\/product"}],"wp:featuredmedia":[{"embeddable":true,"href":"https:\/\/buecherland-kaspar.de\/de\/wp-json\/wp\/v2\/media\/335"}],"wp:attachment":[{"href":"https:\/\/buecherland-kaspar.de\/de\/wp-json\/wp\/v2\/media?parent=270"}],"wp:term":[{"taxonomy":"product_cat","embeddable":true,"href":"https:\/\/buecherland-kaspar.de\/de\/wp-json\/wp\/v2\/product_cat?post=270"},{"taxonomy":"product_tag","embeddable":true,"href":"https:\/\/buecherland-kaspar.de\/de\/wp-json\/wp\/v2\/product_tag?post=270"}],"curies":[{"name":"wp","href":"https:\/\/api.w.org\/{rel}","templated":true}]}}