{"id":271,"date":"2020-04-17T19:31:23","date_gmt":"2020-04-17T17:31:23","guid":{"rendered":"http:\/\/buecherland-kaspar.de\/?post_type=product&#038;p=271"},"modified":"2020-04-20T20:35:59","modified_gmt":"2020-04-20T18:35:59","slug":"lazan-nemetul-1-2-3-4","status":"publish","type":"product","link":"https:\/\/buecherland-kaspar.de\/de\/product\/lazan-nemetul-1-2-3-4\/","title":{"rendered":"Laz\u00e1n n\u00e9met\u00fcl 1-2-3-4"},"content":{"rendered":"<p>\"E k\u00f6nnyed hangv\u00e9tel\u0171 nyelvk\u00f6nyvben igyekeztem k\u00e9t sz\u00e1momra szimpatikus hagyom\u00e1nyt \u00f6tv\u00f6zni egym\u00e1ssal: a klasszikus magyar nyelvk\u00f6nyvek alaposs\u00e1g\u00e1t a nyugati nyelvk\u00f6nyvek k\u00f6nnyed, laza st\u00edlus\u00e1val, hasonl\u00f3k\u00e9ppen a western-filmek f\u0151h\u0151s\u00e9hez, aki nem egy szokv\u00e1nyos hatl\u00f6vet\u0171t szeretne az elad\u00f3t\u00f3l, hanem az egyik cs\u00f6v\u00e9t, a m\u00e1siknak a markolat\u00e1t, a harmadiknak a ravasz\u00e1t tartja ide\u00e1lisnak, hogy v\u00e9g\u00fcl mindezekb\u0151l a saj\u00e1t fazonj\u00e1hoz ill\u0151t rakjon \u00f6ssze. A c\u00edm pedig senkit ne t\u00e9vesszen meg: ha k\u00e9t tan\u00edt\u00e1si st\u00edlushoz hasonl\u00edtan\u00e1nk, a 'hull\u00e1mlovas\u00e9hoz' \u00e9s a 'sz\u00e1nt\u00f3vet\u0151\u00e9hez', akkor az olvasm\u00e1nyok st\u00edlusa minden bizonnyal a hull\u00e1mlovasok gondtalan, legkisebb ellen\u00e1ll\u00e1st keres\u0151 man\u0151vereihez hasonl\u00edtana, munkam\u00f3dszere \u00e9s gyakorlatai viszont a sz\u00e1nt\u00f3vet\u0151\u00e9, aki addig nem nyugszik, am\u00edg ek\u00e9j\u00e9t m\u00e9lyre nyomva porhany\u00f3sra nem sz\u00e1ntotta fel a tarl\u00f3t.\"<\/p>","protected":false},"excerpt":{"rendered":"<p>\"E k\u00f6nnyed hangv\u00e9tel\u0171 nyelvk\u00f6nyvben igyekeztem k\u00e9t sz\u00e1momra szimpatikus hagyom\u00e1nyt \u00f6tv\u00f6zni egym\u00e1ssal: a klasszikus magyar nyelvk\u00f6nyvek alaposs\u00e1g\u00e1t a nyugati nyelvk\u00f6nyvek k\u00f6nnyed, laza st\u00edlus\u00e1val, hasonl\u00f3k\u00e9ppen a western-filmek f\u0151h\u0151s\u00e9hez, aki nem egy szokv\u00e1nyos hatl\u00f6vet\u0171t szeretne az elad\u00f3t\u00f3l, hanem az egyik cs\u00f6v\u00e9t, a m\u00e1siknak a markolat\u00e1t, a harmadiknak a ravasz\u00e1t tartja ide\u00e1lisnak, hogy v\u00e9g\u00fcl mindezekb\u0151l a saj\u00e1t fazonj\u00e1hoz ill\u0151t [&hellip;]<\/p>","protected":false},"featured_media":376,"template":"","meta":[],"product_cat":[16],"product_tag":[],"acf":[],"_links":{"self":[{"href":"https:\/\/buecherland-kaspar.de\/de\/wp-json\/wp\/v2\/product\/271"}],"collection":[{"href":"https:\/\/buecherland-kaspar.de\/de\/wp-json\/wp\/v2\/product"}],"about":[{"href":"https:\/\/buecherland-kaspar.de\/de\/wp-json\/wp\/v2\/types\/product"}],"wp:featuredmedia":[{"embeddable":true,"href":"https:\/\/buecherland-kaspar.de\/de\/wp-json\/wp\/v2\/media\/376"}],"wp:attachment":[{"href":"https:\/\/buecherland-kaspar.de\/de\/wp-json\/wp\/v2\/media?parent=271"}],"wp:term":[{"taxonomy":"product_cat","embeddable":true,"href":"https:\/\/buecherland-kaspar.de\/de\/wp-json\/wp\/v2\/product_cat?post=271"},{"taxonomy":"product_tag","embeddable":true,"href":"https:\/\/buecherland-kaspar.de\/de\/wp-json\/wp\/v2\/product_tag?post=271"}],"curies":[{"name":"wp","href":"https:\/\/api.w.org\/{rel}","templated":true}]}}