{"id":272,"date":"2020-04-17T19:31:43","date_gmt":"2020-04-17T17:31:43","guid":{"rendered":"http:\/\/buecherland-kaspar.de\/?post_type=product&#038;p=272"},"modified":"2020-04-20T20:01:13","modified_gmt":"2020-04-20T18:01:13","slug":"azok-a-franya-vonzatos-igek","status":"publish","type":"product","link":"https:\/\/buecherland-kaspar.de\/de\/product\/azok-a-franya-vonzatos-igek\/","title":{"rendered":"Azok a fr\u00e1nya vonzatos ig\u00e9k"},"content":{"rendered":"<p>A vonzatos ig\u00e9k minden nyelvtanul\u00f3 \u00f6r\u00f6k probl\u00e9m\u00e1ja: mi itt a helyes vonzat? Ezen a gondon pr\u00f3b\u00e1l seg\u00edteni ez a kis k\u00f6nyv a 100 leggyakoribb n\u00e9met vonzatos ig\u00e9t kiv\u00e1lasztva \u00e9s begyakoroltatva. A k\u00f6nyv kis l\u00e9p\u00e9sekben halad el\u0151re, mindig csak n\u00e9h\u00e1ny ig\u00e9t gyakoroltat be egyszerre, melyeket azt\u00e1n h\u00e1romszor-n\u00e9gyszer \u00fajra ism\u00e9tel magasabb szinten. A sz\u00f3rakoz\u00e1s \u00e9s laz\u00edt\u00e1s kedv\u00e9\u00e9rt sz\u00e1mtalan keresztrejtv\u00e9ny k\u00e9rdezi vissza az ig\u00e9ket egy-egy szellemes mond\u00e1s megfejt\u00e9s\u00e9t adva meg.<br \/>\nA k\u00f6nyv egyar\u00e1nt haszn\u00e1lhat\u00f3 kezd\u0151knek \u00e9s halad\u00f3knak. A k\u00f6tet v\u00e9g\u00e9n a leggyakoribb 270 vonzatos ige list\u00e1ja seg\u00edti a tanul\u00f3t. Az \u00f6sszes gyakorlathoz megold\u00e1s is k\u00e9sz\u00fclt, \u00edgy a k\u00f6nyv nem csak csoportos tanul\u00e1shoz, hanem \u00f6n\u00e1ll\u00f3an is haszn\u00e1lhat\u00f3.<\/p>","protected":false},"excerpt":{"rendered":"<p>A vonzatos ig\u00e9k minden nyelvtanul\u00f3 \u00f6r\u00f6k probl\u00e9m\u00e1ja: mi itt a helyes vonzat? Ezen a gondon pr\u00f3b\u00e1l seg\u00edteni ez a kis k\u00f6nyv a 100 leggyakoribb n\u00e9met vonzatos ig\u00e9t kiv\u00e1lasztva \u00e9s begyakoroltatva. A k\u00f6nyv kis l\u00e9p\u00e9sekben halad el\u0151re, mindig csak n\u00e9h\u00e1ny ig\u00e9t gyakoroltat be egyszerre, melyeket azt\u00e1n h\u00e1romszor-n\u00e9gyszer \u00fajra ism\u00e9tel magasabb szinten. A sz\u00f3rakoz\u00e1s \u00e9s laz\u00edt\u00e1s kedv\u00e9\u00e9rt [&hellip;]<\/p>","protected":false},"featured_media":320,"template":"","meta":[],"product_cat":[16],"product_tag":[],"acf":[],"_links":{"self":[{"href":"https:\/\/buecherland-kaspar.de\/de\/wp-json\/wp\/v2\/product\/272"}],"collection":[{"href":"https:\/\/buecherland-kaspar.de\/de\/wp-json\/wp\/v2\/product"}],"about":[{"href":"https:\/\/buecherland-kaspar.de\/de\/wp-json\/wp\/v2\/types\/product"}],"wp:featuredmedia":[{"embeddable":true,"href":"https:\/\/buecherland-kaspar.de\/de\/wp-json\/wp\/v2\/media\/320"}],"wp:attachment":[{"href":"https:\/\/buecherland-kaspar.de\/de\/wp-json\/wp\/v2\/media?parent=272"}],"wp:term":[{"taxonomy":"product_cat","embeddable":true,"href":"https:\/\/buecherland-kaspar.de\/de\/wp-json\/wp\/v2\/product_cat?post=272"},{"taxonomy":"product_tag","embeddable":true,"href":"https:\/\/buecherland-kaspar.de\/de\/wp-json\/wp\/v2\/product_tag?post=272"}],"curies":[{"name":"wp","href":"https:\/\/api.w.org\/{rel}","templated":true}]}}