{"id":273,"date":"2020-04-17T19:32:04","date_gmt":"2020-04-17T17:32:04","guid":{"rendered":"http:\/\/buecherland-kaspar.de\/?post_type=product&#038;p=273"},"modified":"2020-04-20T20:17:08","modified_gmt":"2020-04-20T18:17:08","slug":"pons-irodai-kommunikacio-nemet","status":"publish","type":"product","link":"https:\/\/buecherland-kaspar.de\/de\/product\/pons-irodai-kommunikacio-nemet\/","title":{"rendered":"PONS Irodai kommunik\u00e1ci\u00f3 N\u00c9MET"},"content":{"rendered":"<p>PONS-sorozatunk leg\u00fajabb k\u00f6tete a n\u00e9met irodai kommunik\u00e1ci\u00f3 ter\u00fclet\u00e9n ny\u00fajt elengedhetetlen seg\u00edts\u00e9get.<\/p>\n<p>A t\u00f6bb mint 800 sz\u00f6vegr\u00e9szlet, mintalevelek, szakkifejez\u00e9sek \u00e9s hanganyagok rendre abban seg\u00edtenek, hogy Olvas\u00f3ink min\u00e9l hat\u00e9konyabbak legyenek az \u00fczleti levelez\u00e9s \u00e9s telefon\u00e1l\u00e1s ter\u00e9n.<\/p>","protected":false},"excerpt":{"rendered":"<p>PONS-sorozatunk leg\u00fajabb k\u00f6tete a n\u00e9met irodai kommunik\u00e1ci\u00f3 ter\u00fclet\u00e9n ny\u00fajt elengedhetetlen seg\u00edts\u00e9get. A t\u00f6bb mint 800 sz\u00f6vegr\u00e9szlet, mintalevelek, szakkifejez\u00e9sek \u00e9s hanganyagok rendre abban seg\u00edtenek, hogy Olvas\u00f3ink min\u00e9l hat\u00e9konyabbak legyenek az \u00fczleti levelez\u00e9s \u00e9s telefon\u00e1l\u00e1s ter\u00e9n.<\/p>","protected":false},"featured_media":348,"template":"","meta":[],"product_cat":[16],"product_tag":[],"acf":[],"_links":{"self":[{"href":"https:\/\/buecherland-kaspar.de\/de\/wp-json\/wp\/v2\/product\/273"}],"collection":[{"href":"https:\/\/buecherland-kaspar.de\/de\/wp-json\/wp\/v2\/product"}],"about":[{"href":"https:\/\/buecherland-kaspar.de\/de\/wp-json\/wp\/v2\/types\/product"}],"wp:featuredmedia":[{"embeddable":true,"href":"https:\/\/buecherland-kaspar.de\/de\/wp-json\/wp\/v2\/media\/348"}],"wp:attachment":[{"href":"https:\/\/buecherland-kaspar.de\/de\/wp-json\/wp\/v2\/media?parent=273"}],"wp:term":[{"taxonomy":"product_cat","embeddable":true,"href":"https:\/\/buecherland-kaspar.de\/de\/wp-json\/wp\/v2\/product_cat?post=273"},{"taxonomy":"product_tag","embeddable":true,"href":"https:\/\/buecherland-kaspar.de\/de\/wp-json\/wp\/v2\/product_tag?post=273"}],"curies":[{"name":"wp","href":"https:\/\/api.w.org\/{rel}","templated":true}]}}