{"id":274,"date":"2020-04-17T19:32:32","date_gmt":"2020-04-17T17:32:32","guid":{"rendered":"http:\/\/buecherland-kaspar.de\/?post_type=product&#038;p=274"},"modified":"2020-04-20T20:07:24","modified_gmt":"2020-04-20T18:07:24","slug":"magyar-nemet-nemet-magyar-muszaki-kisszotar","status":"publish","type":"product","link":"https:\/\/buecherland-kaspar.de\/de\/product\/magyar-nemet-nemet-magyar-muszaki-kisszotar\/","title":{"rendered":"Magyar-n\u00e9met \/ n\u00e9met magyar m\u0171szaki kissz\u00f3t\u00e1r"},"content":{"rendered":"<p>Sz\u00f3t\u00e1runk hat\u00e9kony seg\u00e9deszk\u00f6z a n\u00e9met m\u0171szaki szaksz\u00f6vegek meg\u00e9rt\u00e9s\u00e9hez \u00e9s ford\u00edt\u00e1s\u00e1hoz. Megtal\u00e1lhat\u00f3k benne a modern sz\u00e1m\u00edt\u00e1stechnikai szakszavak mellett a klasszikus m\u0171szaki tudom\u00e1nyok-elektrotechnika, h\u00edrad\u00e1stechnika, g\u00e9p\u00e9szet, koh\u00e1szat, \u00f6nt\u00e9szet, b\u00e1ny\u00e1szat \u00e9s \u00e9p\u00edt\u00e9szet - legfontosabb terminusai. Haszonnal forgathatj\u00e1k a n\u00e9met nyelvtud\u00e1ssal rendelkez\u0151, m\u0171szaki szaknyelv ir\u00e1nt \u00e9rdekl\u0151d\u0151k is. A sz\u00f3t\u00e1r fel\u00e9p\u00edt\u00e9se, m\u00e9rete lehet\u0151v\u00e9 teszi a gyors t\u00e1j\u00e9koz\u00f3d\u00e1st, egyszer\u0171 haszn\u00e1latot. Munkahelyi k\u00f6r\u00fclm\u00e9nyek k\u00f6z\u00f6tt, k\u00f6zvetlen\u00fcl g\u00e9pek, k\u00e9sz\u00fcl\u00e9kek, berendez\u00e9sek mellett is j\u00f3l haszn\u00e1lhat\u00f3. Fel\u00f6leli a m\u0171szaki alapsz\u00f3k\u00e9szletet, t\u00f6bb mint 4500 sz\u00f3p\u00e1rt tartalmaz \u00e1b\u00e9c\u00e9rendben mind a magyar-n\u00e9met, mind a n\u00e9met-magyar r\u00e9szben, a leg\u00fajabb n\u00e9met helyes\u00edr\u00e1snak megfelel\u0151en.<\/p>","protected":false},"excerpt":{"rendered":"<p>Sz\u00f3t\u00e1runk hat\u00e9kony seg\u00e9deszk\u00f6z a n\u00e9met m\u0171szaki szaksz\u00f6vegek meg\u00e9rt\u00e9s\u00e9hez \u00e9s ford\u00edt\u00e1s\u00e1hoz. Megtal\u00e1lhat\u00f3k benne a modern sz\u00e1m\u00edt\u00e1stechnikai szakszavak mellett a klasszikus m\u0171szaki tudom\u00e1nyok-elektrotechnika, h\u00edrad\u00e1stechnika, g\u00e9p\u00e9szet, koh\u00e1szat, \u00f6nt\u00e9szet, b\u00e1ny\u00e1szat \u00e9s \u00e9p\u00edt\u00e9szet - legfontosabb terminusai. Haszonnal forgathatj\u00e1k a n\u00e9met nyelvtud\u00e1ssal rendelkez\u0151, m\u0171szaki szaknyelv ir\u00e1nt \u00e9rdekl\u0151d\u0151k is. A sz\u00f3t\u00e1r fel\u00e9p\u00edt\u00e9se, m\u00e9rete lehet\u0151v\u00e9 teszi a gyors t\u00e1j\u00e9koz\u00f3d\u00e1st, egyszer\u0171 haszn\u00e1latot. Munkahelyi k\u00f6r\u00fclm\u00e9nyek [&hellip;]<\/p>","protected":false},"featured_media":329,"template":"","meta":[],"product_cat":[16],"product_tag":[],"acf":[],"_links":{"self":[{"href":"https:\/\/buecherland-kaspar.de\/de\/wp-json\/wp\/v2\/product\/274"}],"collection":[{"href":"https:\/\/buecherland-kaspar.de\/de\/wp-json\/wp\/v2\/product"}],"about":[{"href":"https:\/\/buecherland-kaspar.de\/de\/wp-json\/wp\/v2\/types\/product"}],"wp:featuredmedia":[{"embeddable":true,"href":"https:\/\/buecherland-kaspar.de\/de\/wp-json\/wp\/v2\/media\/329"}],"wp:attachment":[{"href":"https:\/\/buecherland-kaspar.de\/de\/wp-json\/wp\/v2\/media?parent=274"}],"wp:term":[{"taxonomy":"product_cat","embeddable":true,"href":"https:\/\/buecherland-kaspar.de\/de\/wp-json\/wp\/v2\/product_cat?post=274"},{"taxonomy":"product_tag","embeddable":true,"href":"https:\/\/buecherland-kaspar.de\/de\/wp-json\/wp\/v2\/product_tag?post=274"}],"curies":[{"name":"wp","href":"https:\/\/api.w.org\/{rel}","templated":true}]}}