{"id":275,"date":"2020-04-17T19:32:45","date_gmt":"2020-04-17T17:32:45","guid":{"rendered":"http:\/\/buecherland-kaspar.de\/?post_type=product&#038;p=275"},"modified":"2020-04-20T20:01:46","modified_gmt":"2020-04-20T18:01:46","slug":"villanyszereloi-kisszotar","status":"publish","type":"product","link":"https:\/\/buecherland-kaspar.de\/de\/product\/villanyszereloi-kisszotar\/","title":{"rendered":"Villanyszerel\u0151i kissz\u00f3t\u00e1r"},"content":{"rendered":"<p>Sz\u00fcks\u00e9ges, hi\u00e1nyp\u00f3tl\u00f3 tananyag a kezd\u0151 (nyelvi) l\u00e9p\u00e9seket tev\u0151 k\u00fclhoni k\u00f6rnyezetben dolgoz\u00f3 (egy\u00e9bk\u00e9nt profi szerel\u0151) honfit\u00e1rsaink r\u00e9sz\u00e9re.<\/p>","protected":false},"excerpt":{"rendered":"<p>Sz\u00fcks\u00e9ges, hi\u00e1nyp\u00f3tl\u00f3 tananyag a kezd\u0151 (nyelvi) l\u00e9p\u00e9seket tev\u0151 k\u00fclhoni k\u00f6rnyezetben dolgoz\u00f3 (egy\u00e9bk\u00e9nt profi szerel\u0151) honfit\u00e1rsaink r\u00e9sz\u00e9re.<\/p>","protected":false},"featured_media":321,"template":"","meta":[],"product_cat":[16],"product_tag":[],"acf":[],"_links":{"self":[{"href":"https:\/\/buecherland-kaspar.de\/de\/wp-json\/wp\/v2\/product\/275"}],"collection":[{"href":"https:\/\/buecherland-kaspar.de\/de\/wp-json\/wp\/v2\/product"}],"about":[{"href":"https:\/\/buecherland-kaspar.de\/de\/wp-json\/wp\/v2\/types\/product"}],"wp:featuredmedia":[{"embeddable":true,"href":"https:\/\/buecherland-kaspar.de\/de\/wp-json\/wp\/v2\/media\/321"}],"wp:attachment":[{"href":"https:\/\/buecherland-kaspar.de\/de\/wp-json\/wp\/v2\/media?parent=275"}],"wp:term":[{"taxonomy":"product_cat","embeddable":true,"href":"https:\/\/buecherland-kaspar.de\/de\/wp-json\/wp\/v2\/product_cat?post=275"},{"taxonomy":"product_tag","embeddable":true,"href":"https:\/\/buecherland-kaspar.de\/de\/wp-json\/wp\/v2\/product_tag?post=275"}],"curies":[{"name":"wp","href":"https:\/\/api.w.org\/{rel}","templated":true}]}}