{"id":276,"date":"2020-04-17T19:33:02","date_gmt":"2020-04-17T17:33:02","guid":{"rendered":"http:\/\/buecherland-kaspar.de\/?post_type=product&#038;p=276"},"modified":"2020-04-20T19:58:54","modified_gmt":"2020-04-20T17:58:54","slug":"epitoipari-kepes-szotar","status":"publish","type":"product","link":"https:\/\/buecherland-kaspar.de\/de\/product\/epitoipari-kepes-szotar\/","title":{"rendered":"\u00c9p\u00edt\u0151ipari k\u00e9pes sz\u00f3t\u00e1r"},"content":{"rendered":"<p>A sz\u00f3t\u00e1rban r\u00e9szletes rajzok illusztr\u00e1lj\u00e1k az \u00e9p\u00edt\u00e9s valamennyi ter\u00fclet\u00e9nek \u00e1ltal\u00e1nos fogalmait \u00e9s szakkifejez\u00e9seit. Angol, n\u00e9met \u00e9s magyar nyelv\u0171 magyar\u00e1zat tartozik minden \u00e1br\u00e1hoz. A k\u00f6nyv a k\u00f6vetkez\u0151 szakter\u00fcletekkel foglalkozik: \u00e9p\u00edt\u00e9szet, \u00e9p\u00edt\u0151m\u00e9rn\u00f6ki ismeretek, \u00e9p\u00edt\u00e9studom\u00e1ny, \u00e9p\u00edt\u00e9shely \u00e9s \u00e9p\u00edt\u0151g\u00e9pek, az al\u00e9p\u00edtm\u00e9ny \u00e9s fel\u00e9p\u00edtm\u00e9ny szerkezetei, betonmunk\u00e1k, vasal\u00e1s, zsaluz\u00e1s, k\u0151m\u0171vesmunk\u00e1k, ac\u00e9l- \u00e9s f\u00e9mmunk\u00e1k, famunk\u00e1k, tet\u0151k, \u00e9p\u00fcletg\u00e9p\u00e9szet \u00e9s befejez\u0151 munk\u00e1k. A k\u00f6nyv haszn\u00e1lat\u00e1t bet\u0171rendes t\u00e1rgymutat\u00f3 seg\u00edti, amelyben kb. 1650 \u00e9p\u00edt\u00e9szeti szakkifejez\u00e9s tal\u00e1lhat\u00f3.<\/p>","protected":false},"excerpt":{"rendered":"<p>A sz\u00f3t\u00e1rban r\u00e9szletes rajzok illusztr\u00e1lj\u00e1k az \u00e9p\u00edt\u00e9s valamennyi ter\u00fclet\u00e9nek \u00e1ltal\u00e1nos fogalmait \u00e9s szakkifejez\u00e9seit. Angol, n\u00e9met \u00e9s magyar nyelv\u0171 magyar\u00e1zat tartozik minden \u00e1br\u00e1hoz. A k\u00f6nyv a k\u00f6vetkez\u0151 szakter\u00fcletekkel foglalkozik: \u00e9p\u00edt\u00e9szet, \u00e9p\u00edt\u0151m\u00e9rn\u00f6ki ismeretek, \u00e9p\u00edt\u00e9studom\u00e1ny, \u00e9p\u00edt\u00e9shely \u00e9s \u00e9p\u00edt\u0151g\u00e9pek, az al\u00e9p\u00edtm\u00e9ny \u00e9s fel\u00e9p\u00edtm\u00e9ny szerkezetei, betonmunk\u00e1k, vasal\u00e1s, zsaluz\u00e1s, k\u0151m\u0171vesmunk\u00e1k, ac\u00e9l- \u00e9s f\u00e9mmunk\u00e1k, famunk\u00e1k, tet\u0151k, \u00e9p\u00fcletg\u00e9p\u00e9szet \u00e9s befejez\u0151 munk\u00e1k. A k\u00f6nyv [&hellip;]<\/p>","protected":false},"featured_media":316,"template":"","meta":[],"product_cat":[16],"product_tag":[],"acf":[],"_links":{"self":[{"href":"https:\/\/buecherland-kaspar.de\/de\/wp-json\/wp\/v2\/product\/276"}],"collection":[{"href":"https:\/\/buecherland-kaspar.de\/de\/wp-json\/wp\/v2\/product"}],"about":[{"href":"https:\/\/buecherland-kaspar.de\/de\/wp-json\/wp\/v2\/types\/product"}],"wp:featuredmedia":[{"embeddable":true,"href":"https:\/\/buecherland-kaspar.de\/de\/wp-json\/wp\/v2\/media\/316"}],"wp:attachment":[{"href":"https:\/\/buecherland-kaspar.de\/de\/wp-json\/wp\/v2\/media?parent=276"}],"wp:term":[{"taxonomy":"product_cat","embeddable":true,"href":"https:\/\/buecherland-kaspar.de\/de\/wp-json\/wp\/v2\/product_cat?post=276"},{"taxonomy":"product_tag","embeddable":true,"href":"https:\/\/buecherland-kaspar.de\/de\/wp-json\/wp\/v2\/product_tag?post=276"}],"curies":[{"name":"wp","href":"https:\/\/api.w.org\/{rel}","templated":true}]}}