{"id":277,"date":"2020-04-17T19:33:20","date_gmt":"2020-04-17T17:33:20","guid":{"rendered":"http:\/\/buecherland-kaspar.de\/?post_type=product&#038;p=277"},"modified":"2020-04-20T20:05:13","modified_gmt":"2020-04-20T18:05:13","slug":"hosszu-hetvegek-europaban","status":"publish","type":"product","link":"https:\/\/buecherland-kaspar.de\/de\/product\/hosszu-hetvegek-europaban\/","title":{"rendered":"Hossz\u00fa h\u00e9tv\u00e9g\u00e9k Eur\u00f3p\u00e1ban"},"content":{"rendered":"<p>Megb\u00edzhat\u00f3 \u00fatit\u00e1rs Londont\u00f3l Szentp\u00e9terv\u00e1rig: 40 eur\u00f3pai v\u00e1ros, 40 var\u00e1zslatos hossz\u00fa h\u00e9tv\u00e9ge egyetlen k\u00f6nyvben.<\/p>\n<p>Melyek Eur\u00f3pa legizgalmasabb l\u00e1tnival\u00f3i, legmen\u0151bb \u00e9ttermei, legst\u00edlusosabb sz\u00e1llod\u00e1i, leghangulatosabb k\u00e1v\u00e9z\u00f3i \u00e9s legtrendibb sz\u00f3rakoz\u00f3helyei? Vagyis hol \u00e9rdemes elt\u00f6lteni egy hossz\u00fa h\u00e9tv\u00e9g\u00e9t, ha felfriss\u00fcl\u00e9sre, kikapcsol\u00f3d\u00e1sra, romantik\u00e1ra v\u00e1gyunk?<\/p>\n<p>A Hossz\u00fa h\u00e9tv\u00e9g\u00e9k Eur\u00f3p\u00e1ban \u00e9ppen ezekre a k\u00e9rd\u00e9sekre ny\u00fajt naprak\u00e9sz v\u00e1laszt azoknak az utaz\u00f3knak, akik sz\u00edvesen haszn\u00e1ln\u00e1k ki a (hossz\u00fa) h\u00e9tv\u00e9g\u00e9ket arra, hogy egy-egy \u00faj v\u00e1ros felfedez\u00e9s\u00e9vel kiszakadjanak a h\u00e9tk\u00f6znapok egyhang\u00fas\u00e1g\u00e1b\u00f3l, \u00e1m az utaz\u00e1s hosszas el\u0151k\u00e9sz\u00edt\u00e9s\u00e9re, a sz\u00e1ll\u00e1s \u00e9s a l\u00e1tnival\u00f3k kiv\u00e1logat\u00e1s\u00e1ra m\u00e1r sem idej\u00fck, sem energi\u00e1juk nem jut. Az \u00fatik\u00f6nyv egyed\u00fcl\u00e1ll\u00f3, val\u00f3s benyom\u00e1sokon alapul\u00f3 v\u00e1logat\u00e1st ny\u00fajt a k\u00fcl\u00f6nb\u00f6z\u0151 programlehet\u0151s\u00e9gekb\u0151l, az \u00f3kori Akropoliszt\u00f3l a legmodernebb m\u0171v\u00e9szi alkot\u00e1sokat felvonultat\u00f3 bilba\u00f3i Guggenheim M\u00fazeumig \u00e9s az olasz trattori\u00e1k vil\u00e1g\u00e1t\u00f3l az isztambuli baz\u00e1rokon kereszt\u00fcl a Soho zen\u00e9s klubjaiig.<\/p>","protected":false},"excerpt":{"rendered":"<p>Megb\u00edzhat\u00f3 \u00fatit\u00e1rs Londont\u00f3l Szentp\u00e9terv\u00e1rig: 40 eur\u00f3pai v\u00e1ros, 40 var\u00e1zslatos hossz\u00fa h\u00e9tv\u00e9ge egyetlen k\u00f6nyvben. Melyek Eur\u00f3pa legizgalmasabb l\u00e1tnival\u00f3i, legmen\u0151bb \u00e9ttermei, legst\u00edlusosabb sz\u00e1llod\u00e1i, leghangulatosabb k\u00e1v\u00e9z\u00f3i \u00e9s legtrendibb sz\u00f3rakoz\u00f3helyei? Vagyis hol \u00e9rdemes elt\u00f6lteni egy hossz\u00fa h\u00e9tv\u00e9g\u00e9t, ha felfriss\u00fcl\u00e9sre, kikapcsol\u00f3d\u00e1sra, romantik\u00e1ra v\u00e1gyunk? A Hossz\u00fa h\u00e9tv\u00e9g\u00e9k Eur\u00f3p\u00e1ban \u00e9ppen ezekre a k\u00e9rd\u00e9sekre ny\u00fajt naprak\u00e9sz v\u00e1laszt azoknak az utaz\u00f3knak, akik sz\u00edvesen haszn\u00e1ln\u00e1k [&hellip;]<\/p>","protected":false},"featured_media":326,"template":"","meta":[],"product_cat":[16],"product_tag":[],"acf":[],"_links":{"self":[{"href":"https:\/\/buecherland-kaspar.de\/de\/wp-json\/wp\/v2\/product\/277"}],"collection":[{"href":"https:\/\/buecherland-kaspar.de\/de\/wp-json\/wp\/v2\/product"}],"about":[{"href":"https:\/\/buecherland-kaspar.de\/de\/wp-json\/wp\/v2\/types\/product"}],"wp:featuredmedia":[{"embeddable":true,"href":"https:\/\/buecherland-kaspar.de\/de\/wp-json\/wp\/v2\/media\/326"}],"wp:attachment":[{"href":"https:\/\/buecherland-kaspar.de\/de\/wp-json\/wp\/v2\/media?parent=277"}],"wp:term":[{"taxonomy":"product_cat","embeddable":true,"href":"https:\/\/buecherland-kaspar.de\/de\/wp-json\/wp\/v2\/product_cat?post=277"},{"taxonomy":"product_tag","embeddable":true,"href":"https:\/\/buecherland-kaspar.de\/de\/wp-json\/wp\/v2\/product_tag?post=277"}],"curies":[{"name":"wp","href":"https:\/\/api.w.org\/{rel}","templated":true}]}}