{"id":278,"date":"2020-04-17T19:33:54","date_gmt":"2020-04-17T17:33:54","guid":{"rendered":"http:\/\/buecherland-kaspar.de\/?post_type=product&#038;p=278"},"modified":"2020-04-20T20:29:25","modified_gmt":"2020-04-20T18:29:25","slug":"a-ket-lotti","status":"publish","type":"product","link":"https:\/\/buecherland-kaspar.de\/de\/product\/a-ket-lotti\/","title":{"rendered":"A k\u00e9t Lotti"},"content":{"rendered":"<p>A gyermekreg\u00e9ny c\u00edmszerepl\u0151je k\u00e9t kisl\u00e1ny, akik a megt\u00e9veszt\u00e9sig hasonl\u00edtanak egym\u00e1sra. Ez a t\u00e9ny nem kis zavart okoz a t\u00f6rt\u00e9netbeli B\u00fchl-tavi \u00fcd\u00fcl\u0151 tan\u00e1rai \u00e9s di\u00e1kjai \u00e9s a nyaral\u00f3 gyerekek k\u00f6r\u00e9ben, ahova a k\u00e9t \u00faj vend\u00e9g meg\u00e9rkezik. A felt\u0171n\u0151 hasonl\u00f3s\u00e1g titka az, hogy Luise \u00e9s Lotte ikertestv\u00e9rek. De ezt hogyan is gyan\u00edtan\u00e1 a szigor\u00fa Ulrike kisasszony \u00e9s a t\u00f6bbi gyerek, ha a k\u00e9t b\u00e1jos kisl\u00e1ny sem tud r\u00f3la. A sz\u00fcleik elv\u00e1ltak \u00e9s a gyermekeiken megosztoztak. Term\u00e9szetesen a felt\u0171n\u0151 hasonl\u00f3s\u00e1g titk\u00e1t nem csup\u00e1n a t\u00e1bor lak\u00f3i nyomozz\u00e1k. Az ikerp\u00e1r elhat\u00e1rozza, hogy \u00f6sszeb\u00e9k\u00edtik sz\u00fcleiket, erre a c\u00e9lra legalkalmasabbnak a szerepcsere \u00edg\u00e9rkezik. Ilyen megfontol\u00e1sok ut\u00e1n Lotte \u00e9rkezik meg B\u00e9csbe a karmester pap\u00e1hoz, Luise pedig M\u00fcnchenbe, \u00e9desanyj\u00e1hoz... A k\u00f6nnyes-vid\u00e1m t\u00f6rt\u00e9net \u00e9vtizedek \u00f3ta a gyermekirodalom sikerk\u00f6nyvei k\u00f6z\u00f6tt szerepel. K\u00e4stner romantikus mes\u00e9j\u00e9ben kaland \u00e9s l\u00edra \u00f6tv\u00f6z\u0151dik; a 8-10 \u00e9ves gyermekolvas\u00f3knak - els\u0151sorban kisl\u00e1nyoknak - ig\u00e9nyes id\u0151t\u00f6lt\u00e9st k\u00edn\u00e1lva.<\/p>","protected":false},"excerpt":{"rendered":"<p>A gyermekreg\u00e9ny c\u00edmszerepl\u0151je k\u00e9t kisl\u00e1ny, akik a megt\u00e9veszt\u00e9sig hasonl\u00edtanak egym\u00e1sra. Ez a t\u00e9ny nem kis zavart okoz a t\u00f6rt\u00e9netbeli B\u00fchl-tavi \u00fcd\u00fcl\u0151 tan\u00e1rai \u00e9s di\u00e1kjai \u00e9s a nyaral\u00f3 gyerekek k\u00f6r\u00e9ben, ahova a k\u00e9t \u00faj vend\u00e9g meg\u00e9rkezik. A felt\u0171n\u0151 hasonl\u00f3s\u00e1g titka az, hogy Luise \u00e9s Lotte ikertestv\u00e9rek. De ezt hogyan is gyan\u00edtan\u00e1 a szigor\u00fa Ulrike kisasszony \u00e9s [&hellip;]<\/p>","protected":false},"featured_media":364,"template":"","meta":[],"product_cat":[16],"product_tag":[],"acf":[],"_links":{"self":[{"href":"https:\/\/buecherland-kaspar.de\/de\/wp-json\/wp\/v2\/product\/278"}],"collection":[{"href":"https:\/\/buecherland-kaspar.de\/de\/wp-json\/wp\/v2\/product"}],"about":[{"href":"https:\/\/buecherland-kaspar.de\/de\/wp-json\/wp\/v2\/types\/product"}],"wp:featuredmedia":[{"embeddable":true,"href":"https:\/\/buecherland-kaspar.de\/de\/wp-json\/wp\/v2\/media\/364"}],"wp:attachment":[{"href":"https:\/\/buecherland-kaspar.de\/de\/wp-json\/wp\/v2\/media?parent=278"}],"wp:term":[{"taxonomy":"product_cat","embeddable":true,"href":"https:\/\/buecherland-kaspar.de\/de\/wp-json\/wp\/v2\/product_cat?post=278"},{"taxonomy":"product_tag","embeddable":true,"href":"https:\/\/buecherland-kaspar.de\/de\/wp-json\/wp\/v2\/product_tag?post=278"}],"curies":[{"name":"wp","href":"https:\/\/api.w.org\/{rel}","templated":true}]}}