{"id":279,"date":"2020-04-17T19:34:31","date_gmt":"2020-04-17T17:34:31","guid":{"rendered":"http:\/\/buecherland-kaspar.de\/?post_type=product&#038;p=279"},"modified":"2020-04-20T20:16:17","modified_gmt":"2020-04-20T18:16:17","slug":"vuk","status":"publish","type":"product","link":"https:\/\/buecherland-kaspar.de\/de\/product\/vuk\/","title":{"rendered":"Vuk"},"content":{"rendered":"<p>A r\u00f3kalyuk folyos\u00f3ja t\u00e1gabb lett, \u00e9s a pitvaron t\u00fal, mint egy tekn\u0151, \u00f6bl\u00f6s\u00f6d\u00f6tt a kamra, ahol halkan szuszogott a r\u00f3kak\u00f6ly\u00f6k. A sz\u0151r\u00f6s gomolyag mozogni kezdett, orra kutatva emelkedett a leveg\u0151be...<br \/>\n\"\"Vuk lesz a neve, mint \u00f6regapj\u00e1nak, ki els\u0151 volt a nemzets\u00e9gben. Vuk, ami annyit jelent, hogy minden r\u00f3k\u00e1nak f\u00e9lre kell \u00e1llni az \u00fatb\u00f3l, ha vad\u00e1szatra indul.\"\" Az \u00edr\u00f3 igen n\u00e9pszer\u0171 \u00e1llatmes\u00e9je a kisr\u00f3ka feln\u0151tt\u00e9 v\u00e1l\u00e1s\u00e1r\u00f3l sz\u00f3l; a r\u00f6g\u00f6s utat bej\u00e1rva Vuk a Simab\u0151r\u0171 Ember m\u00e9lt\u00f3 ellenfele lesz. A t\u00f6rt\u00e9netet, amelyet rajzfilmk\u00e9nt szinte mindenki ismer, ez\u00fattal az \u00edr\u00f3i \u00e9letm\u0171vet megjelentet\u0151 sorozat k\u00f6tetek\u00e9nt adjuk k\u00f6zre.<\/p>","protected":false},"excerpt":{"rendered":"<p>A r\u00f3kalyuk folyos\u00f3ja t\u00e1gabb lett, \u00e9s a pitvaron t\u00fal, mint egy tekn\u0151, \u00f6bl\u00f6s\u00f6d\u00f6tt a kamra, ahol halkan szuszogott a r\u00f3kak\u00f6ly\u00f6k. A sz\u0151r\u00f6s gomolyag mozogni kezdett, orra kutatva emelkedett a leveg\u0151be... \"\"Vuk lesz a neve, mint \u00f6regapj\u00e1nak, ki els\u0151 volt a nemzets\u00e9gben. Vuk, ami annyit jelent, hogy minden r\u00f3k\u00e1nak f\u00e9lre kell \u00e1llni az \u00fatb\u00f3l, ha vad\u00e1szatra [&hellip;]<\/p>","protected":false},"featured_media":346,"template":"","meta":[],"product_cat":[16],"product_tag":[],"acf":[],"_links":{"self":[{"href":"https:\/\/buecherland-kaspar.de\/de\/wp-json\/wp\/v2\/product\/279"}],"collection":[{"href":"https:\/\/buecherland-kaspar.de\/de\/wp-json\/wp\/v2\/product"}],"about":[{"href":"https:\/\/buecherland-kaspar.de\/de\/wp-json\/wp\/v2\/types\/product"}],"wp:featuredmedia":[{"embeddable":true,"href":"https:\/\/buecherland-kaspar.de\/de\/wp-json\/wp\/v2\/media\/346"}],"wp:attachment":[{"href":"https:\/\/buecherland-kaspar.de\/de\/wp-json\/wp\/v2\/media?parent=279"}],"wp:term":[{"taxonomy":"product_cat","embeddable":true,"href":"https:\/\/buecherland-kaspar.de\/de\/wp-json\/wp\/v2\/product_cat?post=279"},{"taxonomy":"product_tag","embeddable":true,"href":"https:\/\/buecherland-kaspar.de\/de\/wp-json\/wp\/v2\/product_tag?post=279"}],"curies":[{"name":"wp","href":"https:\/\/api.w.org\/{rel}","templated":true}]}}