{"id":280,"date":"2020-04-17T19:34:48","date_gmt":"2020-04-17T17:34:48","guid":{"rendered":"http:\/\/buecherland-kaspar.de\/?post_type=product&#038;p=280"},"modified":"2020-04-20T20:08:07","modified_gmt":"2020-04-20T18:08:07","slug":"anne-frank-naploja","status":"publish","type":"product","link":"https:\/\/buecherland-kaspar.de\/de\/product\/anne-frank-naploja\/","title":{"rendered":"Anne Frank napl\u00f3ja"},"content":{"rendered":"<p>A Robben Island-i b\u00f6rt\u00f6nben n\u00e9h\u00e1nyan elolvastuk Anne Frank napl\u00f3j\u00e1t, \u00e9s rengeteg b\u00e1tors\u00e1got mer\u00edtett\u00fcnk bel\u0151le Nelson Mandela<br \/>\nAnne Frank 1942. j\u00fanius 12-e \u00e9s 1944. augusztus elseje k\u00f6z\u00f6tt vezetett napl\u00f3t. Az volt a terve, hogy k\u00e9s\u0151bb k\u00f6nyv\u00adet \u00edr a h\u00e1bor\u00far\u00f3l, \u00e9s h\u0171 k\u00e9pet fest benne a hollandiai n\u00e9met megsz\u00e1ll\u00e1s \u00e9veir\u0151l. Korai hal\u00e1la \u2013 nem sokkal tizenhatodik sz\u00fclet\u00e9snapja el\u0151tt vesztette \u00e9let\u00e9t \u2013 megakad\u00e1lyozta terve megval\u00f3s\u00edt\u00e1s\u00e1ban. Anne Frank napl\u00f3ja \u00f6r\u00f6k \u00e9rv\u00e9ny\u0171 olvasm\u00e1ny, egyar\u00e1nt sz\u00f3l az \u00f6v\u00e9ihez hasonl\u00f3 gondokkal k\u00fczd\u0151 fiatalokhoz, az id\u0151sebbekhez, akik szeretn\u00e9k jobban meg\u00e9rteni \u0151ket, \u00e9s sz\u00f3l mindazokhoz, akik tudni akarj\u00e1k, mi t\u00f6rt\u00e9nt a Prinsengracht 263. h\u00e1ts\u00f3 traktus\u00e1ban bujk\u00e1l\u00f3 csal\u00e1dokkal a hitleri megsz\u00e1ll\u00e1s alatt \u00e1ll\u00f3 Amszterdamban.<\/p>","protected":false},"excerpt":{"rendered":"<p>A Robben Island-i b\u00f6rt\u00f6nben n\u00e9h\u00e1nyan elolvastuk Anne Frank napl\u00f3j\u00e1t, \u00e9s rengeteg b\u00e1tors\u00e1got mer\u00edtett\u00fcnk bel\u0151le Nelson Mandela Anne Frank 1942. j\u00fanius 12-e \u00e9s 1944. augusztus elseje k\u00f6z\u00f6tt vezetett napl\u00f3t. Az volt a terve, hogy k\u00e9s\u0151bb k\u00f6nyv\u00adet \u00edr a h\u00e1bor\u00far\u00f3l, \u00e9s h\u0171 k\u00e9pet fest benne a hollandiai n\u00e9met megsz\u00e1ll\u00e1s \u00e9veir\u0151l. Korai hal\u00e1la \u2013 nem sokkal tizenhatodik sz\u00fclet\u00e9snapja [&hellip;]<\/p>","protected":false},"featured_media":330,"template":"","meta":[],"product_cat":[16],"product_tag":[],"acf":[],"_links":{"self":[{"href":"https:\/\/buecherland-kaspar.de\/de\/wp-json\/wp\/v2\/product\/280"}],"collection":[{"href":"https:\/\/buecherland-kaspar.de\/de\/wp-json\/wp\/v2\/product"}],"about":[{"href":"https:\/\/buecherland-kaspar.de\/de\/wp-json\/wp\/v2\/types\/product"}],"wp:featuredmedia":[{"embeddable":true,"href":"https:\/\/buecherland-kaspar.de\/de\/wp-json\/wp\/v2\/media\/330"}],"wp:attachment":[{"href":"https:\/\/buecherland-kaspar.de\/de\/wp-json\/wp\/v2\/media?parent=280"}],"wp:term":[{"taxonomy":"product_cat","embeddable":true,"href":"https:\/\/buecherland-kaspar.de\/de\/wp-json\/wp\/v2\/product_cat?post=280"},{"taxonomy":"product_tag","embeddable":true,"href":"https:\/\/buecherland-kaspar.de\/de\/wp-json\/wp\/v2\/product_tag?post=280"}],"curies":[{"name":"wp","href":"https:\/\/api.w.org\/{rel}","templated":true}]}}