{"id":281,"date":"2020-04-17T19:35:07","date_gmt":"2020-04-17T17:35:07","guid":{"rendered":"http:\/\/buecherland-kaspar.de\/?post_type=product&#038;p=281"},"modified":"2020-04-20T20:33:55","modified_gmt":"2020-04-20T18:33:55","slug":"egri-csillagok","status":"publish","type":"product","link":"https:\/\/buecherland-kaspar.de\/de\/product\/egri-csillagok\/","title":{"rendered":"Egri csillagok"},"content":{"rendered":"<p>1552. Magyarorsz\u00e1g h\u00e1rom r\u00e9szre szakadt. A f\u00e9lelmetes Oszm\u00e1n Birodalom az elm\u00falt \u00e9vtizedek sor\u00e1n minden ellen\u00e1ll\u00e1st legy\u0171rt, oda Buda, \u00e9s a legy\u0151zhetetlennek t\u0171n\u0151 t\u00f6r\u00f6k hadak \u00fajabb \u00e9s \u00fajabb er\u0151ss\u00e9geket foglalnak el. Csak Eger v\u00e1ra \u00e1ll ellen, ahol a kicsiny, de elsz\u00e1nt v\u00e9d\u0151sereg minden fort\u00e9lyt bevet, \u00e9s mindent fel\u00e1ldoz, hogy megakad\u00e1lyozza az orsz\u00e1g v\u00e9groml\u00e1s\u00e1t...<\/p>\n<p>G\u00e1rdonyi G\u00e9za eleven klasszikusa a magyar t\u00f6rt\u00e9nelem legv\u00e1ls\u00e1gosabb korszak\u00e1ba visz minket, \u00e9s a reg\u00e9ny felejthetetlen h\u0151seinek t\u00f6rt\u00e9netein kereszt\u00fcl megismerhetj\u00fck a moh\u00e1csi veres\u00e9get k\u00f6vet\u0151 \u00e9vtizedek v\u00e9res z\u0171rzavar\u00e1t, amikor az orsz\u00e1g puszta l\u00e9te is kock\u00e1n forgott. Az Egri csillagok t\u00f6bb mint egy \u00e9vsz\u00e1zada m\u00e9lt\u00e1n az egym\u00e1st k\u00f6vet\u0151 nemzed\u00e9kek egyik kedvenc olvasm\u00e1nya, \u00e9s \u00faj kiad\u00e1sunkban szemet gy\u00f6ny\u00f6rk\u00f6dtet\u0151 illusztr\u00e1ci\u00f3k eleven\u00edtik meg a 16. sz\u00e1zadi Magyarorsz\u00e1got \u00e9s az egri v\u00e9d\u0151k \u00e9let-hal\u00e1l harc\u00e1t.<\/p>","protected":false},"excerpt":{"rendered":"<p>1552. Magyarorsz\u00e1g h\u00e1rom r\u00e9szre szakadt. A f\u00e9lelmetes Oszm\u00e1n Birodalom az elm\u00falt \u00e9vtizedek sor\u00e1n minden ellen\u00e1ll\u00e1st legy\u0171rt, oda Buda, \u00e9s a legy\u0151zhetetlennek t\u0171n\u0151 t\u00f6r\u00f6k hadak \u00fajabb \u00e9s \u00fajabb er\u0151ss\u00e9geket foglalnak el. Csak Eger v\u00e1ra \u00e1ll ellen, ahol a kicsiny, de elsz\u00e1nt v\u00e9d\u0151sereg minden fort\u00e9lyt bevet, \u00e9s mindent fel\u00e1ldoz, hogy megakad\u00e1lyozza az orsz\u00e1g v\u00e9groml\u00e1s\u00e1t... G\u00e1rdonyi G\u00e9za eleven [&hellip;]<\/p>","protected":false},"featured_media":372,"template":"","meta":[],"product_cat":[16],"product_tag":[],"acf":[],"_links":{"self":[{"href":"https:\/\/buecherland-kaspar.de\/de\/wp-json\/wp\/v2\/product\/281"}],"collection":[{"href":"https:\/\/buecherland-kaspar.de\/de\/wp-json\/wp\/v2\/product"}],"about":[{"href":"https:\/\/buecherland-kaspar.de\/de\/wp-json\/wp\/v2\/types\/product"}],"wp:featuredmedia":[{"embeddable":true,"href":"https:\/\/buecherland-kaspar.de\/de\/wp-json\/wp\/v2\/media\/372"}],"wp:attachment":[{"href":"https:\/\/buecherland-kaspar.de\/de\/wp-json\/wp\/v2\/media?parent=281"}],"wp:term":[{"taxonomy":"product_cat","embeddable":true,"href":"https:\/\/buecherland-kaspar.de\/de\/wp-json\/wp\/v2\/product_cat?post=281"},{"taxonomy":"product_tag","embeddable":true,"href":"https:\/\/buecherland-kaspar.de\/de\/wp-json\/wp\/v2\/product_tag?post=281"}],"curies":[{"name":"wp","href":"https:\/\/api.w.org\/{rel}","templated":true}]}}