{"id":282,"date":"2020-04-17T19:35:20","date_gmt":"2020-04-17T17:35:20","guid":{"rendered":"http:\/\/buecherland-kaspar.de\/?post_type=product&#038;p=282"},"modified":"2020-04-20T20:26:23","modified_gmt":"2020-04-20T18:26:23","slug":"a-koszivu-ember-fiai","status":"publish","type":"product","link":"https:\/\/buecherland-kaspar.de\/de\/product\/a-koszivu-ember-fiai\/","title":{"rendered":"A k\u0151sz\u00edv\u0171 ember fiai"},"content":{"rendered":"<p>A Korcsm\u00e1ros P\u00e1l \u00e1ltal eredetileg 1959-ben rajzolt fekete-feh\u00e9r k\u00e9preg\u00e9ny digit\u00e1lisan fel\u00faj\u00edtott v\u00e1ltozata. A gy\u00f6ny\u00f6r\u0171en kidolgozott k\u00e9preg\u00e9nyoldalakon az 1848-as forradalom elevenedik meg el\u0151tt\u00fcnk a Baradlay csal\u00e1d \u00e9let\u00e9n kereszt\u00fcl. Nemcsak a nemzet haz\u00e1\u00e9rt val\u00f3 k\u00fczdelm\u00e9be tekinthet\u00fcnk bele, de egyes emberek lelk\u00e9nek legbels\u0151 harcaiba is.<\/p>","protected":false},"excerpt":{"rendered":"<p>A Korcsm\u00e1ros P\u00e1l \u00e1ltal eredetileg 1959-ben rajzolt fekete-feh\u00e9r k\u00e9preg\u00e9ny digit\u00e1lisan fel\u00faj\u00edtott v\u00e1ltozata. A gy\u00f6ny\u00f6r\u0171en kidolgozott k\u00e9preg\u00e9nyoldalakon az 1848-as forradalom elevenedik meg el\u0151tt\u00fcnk a Baradlay csal\u00e1d \u00e9let\u00e9n kereszt\u00fcl. Nemcsak a nemzet haz\u00e1\u00e9rt val\u00f3 k\u00fczdelm\u00e9be tekinthet\u00fcnk bele, de egyes emberek lelk\u00e9nek legbels\u0151 harcaiba is.<\/p>","protected":false},"featured_media":362,"template":"","meta":[],"product_cat":[16],"product_tag":[],"acf":[],"_links":{"self":[{"href":"https:\/\/buecherland-kaspar.de\/de\/wp-json\/wp\/v2\/product\/282"}],"collection":[{"href":"https:\/\/buecherland-kaspar.de\/de\/wp-json\/wp\/v2\/product"}],"about":[{"href":"https:\/\/buecherland-kaspar.de\/de\/wp-json\/wp\/v2\/types\/product"}],"wp:featuredmedia":[{"embeddable":true,"href":"https:\/\/buecherland-kaspar.de\/de\/wp-json\/wp\/v2\/media\/362"}],"wp:attachment":[{"href":"https:\/\/buecherland-kaspar.de\/de\/wp-json\/wp\/v2\/media?parent=282"}],"wp:term":[{"taxonomy":"product_cat","embeddable":true,"href":"https:\/\/buecherland-kaspar.de\/de\/wp-json\/wp\/v2\/product_cat?post=282"},{"taxonomy":"product_tag","embeddable":true,"href":"https:\/\/buecherland-kaspar.de\/de\/wp-json\/wp\/v2\/product_tag?post=282"}],"curies":[{"name":"wp","href":"https:\/\/api.w.org\/{rel}","templated":true}]}}