{"id":283,"date":"2020-04-17T19:35:37","date_gmt":"2020-04-17T17:35:37","guid":{"rendered":"http:\/\/buecherland-kaspar.de\/?post_type=product&#038;p=283"},"modified":"2020-04-20T19:57:57","modified_gmt":"2020-04-20T17:57:57","slug":"a-kisherceg","status":"publish","type":"product","link":"https:\/\/buecherland-kaspar.de\/de\/product\/a-kisherceg\/","title":{"rendered":"A kisherceg"},"content":{"rendered":"<p>A gyermekeknek \u00e9s feln\u0151tteknek egyar\u00e1nt sz\u00f3l\u00f3 mese A KIS HERCEG a m\u00e1sodik vil\u00e1gh\u00e1bor\u00faban \u00e9let\u00e9t vesztett, ma m\u00e1r klasszikusnak sz\u00e1m\u00edt\u00f3 francia \u00edr\u00f3 remekm\u0171ve. T\u00f6rt\u00e9nete \u00fagy indul, mint minden Saint-Exup\u00e9ry-reg\u00e9ny, egy rep\u00fcl\u0151kalanddal, de ez\u00fattal a bonyodalom nem a val\u00f3s\u00e1gban, hanem a k\u00f6lt\u0151i k\u00e9pzelet vil\u00e1g\u00e1ban folytat\u00f3dik. Egy kisfi\u00fa jelenik meg a szerencs\u00e9tlen\u00fcl j\u00e1rt pil\u00f3ta mellett a Szahara mag\u00e1ny\u00e1ban, egy kisfi\u00fa egy m\u00e1sik bolyg\u00f3r\u00f3l. S vele egy\u00fctt felt\u00fcnd\u00f6k\u00f6l egy m\u00e1sik vil\u00e1g is, amelynek embers\u00e9ge, tisztas\u00e1ga, sz\u00e9ps\u00e9ge sajnos m\u00e1r csak a k\u00f6lt\u00e9szetben l\u00e9tezik. \u00c9s Saint-Exup\u00e9ry \u00fagy besz\u00e9li el kis hercege t\u00f6rt\u00e9net\u00e9t a maga icipici bolyg\u00f3j\u00e1n, hogy mindny\u00e1jan f\u00e1jdalmasan meg\u00e1h\u00edtjuk azt az igazabb bolyg\u00f3t, \u00e9s sz\u00edv\u00fcnkbe z\u00e1rjuk az embers\u00e9g\u00e9ben nagy kis herceget. A vil\u00e1gszerte ismert, megrend\u00edt\u0151en sz\u00e9p mes\u00e9t az \u00edr\u00f3 eredeti rajzai d\u00edsz\u00edtik.<\/p>","protected":false},"excerpt":{"rendered":"<p>A gyermekeknek \u00e9s feln\u0151tteknek egyar\u00e1nt sz\u00f3l\u00f3 mese A KIS HERCEG a m\u00e1sodik vil\u00e1gh\u00e1bor\u00faban \u00e9let\u00e9t vesztett, ma m\u00e1r klasszikusnak sz\u00e1m\u00edt\u00f3 francia \u00edr\u00f3 remekm\u0171ve. T\u00f6rt\u00e9nete \u00fagy indul, mint minden Saint-Exup\u00e9ry-reg\u00e9ny, egy rep\u00fcl\u0151kalanddal, de ez\u00fattal a bonyodalom nem a val\u00f3s\u00e1gban, hanem a k\u00f6lt\u0151i k\u00e9pzelet vil\u00e1g\u00e1ban folytat\u00f3dik. Egy kisfi\u00fa jelenik meg a szerencs\u00e9tlen\u00fcl j\u00e1rt pil\u00f3ta mellett a Szahara mag\u00e1ny\u00e1ban, [&hellip;]<\/p>","protected":false},"featured_media":314,"template":"","meta":[],"product_cat":[16],"product_tag":[],"acf":[],"_links":{"self":[{"href":"https:\/\/buecherland-kaspar.de\/de\/wp-json\/wp\/v2\/product\/283"}],"collection":[{"href":"https:\/\/buecherland-kaspar.de\/de\/wp-json\/wp\/v2\/product"}],"about":[{"href":"https:\/\/buecherland-kaspar.de\/de\/wp-json\/wp\/v2\/types\/product"}],"wp:featuredmedia":[{"embeddable":true,"href":"https:\/\/buecherland-kaspar.de\/de\/wp-json\/wp\/v2\/media\/314"}],"wp:attachment":[{"href":"https:\/\/buecherland-kaspar.de\/de\/wp-json\/wp\/v2\/media?parent=283"}],"wp:term":[{"taxonomy":"product_cat","embeddable":true,"href":"https:\/\/buecherland-kaspar.de\/de\/wp-json\/wp\/v2\/product_cat?post=283"},{"taxonomy":"product_tag","embeddable":true,"href":"https:\/\/buecherland-kaspar.de\/de\/wp-json\/wp\/v2\/product_tag?post=283"}],"curies":[{"name":"wp","href":"https:\/\/api.w.org\/{rel}","templated":true}]}}