{"id":284,"date":"2020-04-17T19:36:03","date_gmt":"2020-04-17T17:36:03","guid":{"rendered":"http:\/\/buecherland-kaspar.de\/?post_type=product&#038;p=284"},"modified":"2020-04-20T20:03:58","modified_gmt":"2020-04-20T18:03:58","slug":"kincskereso-kiskodmon","status":"publish","type":"product","link":"https:\/\/buecherland-kaspar.de\/de\/product\/kincskereso-kiskodmon\/","title":{"rendered":"Kincskeres\u0151 kisk\u00f6dm\u00f6n"},"content":{"rendered":"<p>M\u00f3ra Ferenc tal\u00e1n legismertebb, \u00f6n\u00e9letrajzi ihlet\u00e9s\u0171 ifj\u00fas\u00e1gi m\u0171ve. A kis Gerg\u0151t \u00e9desapja, a szeg\u00e9ny sz\u0171cs v\u00e9gtelen szeretettel \u00e9s b\u00f6lcsess\u00e9ggel neveli. Saj\u00e1t b\u0151r\u00e9n, tapasztalatok \u00e1r\u00e1n gyarapodik a kisfi\u00fa vil\u00e1gr\u00f3l val\u00f3 ismerete, s ez m\u00e9lyebb nyomokat hagy benne, mintha csak a sz\u00fcl\u0151i intelmeket hallgatn\u00e1. Az \u00e1h\u00edtott kisk\u00f6dm\u00f6n lassan, de sok-sok szeretettel k\u00e9sz\u00fcl. Nem is meglep\u0151, hiszen csodak\u00f6dm\u00f6nt varr a sz\u0171csmester, melyben t\u00fcnd\u00e9r fog lakni. M\u00e1rton sz\u0171cs sok mindent mes\u00e9l fi\u00e1nak, mik\u00f6zben a kisk\u00f6dm\u00f6nbe beleh\u00edmzi sz\u00edve minden szeretet\u00e9t. \u00cdgy lesz bel\u0151le csodak\u00f6dm\u00f6n, ami azonban csak akkor k\u00e9nyelmes, ha visel\u0151je mindig igazat mond, ember\u00fcl viselkedik.<\/p>","protected":false},"excerpt":{"rendered":"<p>M\u00f3ra Ferenc tal\u00e1n legismertebb, \u00f6n\u00e9letrajzi ihlet\u00e9s\u0171 ifj\u00fas\u00e1gi m\u0171ve. A kis Gerg\u0151t \u00e9desapja, a szeg\u00e9ny sz\u0171cs v\u00e9gtelen szeretettel \u00e9s b\u00f6lcsess\u00e9ggel neveli. Saj\u00e1t b\u0151r\u00e9n, tapasztalatok \u00e1r\u00e1n gyarapodik a kisfi\u00fa vil\u00e1gr\u00f3l val\u00f3 ismerete, s ez m\u00e9lyebb nyomokat hagy benne, mintha csak a sz\u00fcl\u0151i intelmeket hallgatn\u00e1. Az \u00e1h\u00edtott kisk\u00f6dm\u00f6n lassan, de sok-sok szeretettel k\u00e9sz\u00fcl. Nem is meglep\u0151, hiszen csodak\u00f6dm\u00f6nt [&hellip;]<\/p>","protected":false},"featured_media":324,"template":"","meta":[],"product_cat":[16],"product_tag":[],"acf":[],"_links":{"self":[{"href":"https:\/\/buecherland-kaspar.de\/de\/wp-json\/wp\/v2\/product\/284"}],"collection":[{"href":"https:\/\/buecherland-kaspar.de\/de\/wp-json\/wp\/v2\/product"}],"about":[{"href":"https:\/\/buecherland-kaspar.de\/de\/wp-json\/wp\/v2\/types\/product"}],"wp:featuredmedia":[{"embeddable":true,"href":"https:\/\/buecherland-kaspar.de\/de\/wp-json\/wp\/v2\/media\/324"}],"wp:attachment":[{"href":"https:\/\/buecherland-kaspar.de\/de\/wp-json\/wp\/v2\/media?parent=284"}],"wp:term":[{"taxonomy":"product_cat","embeddable":true,"href":"https:\/\/buecherland-kaspar.de\/de\/wp-json\/wp\/v2\/product_cat?post=284"},{"taxonomy":"product_tag","embeddable":true,"href":"https:\/\/buecherland-kaspar.de\/de\/wp-json\/wp\/v2\/product_tag?post=284"}],"curies":[{"name":"wp","href":"https:\/\/api.w.org\/{rel}","templated":true}]}}