{"id":285,"date":"2020-04-17T19:36:22","date_gmt":"2020-04-17T17:36:22","guid":{"rendered":"http:\/\/buecherland-kaspar.de\/?post_type=product&#038;p=285"},"modified":"2020-04-20T20:00:47","modified_gmt":"2020-04-20T18:00:47","slug":"bambi","status":"publish","type":"product","link":"https:\/\/buecherland-kaspar.de\/de\/product\/bambi\/","title":{"rendered":"Bambi"},"content":{"rendered":"<p>Nem mindenki tudja, hogy Bambi t\u00f6rt\u00e9net\u00e9t nem Walt Disney tal\u00e1lta ki, hanem egy magyar sz\u00e1rmaz\u00e1s\u00fa osztr\u00e1k \u00edr\u00f3: Felix Salten. 1923-ban \u00edrta meg k\u00f6nyv\u00e9t, melyben Bambi, az \u0151zgida az \u00f6r\u00f6mteli gyermekkor ut\u00e1n a k\u00f6rnyez\u0151 vil\u00e1g vesz\u00e9lyeivel ismerkedik, m\u00edg a tapasztalatok feln\u0151tt\u00e9 nem \u00e9rlelik.<\/p>\n<p>Az imm\u00e1r klasszikus gyermekreg\u00e9nyt Elke Lager dolgozta \u00e1t, hogy a kisebbek is megismerkedhessenek Bambi felejthetetlen kalandjaival.<\/p>","protected":false},"excerpt":{"rendered":"<p>Nem mindenki tudja, hogy Bambi t\u00f6rt\u00e9net\u00e9t nem Walt Disney tal\u00e1lta ki, hanem egy magyar sz\u00e1rmaz\u00e1s\u00fa osztr\u00e1k \u00edr\u00f3: Felix Salten. 1923-ban \u00edrta meg k\u00f6nyv\u00e9t, melyben Bambi, az \u0151zgida az \u00f6r\u00f6mteli gyermekkor ut\u00e1n a k\u00f6rnyez\u0151 vil\u00e1g vesz\u00e9lyeivel ismerkedik, m\u00edg a tapasztalatok feln\u0151tt\u00e9 nem \u00e9rlelik. Az imm\u00e1r klasszikus gyermekreg\u00e9nyt Elke Lager dolgozta \u00e1t, hogy a kisebbek is megismerkedhessenek [&hellip;]<\/p>","protected":false},"featured_media":319,"template":"","meta":[],"product_cat":[16],"product_tag":[],"acf":[],"_links":{"self":[{"href":"https:\/\/buecherland-kaspar.de\/de\/wp-json\/wp\/v2\/product\/285"}],"collection":[{"href":"https:\/\/buecherland-kaspar.de\/de\/wp-json\/wp\/v2\/product"}],"about":[{"href":"https:\/\/buecherland-kaspar.de\/de\/wp-json\/wp\/v2\/types\/product"}],"wp:featuredmedia":[{"embeddable":true,"href":"https:\/\/buecherland-kaspar.de\/de\/wp-json\/wp\/v2\/media\/319"}],"wp:attachment":[{"href":"https:\/\/buecherland-kaspar.de\/de\/wp-json\/wp\/v2\/media?parent=285"}],"wp:term":[{"taxonomy":"product_cat","embeddable":true,"href":"https:\/\/buecherland-kaspar.de\/de\/wp-json\/wp\/v2\/product_cat?post=285"},{"taxonomy":"product_tag","embeddable":true,"href":"https:\/\/buecherland-kaspar.de\/de\/wp-json\/wp\/v2\/product_tag?post=285"}],"curies":[{"name":"wp","href":"https:\/\/api.w.org\/{rel}","templated":true}]}}